

{"id":71537,"date":"2024-04-03T15:19:09","date_gmt":"2024-04-03T13:19:09","guid":{"rendered":"https:\/\/www.mundoprimaria.com\/tienda\/?post_type=product&#038;p=71537"},"modified":"2024-05-17T12:22:14","modified_gmt":"2024-05-17T10:22:14","slug":"tareas-ran-estimular-la-velocidad-de-denominacion-nivel-5","status":"publish","type":"product","link":"https:\/\/www.mundoprimaria.com\/tienda\/producto\/tareas-ran-estimular-la-velocidad-de-denominacion-nivel-5","title":{"rendered":"Tareas Ran. Estimular la velocidad de denominaci\u00f3n &#8211; Nivel 5"},"content":{"rendered":"<h3><strong>Qu\u00e9 se entrena y desarrolla<\/strong><\/h3>\n<ul>\n<li>La velocidad de denominaci\u00f3n.<\/li>\n<li>El acceso fonol\u00f3gico.<\/li>\n<li>La velocidad de procesamiento con input visual y output verbal.<\/li>\n<li>El vocabulario.<\/li>\n<li>La atenci\u00f3n y algunas funciones ejecutivas.<\/li>\n<\/ul>\n<h3><strong>Destinatarios<\/strong><\/h3>\n<ul>\n<li>Ni\u00f1os y ni\u00f1as de 3\u00ba y 4\u00ba de Educaci\u00f3n Primaria, de 8 a 10 a\u00f1os de edad.<\/li>\n<li>Chicos y chicas mayores que por sus dificultades de velocidad de denominaci\u00f3n precisen trabajar este nivel de dificultad.<\/li>\n<li>Chicos y chicas con dislexia, TDAH y otras dificultades.<\/li>\n<\/ul>\n<h3><strong>\u00bfQui\u00e9n puede utilizarlo?<\/strong><\/h3>\n<ul>\n<li>Maestros y maestras de Educaci\u00f3n Primaria con todos los alumnos de su aula desde un enfoque preventivo.<\/li>\n<li>Maestros y maestras de Pedagog\u00eda Terap\u00e9utica y Audici\u00f3n y Lenguaje, para sus sesiones de trabajo de rehabilitaci\u00f3n.<\/li>\n<li>Logopedas, pedagogos, psicopedagogos y otros profesionales del \u00e1mbito cl\u00ednico.<\/li>\n<li>Madres y padres que quieran estimular la velocidad de denominaci\u00f3n desde el hogar.<\/li>\n<\/ul>\n<h3><strong>Fichas y tipos de tareas<\/strong><\/h3>\n<ul>\n<li>El cuaderno contiene 60 fichas de dificultad creciente.<\/li>\n<li>Se trata de nombrar con suficiente fluidez los dibujos, colores, figuras, n\u00fameros o letras que aparecen.<\/li>\n<\/ul>\n","protected":false},"excerpt":{"rendered":"<p>Las investigaciones han demostrado que los ni\u00f1os y ni\u00f1as con <strong>dislexia<\/strong> o con dificultades de <strong>velocidad lectora<\/strong>, tienen a su vez problemas de velocidad de denominaci\u00f3n.<strong><br \/>\n<\/strong><\/p>\n<p>Tambi\u00e9n han demostrado que las<strong> tareas RAN<\/strong>, como las que aparecen en este cuaderno, ayudan a prevenir y superar estas dificultades.<\/p>\n<p>Este cuaderno sirve para desarrollar la <strong>velocidad de denominaci\u00f3n<\/strong>. Se ha dise\u00f1ado para ni\u00f1os y ni\u00f1as de <strong>3\u00ba y 4\u00aa de Primaria<\/strong> (8 o 9 a\u00f1os) para que puedan desarrollar la velocidad de denominaci\u00f3n y de esa manera, adquirir una <strong>velocidad y fluidez<\/strong> adecuada. Tambi\u00e9n sirve para rehabilitar a chicos y chicas mayores con <strong>dislexia<\/strong> o con dificultades en estos aspectos.<\/p>\n","protected":false},"featured_media":71550,"comment_status":"closed","ping_status":"closed","template":"","meta":{"_acf_changed":false,"_monsterinsights_skip_tracking":false,"_monsterinsights_sitenote_active":false,"_monsterinsights_sitenote_note":"","_monsterinsights_sitenote_category":0},"product_cat":[935],"product_tag":[],"class_list":{"0":"post-71537","1":"product","2":"type-product","3":"status-publish","4":"has-post-thumbnail","6":"product_cat-tareas-ran","7":"product_shipping_class-mensajeria","9":"first","10":"instock","11":"featured","12":"taxable","13":"shipping-taxable","14":"purchasable","15":"product-type-simple"},"acf":[],"yoast_head":"<!-- This site is optimized with the Yoast SEO plugin v24.2 - https:\/\/yoast.com\/wordpress\/plugins\/seo\/ -->\n<title>Tareas Ran. Estimular la velocidad de denominaci\u00f3n - Nivel 5 - Tienda Mundo Primaria<\/title>\n<meta name=\"description\" content=\"Las tareas RAN de velocidad de denominaci\u00f3n en edades tempranas sirven para desarrollar la futura velocidad y fluidez lectora.\" \/>\n<meta name=\"robots\" content=\"index, follow, max-snippet:-1, max-image-preview:large, max-video-preview:-1\" \/>\n<link rel=\"canonical\" href=\"https:\/\/www.mundoprimaria.com\/tienda\/producto\/tareas-ran-estimular-la-velocidad-de-denominacion-nivel-5\" \/>\n<meta property=\"og:locale\" content=\"es_ES\" \/>\n<meta property=\"og:type\" content=\"article\" \/>\n<meta property=\"og:title\" content=\"Tareas Ran. Estimular la velocidad de denominaci\u00f3n - Nivel 5 - Tienda Mundo Primaria\" \/>\n<meta property=\"og:description\" content=\"Las tareas RAN de velocidad de denominaci\u00f3n en edades tempranas sirven para desarrollar la futura velocidad y fluidez lectora.\" \/>\n<meta property=\"og:url\" content=\"https:\/\/www.mundoprimaria.com\/tienda\/producto\/tareas-ran-estimular-la-velocidad-de-denominacion-nivel-5\" \/>\n<meta property=\"og:site_name\" content=\"Tienda Mundo Primaria\" \/>\n<meta property=\"article:modified_time\" content=\"2024-05-17T10:22:14+00:00\" \/>\n<meta property=\"og:image\" content=\"https:\/\/www.mundoprimaria.com\/tienda\/wp-content\/uploads\/2024\/04\/RAN-NIVEL-5.jpg\" \/>\n\t<meta property=\"og:image:width\" content=\"460\" \/>\n\t<meta property=\"og:image:height\" content=\"460\" \/>\n\t<meta property=\"og:image:type\" content=\"image\/jpeg\" \/>\n<meta name=\"twitter:label1\" content=\"Tiempo de lectura\" \/>\n\t<meta name=\"twitter:data1\" content=\"1 minuto\" \/>\n<script type=\"application\/ld+json\" class=\"yoast-schema-graph\">{\"@context\":\"https:\/\/schema.org\",\"@graph\":[{\"@type\":\"WebPage\",\"@id\":\"https:\/\/www.mundoprimaria.com\/tienda\/producto\/tareas-ran-estimular-la-velocidad-de-denominacion-nivel-5\",\"url\":\"https:\/\/www.mundoprimaria.com\/tienda\/producto\/tareas-ran-estimular-la-velocidad-de-denominacion-nivel-5\",\"name\":\"Tareas Ran. Estimular la velocidad de denominaci\u00f3n - Nivel 5 - Tienda Mundo Primaria\",\"isPartOf\":{\"@id\":\"https:\/\/www.mundoprimaria.com\/tienda\/#website\"},\"primaryImageOfPage\":{\"@id\":\"https:\/\/www.mundoprimaria.com\/tienda\/producto\/tareas-ran-estimular-la-velocidad-de-denominacion-nivel-5#primaryimage\"},\"image\":{\"@id\":\"https:\/\/www.mundoprimaria.com\/tienda\/producto\/tareas-ran-estimular-la-velocidad-de-denominacion-nivel-5#primaryimage\"},\"thumbnailUrl\":\"https:\/\/www.mundoprimaria.com\/tienda\/wp-content\/uploads\/2024\/04\/RAN-NIVEL-5.jpg\",\"datePublished\":\"2024-04-03T13:19:09+00:00\",\"dateModified\":\"2024-05-17T10:22:14+00:00\",\"description\":\"Las tareas RAN de velocidad de denominaci\u00f3n en edades tempranas sirven para desarrollar la futura velocidad y fluidez lectora.\",\"breadcrumb\":{\"@id\":\"https:\/\/www.mundoprimaria.com\/tienda\/producto\/tareas-ran-estimular-la-velocidad-de-denominacion-nivel-5#breadcrumb\"},\"inLanguage\":\"es\",\"potentialAction\":[{\"@type\":\"ReadAction\",\"target\":[\"https:\/\/www.mundoprimaria.com\/tienda\/producto\/tareas-ran-estimular-la-velocidad-de-denominacion-nivel-5\"]}]},{\"@type\":\"ImageObject\",\"inLanguage\":\"es\",\"@id\":\"https:\/\/www.mundoprimaria.com\/tienda\/producto\/tareas-ran-estimular-la-velocidad-de-denominacion-nivel-5#primaryimage\",\"url\":\"https:\/\/www.mundoprimaria.com\/tienda\/wp-content\/uploads\/2024\/04\/RAN-NIVEL-5.jpg\",\"contentUrl\":\"https:\/\/www.mundoprimaria.com\/tienda\/wp-content\/uploads\/2024\/04\/RAN-NIVEL-5.jpg\",\"width\":460,\"height\":460},{\"@type\":\"BreadcrumbList\",\"@id\":\"https:\/\/www.mundoprimaria.com\/tienda\/producto\/tareas-ran-estimular-la-velocidad-de-denominacion-nivel-5#breadcrumb\",\"itemListElement\":[{\"@type\":\"ListItem\",\"position\":1,\"name\":\"Portada\",\"item\":\"https:\/\/www.mundoprimaria.com\/tienda\/\"},{\"@type\":\"ListItem\",\"position\":2,\"name\":\"Productos\",\"item\":\"https:\/\/www.mundoprimaria.com\/tienda\/shop\"},{\"@type\":\"ListItem\",\"position\":3,\"name\":\"Tareas Ran. Estimular la velocidad de denominaci\u00f3n &#8211; Nivel 5\"}]},{\"@type\":\"WebSite\",\"@id\":\"https:\/\/www.mundoprimaria.com\/tienda\/#website\",\"url\":\"https:\/\/www.mundoprimaria.com\/tienda\/\",\"name\":\"Tienda Mundo Primaria\",\"description\":\"El portal para aprender jugando.\",\"potentialAction\":[{\"@type\":\"SearchAction\",\"target\":{\"@type\":\"EntryPoint\",\"urlTemplate\":\"https:\/\/www.mundoprimaria.com\/tienda\/?s={search_term_string}\"},\"query-input\":{\"@type\":\"PropertyValueSpecification\",\"valueRequired\":true,\"valueName\":\"search_term_string\"}}],\"inLanguage\":\"es\"}]}<\/script>\n<!-- \/ Yoast SEO plugin. -->","yoast_head_json":{"title":"Tareas Ran. Estimular la velocidad de denominaci\u00f3n - Nivel 5 - Tienda Mundo Primaria","description":"Las tareas RAN de velocidad de denominaci\u00f3n en edades tempranas sirven para desarrollar la futura velocidad y fluidez lectora.","robots":{"index":"index","follow":"follow","max-snippet":"max-snippet:-1","max-image-preview":"max-image-preview:large","max-video-preview":"max-video-preview:-1"},"canonical":"https:\/\/www.mundoprimaria.com\/tienda\/producto\/tareas-ran-estimular-la-velocidad-de-denominacion-nivel-5","og_locale":"es_ES","og_type":"article","og_title":"Tareas Ran. Estimular la velocidad de denominaci\u00f3n - Nivel 5 - Tienda Mundo Primaria","og_description":"Las tareas RAN de velocidad de denominaci\u00f3n en edades tempranas sirven para desarrollar la futura velocidad y fluidez lectora.","og_url":"https:\/\/www.mundoprimaria.com\/tienda\/producto\/tareas-ran-estimular-la-velocidad-de-denominacion-nivel-5","og_site_name":"Tienda Mundo Primaria","article_modified_time":"2024-05-17T10:22:14+00:00","og_image":[{"width":460,"height":460,"url":"https:\/\/www.mundoprimaria.com\/tienda\/wp-content\/uploads\/2024\/04\/RAN-NIVEL-5.jpg","type":"image\/jpeg"}],"twitter_misc":{"Tiempo de lectura":"1 minuto"},"schema":{"@context":"https:\/\/schema.org","@graph":[{"@type":"WebPage","@id":"https:\/\/www.mundoprimaria.com\/tienda\/producto\/tareas-ran-estimular-la-velocidad-de-denominacion-nivel-5","url":"https:\/\/www.mundoprimaria.com\/tienda\/producto\/tareas-ran-estimular-la-velocidad-de-denominacion-nivel-5","name":"Tareas Ran. Estimular la velocidad de denominaci\u00f3n - Nivel 5 - Tienda Mundo Primaria","isPartOf":{"@id":"https:\/\/www.mundoprimaria.com\/tienda\/#website"},"primaryImageOfPage":{"@id":"https:\/\/www.mundoprimaria.com\/tienda\/producto\/tareas-ran-estimular-la-velocidad-de-denominacion-nivel-5#primaryimage"},"image":{"@id":"https:\/\/www.mundoprimaria.com\/tienda\/producto\/tareas-ran-estimular-la-velocidad-de-denominacion-nivel-5#primaryimage"},"thumbnailUrl":"https:\/\/www.mundoprimaria.com\/tienda\/wp-content\/uploads\/2024\/04\/RAN-NIVEL-5.jpg","datePublished":"2024-04-03T13:19:09+00:00","dateModified":"2024-05-17T10:22:14+00:00","description":"Las tareas RAN de velocidad de denominaci\u00f3n en edades tempranas sirven para desarrollar la futura velocidad y fluidez lectora.","breadcrumb":{"@id":"https:\/\/www.mundoprimaria.com\/tienda\/producto\/tareas-ran-estimular-la-velocidad-de-denominacion-nivel-5#breadcrumb"},"inLanguage":"es","potentialAction":[{"@type":"ReadAction","target":["https:\/\/www.mundoprimaria.com\/tienda\/producto\/tareas-ran-estimular-la-velocidad-de-denominacion-nivel-5"]}]},{"@type":"ImageObject","inLanguage":"es","@id":"https:\/\/www.mundoprimaria.com\/tienda\/producto\/tareas-ran-estimular-la-velocidad-de-denominacion-nivel-5#primaryimage","url":"https:\/\/www.mundoprimaria.com\/tienda\/wp-content\/uploads\/2024\/04\/RAN-NIVEL-5.jpg","contentUrl":"https:\/\/www.mundoprimaria.com\/tienda\/wp-content\/uploads\/2024\/04\/RAN-NIVEL-5.jpg","width":460,"height":460},{"@type":"BreadcrumbList","@id":"https:\/\/www.mundoprimaria.com\/tienda\/producto\/tareas-ran-estimular-la-velocidad-de-denominacion-nivel-5#breadcrumb","itemListElement":[{"@type":"ListItem","position":1,"name":"Portada","item":"https:\/\/www.mundoprimaria.com\/tienda\/"},{"@type":"ListItem","position":2,"name":"Productos","item":"https:\/\/www.mundoprimaria.com\/tienda\/shop"},{"@type":"ListItem","position":3,"name":"Tareas Ran. Estimular la velocidad de denominaci\u00f3n &#8211; Nivel 5"}]},{"@type":"WebSite","@id":"https:\/\/www.mundoprimaria.com\/tienda\/#website","url":"https:\/\/www.mundoprimaria.com\/tienda\/","name":"Tienda Mundo Primaria","description":"El portal para aprender jugando.","potentialAction":[{"@type":"SearchAction","target":{"@type":"EntryPoint","urlTemplate":"https:\/\/www.mundoprimaria.com\/tienda\/?s={search_term_string}"},"query-input":{"@type":"PropertyValueSpecification","valueRequired":true,"valueName":"search_term_string"}}],"inLanguage":"es"}]}},"_links":{"self":[{"href":"https:\/\/www.mundoprimaria.com\/tienda\/wp-json\/wp\/v2\/product\/71537","targetHints":{"allow":["GET"]}}],"collection":[{"href":"https:\/\/www.mundoprimaria.com\/tienda\/wp-json\/wp\/v2\/product"}],"about":[{"href":"https:\/\/www.mundoprimaria.com\/tienda\/wp-json\/wp\/v2\/types\/product"}],"replies":[{"embeddable":true,"href":"https:\/\/www.mundoprimaria.com\/tienda\/wp-json\/wp\/v2\/comments?post=71537"}],"wp:featuredmedia":[{"embeddable":true,"href":"https:\/\/www.mundoprimaria.com\/tienda\/wp-json\/wp\/v2\/media\/71550"}],"wp:attachment":[{"href":"https:\/\/www.mundoprimaria.com\/tienda\/wp-json\/wp\/v2\/media?parent=71537"}],"wp:term":[{"taxonomy":"product_cat","embeddable":true,"href":"https:\/\/www.mundoprimaria.com\/tienda\/wp-json\/wp\/v2\/product_cat?post=71537"},{"taxonomy":"product_tag","embeddable":true,"href":"https:\/\/www.mundoprimaria.com\/tienda\/wp-json\/wp\/v2\/product_tag?post=71537"}],"curies":[{"name":"wp","href":"https:\/\/api.w.org\/{rel}","templated":true}]}}