

{"id":69645,"date":"2021-07-08T14:32:54","date_gmt":"2021-07-08T12:32:54","guid":{"rendered":"https:\/\/www.mundoprimaria.com\/tienda\/?post_type=product&#038;p=69645"},"modified":"2024-03-01T09:13:47","modified_gmt":"2024-03-01T08:13:47","slug":"instrucciones-4","status":"publish","type":"product","link":"https:\/\/www.mundoprimaria.com\/tienda\/producto\/instrucciones-4","title":{"rendered":"Comprender instrucciones escritas &#8211; Nivel 4"},"content":{"rendered":"<h3><strong>Qu\u00e9 se entrena y desarrolla<\/strong><\/h3>\n<ul>\n<li>La comprensi\u00f3n lectora de instrucciones escritas.<\/li>\n<li>El seguimiento de instrucciones.<\/li>\n<li>La atenci\u00f3n.<\/li>\n<li>El control de la impulsividad.<\/li>\n<\/ul>\n<h3><strong>Destinatarios<\/strong><\/h3>\n<ul>\n<li>Ni\u00f1os y ni\u00f1as de 4\u00ba de Primaria, de 9 o 10 a\u00f1os, que quieren mejorar la comprensi\u00f3n de instrucciones escritas adaptadas a esta edad.<\/li>\n<li>Tambi\u00e9n alumnado de cursos superiores, pero que, por sus caracter\u00edsticas precisan trabajar a este nivel de dificultad.<\/li>\n<li>Alumnado con TDAH, TEA Grado I, TEL\/TDL, TANV, dislexia, funcionamiento intelectual l\u00edmite, etc.<\/li>\n<\/ul>\n<h3><strong>\u00bfQui\u00e9n puede utilizarlo?<\/strong><\/h3>\n<ul>\n<li>Maestros y maestras de Educaci\u00f3n Primaria con todos los alumnos de su aula desde un enfoque preventivo.<\/li>\n<li>Maestros y maestras de Pedagog\u00eda Terap\u00e9utica y Audici\u00f3n y Lenguaje, para sus sesiones de trabajo de rehabilitaci\u00f3n.<\/li>\n<li>Logopedas, pedagogos, psic\u00f3logos y otros profesionales que, desde un enfoque terap\u00e9utico, trabajan con ni\u00f1os con dificultades.<\/li>\n<li>Madres y padres de alumnado de esta edad que quieren reforzar la comprensi\u00f3n de instrucciones desde el hogar.<\/li>\n<\/ul>\n<h3><strong>Fichas y tipos de tareas<\/strong><\/h3>\n<ul>\n<li>El cuaderno contiene 60 fichas de dificultad creciente. En cada ficha se realizan diferentes actividades.<\/li>\n<li>Las tareas son variadas y consisten en rodear, subrayar, colorear, completar dibujos, anotar datos, etc.<\/li>\n<li>En otros casos, responder a determinadas preguntas sobre tablas con dibujos, completar tablas a partir de textos, calendario, seguir trayectorias, etc.<\/li>\n<\/ul>\n<p>&nbsp;<\/p>\n","protected":false},"excerpt":{"rendered":"<p>Diego<strong> no presta atenci\u00f3n a las preguntas de los ex\u00e1menes<\/strong>, sobre todo si<strong> en una misma cuesti\u00f3n<\/strong> le piden que haga <strong>varias tareas<\/strong>. Lo mismo le pasa con los enunciados de muchos ejercicios. \u00bfQu\u00e9 puedo hacer?<\/p>\n<p>Este cuaderno sirve para entrenar a ni\u00f1os que, como Diego,<strong> cometen errores en el seguimiento de instrucciones escritas<\/strong> en <strong>tareas o preguntas de controles de evaluaci\u00f3n<\/strong>.<\/p>\n<p>El nivel 4 de esta colecci\u00f3n de cuadernos para comprender instrucciones escritas est\u00e1 dise\u00f1ado para ni\u00f1os y ni\u00f1as<strong> 4\u00ba de Primaria<\/strong>, por tanto, de 9 o 10 a\u00f1os.<\/p>\n<p>Se trata de un material atractivo, <strong>a todo color y con actividades variadas<\/strong> con una dificultad creciente.<\/p>\n","protected":false},"featured_media":69123,"comment_status":"closed","ping_status":"closed","template":"","meta":{"_acf_changed":false,"_monsterinsights_skip_tracking":false,"_monsterinsights_sitenote_active":false,"_monsterinsights_sitenote_note":"","_monsterinsights_sitenote_category":0},"product_cat":[885],"product_tag":[],"class_list":{"0":"post-69645","1":"product","2":"type-product","3":"status-publish","4":"has-post-thumbnail","6":"product_cat-instrucciones","7":"product_shipping_class-mensajeria","9":"first","10":"instock","11":"taxable","12":"shipping-taxable","13":"purchasable","14":"product-type-simple"},"acf":[],"yoast_head":"<!-- This site is optimized with the Yoast SEO plugin v24.2 - https:\/\/yoast.com\/wordpress\/plugins\/seo\/ -->\n<title>Comprender instrucciones escritas - Nivel 4 - Tienda Mundo Primaria<\/title>\n<meta name=\"robots\" content=\"index, follow, max-snippet:-1, max-image-preview:large, max-video-preview:-1\" \/>\n<link rel=\"canonical\" href=\"https:\/\/www.mundoprimaria.com\/tienda\/producto\/instrucciones-4\" \/>\n<meta property=\"og:locale\" content=\"es_ES\" \/>\n<meta property=\"og:type\" content=\"article\" \/>\n<meta property=\"og:title\" content=\"Comprender instrucciones escritas - Nivel 4 - Tienda Mundo Primaria\" \/>\n<meta property=\"og:description\" content=\"Diego no presta atenci\u00f3n a las preguntas de los ex\u00e1menes, sobre todo si en una misma cuesti\u00f3n le piden que haga varias tareas. Lo mismo le pasa con los enunciados de muchos ejercicios. \u00bfQu\u00e9 puedo hacer?  Este cuaderno sirve para entrenar a ni\u00f1os que, como Diego, cometen errores en el seguimiento de instrucciones escritas en tareas o preguntas de controles de evaluaci\u00f3n.  El nivel 4 de esta colecci\u00f3n de cuadernos para comprender instrucciones escritas est\u00e1 dise\u00f1ado para ni\u00f1os y ni\u00f1as 4\u00ba de Primaria, por tanto, de 9 o 10 a\u00f1os.  Se trata de un material atractivo, a todo color y con actividades variadas con una dificultad creciente.\" \/>\n<meta property=\"og:url\" content=\"https:\/\/www.mundoprimaria.com\/tienda\/producto\/instrucciones-4\" \/>\n<meta property=\"og:site_name\" content=\"Tienda Mundo Primaria\" \/>\n<meta property=\"article:modified_time\" content=\"2024-03-01T08:13:47+00:00\" \/>\n<meta property=\"og:image\" content=\"https:\/\/www.mundoprimaria.com\/tienda\/wp-content\/uploads\/2021\/05\/min_4-1.png\" \/>\n\t<meta property=\"og:image:width\" content=\"460\" \/>\n\t<meta property=\"og:image:height\" content=\"460\" \/>\n\t<meta property=\"og:image:type\" content=\"image\/png\" \/>\n<meta name=\"twitter:label1\" content=\"Tiempo de lectura\" \/>\n\t<meta name=\"twitter:data1\" content=\"1 minuto\" \/>\n<script type=\"application\/ld+json\" class=\"yoast-schema-graph\">{\"@context\":\"https:\/\/schema.org\",\"@graph\":[{\"@type\":\"WebPage\",\"@id\":\"https:\/\/www.mundoprimaria.com\/tienda\/producto\/instrucciones-4\",\"url\":\"https:\/\/www.mundoprimaria.com\/tienda\/producto\/instrucciones-4\",\"name\":\"Comprender instrucciones escritas - Nivel 4 - Tienda Mundo Primaria\",\"isPartOf\":{\"@id\":\"https:\/\/www.mundoprimaria.com\/tienda\/#website\"},\"primaryImageOfPage\":{\"@id\":\"https:\/\/www.mundoprimaria.com\/tienda\/producto\/instrucciones-4#primaryimage\"},\"image\":{\"@id\":\"https:\/\/www.mundoprimaria.com\/tienda\/producto\/instrucciones-4#primaryimage\"},\"thumbnailUrl\":\"https:\/\/www.mundoprimaria.com\/tienda\/wp-content\/uploads\/2021\/05\/min_4-1.png\",\"datePublished\":\"2021-07-08T12:32:54+00:00\",\"dateModified\":\"2024-03-01T08:13:47+00:00\",\"breadcrumb\":{\"@id\":\"https:\/\/www.mundoprimaria.com\/tienda\/producto\/instrucciones-4#breadcrumb\"},\"inLanguage\":\"es\",\"potentialAction\":[{\"@type\":\"ReadAction\",\"target\":[\"https:\/\/www.mundoprimaria.com\/tienda\/producto\/instrucciones-4\"]}]},{\"@type\":\"ImageObject\",\"inLanguage\":\"es\",\"@id\":\"https:\/\/www.mundoprimaria.com\/tienda\/producto\/instrucciones-4#primaryimage\",\"url\":\"https:\/\/www.mundoprimaria.com\/tienda\/wp-content\/uploads\/2021\/05\/min_4-1.png\",\"contentUrl\":\"https:\/\/www.mundoprimaria.com\/tienda\/wp-content\/uploads\/2021\/05\/min_4-1.png\",\"width\":460,\"height\":460},{\"@type\":\"BreadcrumbList\",\"@id\":\"https:\/\/www.mundoprimaria.com\/tienda\/producto\/instrucciones-4#breadcrumb\",\"itemListElement\":[{\"@type\":\"ListItem\",\"position\":1,\"name\":\"Portada\",\"item\":\"https:\/\/www.mundoprimaria.com\/tienda\/\"},{\"@type\":\"ListItem\",\"position\":2,\"name\":\"Productos\",\"item\":\"https:\/\/www.mundoprimaria.com\/tienda\/shop\"},{\"@type\":\"ListItem\",\"position\":3,\"name\":\"Comprender instrucciones escritas &#8211; Nivel 4\"}]},{\"@type\":\"WebSite\",\"@id\":\"https:\/\/www.mundoprimaria.com\/tienda\/#website\",\"url\":\"https:\/\/www.mundoprimaria.com\/tienda\/\",\"name\":\"Tienda Mundo Primaria\",\"description\":\"El portal para aprender jugando.\",\"potentialAction\":[{\"@type\":\"SearchAction\",\"target\":{\"@type\":\"EntryPoint\",\"urlTemplate\":\"https:\/\/www.mundoprimaria.com\/tienda\/?s={search_term_string}\"},\"query-input\":{\"@type\":\"PropertyValueSpecification\",\"valueRequired\":true,\"valueName\":\"search_term_string\"}}],\"inLanguage\":\"es\"}]}<\/script>\n<!-- \/ Yoast SEO plugin. -->","yoast_head_json":{"title":"Comprender instrucciones escritas - Nivel 4 - Tienda Mundo Primaria","robots":{"index":"index","follow":"follow","max-snippet":"max-snippet:-1","max-image-preview":"max-image-preview:large","max-video-preview":"max-video-preview:-1"},"canonical":"https:\/\/www.mundoprimaria.com\/tienda\/producto\/instrucciones-4","og_locale":"es_ES","og_type":"article","og_title":"Comprender instrucciones escritas - Nivel 4 - Tienda Mundo Primaria","og_description":"Diego no presta atenci\u00f3n a las preguntas de los ex\u00e1menes, sobre todo si en una misma cuesti\u00f3n le piden que haga varias tareas. Lo mismo le pasa con los enunciados de muchos ejercicios. \u00bfQu\u00e9 puedo hacer?  Este cuaderno sirve para entrenar a ni\u00f1os que, como Diego, cometen errores en el seguimiento de instrucciones escritas en tareas o preguntas de controles de evaluaci\u00f3n.  El nivel 4 de esta colecci\u00f3n de cuadernos para comprender instrucciones escritas est\u00e1 dise\u00f1ado para ni\u00f1os y ni\u00f1as 4\u00ba de Primaria, por tanto, de 9 o 10 a\u00f1os.  Se trata de un material atractivo, a todo color y con actividades variadas con una dificultad creciente.","og_url":"https:\/\/www.mundoprimaria.com\/tienda\/producto\/instrucciones-4","og_site_name":"Tienda Mundo Primaria","article_modified_time":"2024-03-01T08:13:47+00:00","og_image":[{"width":460,"height":460,"url":"https:\/\/www.mundoprimaria.com\/tienda\/wp-content\/uploads\/2021\/05\/min_4-1.png","type":"image\/png"}],"twitter_misc":{"Tiempo de lectura":"1 minuto"},"schema":{"@context":"https:\/\/schema.org","@graph":[{"@type":"WebPage","@id":"https:\/\/www.mundoprimaria.com\/tienda\/producto\/instrucciones-4","url":"https:\/\/www.mundoprimaria.com\/tienda\/producto\/instrucciones-4","name":"Comprender instrucciones escritas - Nivel 4 - Tienda Mundo Primaria","isPartOf":{"@id":"https:\/\/www.mundoprimaria.com\/tienda\/#website"},"primaryImageOfPage":{"@id":"https:\/\/www.mundoprimaria.com\/tienda\/producto\/instrucciones-4#primaryimage"},"image":{"@id":"https:\/\/www.mundoprimaria.com\/tienda\/producto\/instrucciones-4#primaryimage"},"thumbnailUrl":"https:\/\/www.mundoprimaria.com\/tienda\/wp-content\/uploads\/2021\/05\/min_4-1.png","datePublished":"2021-07-08T12:32:54+00:00","dateModified":"2024-03-01T08:13:47+00:00","breadcrumb":{"@id":"https:\/\/www.mundoprimaria.com\/tienda\/producto\/instrucciones-4#breadcrumb"},"inLanguage":"es","potentialAction":[{"@type":"ReadAction","target":["https:\/\/www.mundoprimaria.com\/tienda\/producto\/instrucciones-4"]}]},{"@type":"ImageObject","inLanguage":"es","@id":"https:\/\/www.mundoprimaria.com\/tienda\/producto\/instrucciones-4#primaryimage","url":"https:\/\/www.mundoprimaria.com\/tienda\/wp-content\/uploads\/2021\/05\/min_4-1.png","contentUrl":"https:\/\/www.mundoprimaria.com\/tienda\/wp-content\/uploads\/2021\/05\/min_4-1.png","width":460,"height":460},{"@type":"BreadcrumbList","@id":"https:\/\/www.mundoprimaria.com\/tienda\/producto\/instrucciones-4#breadcrumb","itemListElement":[{"@type":"ListItem","position":1,"name":"Portada","item":"https:\/\/www.mundoprimaria.com\/tienda\/"},{"@type":"ListItem","position":2,"name":"Productos","item":"https:\/\/www.mundoprimaria.com\/tienda\/shop"},{"@type":"ListItem","position":3,"name":"Comprender instrucciones escritas &#8211; Nivel 4"}]},{"@type":"WebSite","@id":"https:\/\/www.mundoprimaria.com\/tienda\/#website","url":"https:\/\/www.mundoprimaria.com\/tienda\/","name":"Tienda Mundo Primaria","description":"El portal para aprender jugando.","potentialAction":[{"@type":"SearchAction","target":{"@type":"EntryPoint","urlTemplate":"https:\/\/www.mundoprimaria.com\/tienda\/?s={search_term_string}"},"query-input":{"@type":"PropertyValueSpecification","valueRequired":true,"valueName":"search_term_string"}}],"inLanguage":"es"}]}},"_links":{"self":[{"href":"https:\/\/www.mundoprimaria.com\/tienda\/wp-json\/wp\/v2\/product\/69645","targetHints":{"allow":["GET"]}}],"collection":[{"href":"https:\/\/www.mundoprimaria.com\/tienda\/wp-json\/wp\/v2\/product"}],"about":[{"href":"https:\/\/www.mundoprimaria.com\/tienda\/wp-json\/wp\/v2\/types\/product"}],"replies":[{"embeddable":true,"href":"https:\/\/www.mundoprimaria.com\/tienda\/wp-json\/wp\/v2\/comments?post=69645"}],"wp:featuredmedia":[{"embeddable":true,"href":"https:\/\/www.mundoprimaria.com\/tienda\/wp-json\/wp\/v2\/media\/69123"}],"wp:attachment":[{"href":"https:\/\/www.mundoprimaria.com\/tienda\/wp-json\/wp\/v2\/media?parent=69645"}],"wp:term":[{"taxonomy":"product_cat","embeddable":true,"href":"https:\/\/www.mundoprimaria.com\/tienda\/wp-json\/wp\/v2\/product_cat?post=69645"},{"taxonomy":"product_tag","embeddable":true,"href":"https:\/\/www.mundoprimaria.com\/tienda\/wp-json\/wp\/v2\/product_tag?post=69645"}],"curies":[{"name":"wp","href":"https:\/\/api.w.org\/{rel}","templated":true}]}}