

{"id":69639,"date":"2021-07-08T13:14:22","date_gmt":"2021-07-08T11:14:22","guid":{"rendered":"https:\/\/www.mundoprimaria.com\/tienda\/?post_type=product&#038;p=69639"},"modified":"2024-03-01T09:14:06","modified_gmt":"2024-03-01T08:14:06","slug":"instrucciones-2","status":"publish","type":"product","link":"https:\/\/www.mundoprimaria.com\/tienda\/producto\/instrucciones-2","title":{"rendered":"Comprender instrucciones escritas &#8211; Nivel 2"},"content":{"rendered":"<h3><strong>Qu\u00e9 se entrena y desarrolla<\/strong><\/h3>\n<ul>\n<li>La comprensi\u00f3n lectora de instrucciones escritas.<\/li>\n<li>El seguimiento de instrucciones.<\/li>\n<li>La atenci\u00f3n.<\/li>\n<li>El control de la impulsividad.<\/li>\n<\/ul>\n<h3><strong>Destinatarios<\/strong><\/h3>\n<ul>\n<li>Ni\u00f1os y ni\u00f1as de 2\u00ba de Primaria, de 7 u 8 a\u00f1os, que quieren mejorar la comprensi\u00f3n de instrucciones escritas adaptadas a esta edad.<\/li>\n<li>Tambi\u00e9n alumnado de cursos superiores, pero que, por sus caracter\u00edsticas precisan trabajar a este nivel de dificultad.<\/li>\n<li>Alumnado con TDAH, TEA Grado I, TEL\/TDL, TANV, dislexia, funcionamiento intelectual l\u00edmite, etc.<\/li>\n<\/ul>\n<h3><strong>\u00bfQui\u00e9n puede utilizarlo?<\/strong><\/h3>\n<ul>\n<li>Maestros y maestras de Educaci\u00f3n Primaria con todos los alumnos de su aula desde un enfoque preventivo.<\/li>\n<li>Maestros y maestras de Pedagog\u00eda Terap\u00e9utica y Audici\u00f3n y Lenguaje, para sus sesiones de trabajo de rehabilitaci\u00f3n.<\/li>\n<li>Logopedas, pedagogos, psic\u00f3logos y otros profesionales que, desde un enfoque terap\u00e9utico, trabajan con ni\u00f1os con dificultades.<\/li>\n<li>Madres y padres de alumnado de esta edad que quieren reforzar la comprensi\u00f3n de instrucciones desde el hogar.<\/li>\n<\/ul>\n<h3><strong>Fichas y tipos de tareas<\/strong><\/h3>\n<ul>\n<li>El cuaderno contiene 60 fichas de dificultad creciente. En cada ficha se realizan diferentes actividades.<\/li>\n<li>Las tareas son variadas y consisten en rodear, subrayar, colorear, completar dibujos, anotar datos, etc.<\/li>\n<li>En otros casos responder a determinadas preguntas sobre tablas con dibujos, tablas con datos, calendarios, etc.<\/li>\n<\/ul>\n","protected":false},"excerpt":{"rendered":"<p>Los maestros y maestras de <strong>Educaci\u00f3n Primaria<\/strong> encuentran a muchos alumnos que cometen <strong>errores a la hora de seguir los enunciados<\/strong> de las tareas o las preguntas de los controles de evaluaci\u00f3n.<\/p>\n<p>Este cuaderno sirve precisamente para eso, <strong>para que los alumnos se entrenen y presten m\u00e1s atenci\u00f3n a lo que se les pide en los enunciados<\/strong> de preguntas y tareas.<\/p>\n<p>El nivel 2 de esta colecci\u00f3n de cuadernos para comprender instrucciones escritas est\u00e1 dise\u00f1ado para ni\u00f1os y ni\u00f1as<strong> 2\u00ba de Primaria<\/strong>, por tanto, de <strong>7 u 8 a\u00f1os<\/strong>.<\/p>\n<p>El material es atractivo, a todo color, con actividades variadas y con una dificultad creciente. Se puede trabajar <strong>en la escuela<\/strong>, <strong>en el hogar<\/strong> o desde <strong>cl\u00ednicas o gabinetes multidisciplinares.<\/strong><\/p>\n","protected":false},"featured_media":69117,"comment_status":"closed","ping_status":"closed","template":"","meta":{"_acf_changed":false,"_monsterinsights_skip_tracking":false,"_monsterinsights_sitenote_active":false,"_monsterinsights_sitenote_note":"","_monsterinsights_sitenote_category":0},"product_cat":[885],"product_tag":[],"class_list":{"0":"post-69639","1":"product","2":"type-product","3":"status-publish","4":"has-post-thumbnail","6":"product_cat-instrucciones","7":"product_shipping_class-mensajeria","9":"first","10":"instock","11":"taxable","12":"shipping-taxable","13":"purchasable","14":"product-type-simple"},"acf":[],"yoast_head":"<!-- This site is optimized with the Yoast SEO plugin v24.2 - https:\/\/yoast.com\/wordpress\/plugins\/seo\/ -->\n<title>Comprender instrucciones escritas - Nivel 2 - Tienda Mundo Primaria<\/title>\n<meta name=\"robots\" content=\"index, follow, max-snippet:-1, max-image-preview:large, max-video-preview:-1\" \/>\n<link rel=\"canonical\" href=\"https:\/\/www.mundoprimaria.com\/tienda\/producto\/instrucciones-2\" \/>\n<meta property=\"og:locale\" content=\"es_ES\" \/>\n<meta property=\"og:type\" content=\"article\" \/>\n<meta property=\"og:title\" content=\"Comprender instrucciones escritas - Nivel 2 - Tienda Mundo Primaria\" \/>\n<meta property=\"og:description\" content=\"Los maestros y maestras de Educaci\u00f3n Primaria encuentran a muchos alumnos que cometen errores a la hora de seguir los enunciados de las tareas o las preguntas de los controles de evaluaci\u00f3n.  Este cuaderno sirve precisamente para eso, para que los alumnos se entrenen y presten m\u00e1s atenci\u00f3n a lo que se les pide en los enunciados de preguntas y tareas.  El nivel 2 de esta colecci\u00f3n de cuadernos para comprender instrucciones escritas est\u00e1 dise\u00f1ado para ni\u00f1os y ni\u00f1as 2\u00ba de Primaria, por tanto, de 7 u 8 a\u00f1os.  El material es atractivo, a todo color, con actividades variadas y con una dificultad creciente. Se puede trabajar en la escuela, en el hogar o desde cl\u00ednicas o gabinetes multidisciplinares.\" \/>\n<meta property=\"og:url\" content=\"https:\/\/www.mundoprimaria.com\/tienda\/producto\/instrucciones-2\" \/>\n<meta property=\"og:site_name\" content=\"Tienda Mundo Primaria\" \/>\n<meta property=\"article:modified_time\" content=\"2024-03-01T08:14:06+00:00\" \/>\n<meta property=\"og:image\" content=\"https:\/\/www.mundoprimaria.com\/tienda\/wp-content\/uploads\/2021\/05\/min_2-1.png\" \/>\n\t<meta property=\"og:image:width\" content=\"460\" \/>\n\t<meta property=\"og:image:height\" content=\"460\" \/>\n\t<meta property=\"og:image:type\" content=\"image\/png\" \/>\n<meta name=\"twitter:label1\" content=\"Tiempo de lectura\" \/>\n\t<meta name=\"twitter:data1\" content=\"1 minuto\" \/>\n<script type=\"application\/ld+json\" class=\"yoast-schema-graph\">{\"@context\":\"https:\/\/schema.org\",\"@graph\":[{\"@type\":\"WebPage\",\"@id\":\"https:\/\/www.mundoprimaria.com\/tienda\/producto\/instrucciones-2\",\"url\":\"https:\/\/www.mundoprimaria.com\/tienda\/producto\/instrucciones-2\",\"name\":\"Comprender instrucciones escritas - Nivel 2 - Tienda Mundo Primaria\",\"isPartOf\":{\"@id\":\"https:\/\/www.mundoprimaria.com\/tienda\/#website\"},\"primaryImageOfPage\":{\"@id\":\"https:\/\/www.mundoprimaria.com\/tienda\/producto\/instrucciones-2#primaryimage\"},\"image\":{\"@id\":\"https:\/\/www.mundoprimaria.com\/tienda\/producto\/instrucciones-2#primaryimage\"},\"thumbnailUrl\":\"https:\/\/www.mundoprimaria.com\/tienda\/wp-content\/uploads\/2021\/05\/min_2-1.png\",\"datePublished\":\"2021-07-08T11:14:22+00:00\",\"dateModified\":\"2024-03-01T08:14:06+00:00\",\"breadcrumb\":{\"@id\":\"https:\/\/www.mundoprimaria.com\/tienda\/producto\/instrucciones-2#breadcrumb\"},\"inLanguage\":\"es\",\"potentialAction\":[{\"@type\":\"ReadAction\",\"target\":[\"https:\/\/www.mundoprimaria.com\/tienda\/producto\/instrucciones-2\"]}]},{\"@type\":\"ImageObject\",\"inLanguage\":\"es\",\"@id\":\"https:\/\/www.mundoprimaria.com\/tienda\/producto\/instrucciones-2#primaryimage\",\"url\":\"https:\/\/www.mundoprimaria.com\/tienda\/wp-content\/uploads\/2021\/05\/min_2-1.png\",\"contentUrl\":\"https:\/\/www.mundoprimaria.com\/tienda\/wp-content\/uploads\/2021\/05\/min_2-1.png\",\"width\":460,\"height\":460},{\"@type\":\"BreadcrumbList\",\"@id\":\"https:\/\/www.mundoprimaria.com\/tienda\/producto\/instrucciones-2#breadcrumb\",\"itemListElement\":[{\"@type\":\"ListItem\",\"position\":1,\"name\":\"Portada\",\"item\":\"https:\/\/www.mundoprimaria.com\/tienda\/\"},{\"@type\":\"ListItem\",\"position\":2,\"name\":\"Productos\",\"item\":\"https:\/\/www.mundoprimaria.com\/tienda\/shop\"},{\"@type\":\"ListItem\",\"position\":3,\"name\":\"Comprender instrucciones escritas &#8211; Nivel 2\"}]},{\"@type\":\"WebSite\",\"@id\":\"https:\/\/www.mundoprimaria.com\/tienda\/#website\",\"url\":\"https:\/\/www.mundoprimaria.com\/tienda\/\",\"name\":\"Tienda Mundo Primaria\",\"description\":\"El portal para aprender jugando.\",\"potentialAction\":[{\"@type\":\"SearchAction\",\"target\":{\"@type\":\"EntryPoint\",\"urlTemplate\":\"https:\/\/www.mundoprimaria.com\/tienda\/?s={search_term_string}\"},\"query-input\":{\"@type\":\"PropertyValueSpecification\",\"valueRequired\":true,\"valueName\":\"search_term_string\"}}],\"inLanguage\":\"es\"}]}<\/script>\n<!-- \/ Yoast SEO plugin. -->","yoast_head_json":{"title":"Comprender instrucciones escritas - Nivel 2 - Tienda Mundo Primaria","robots":{"index":"index","follow":"follow","max-snippet":"max-snippet:-1","max-image-preview":"max-image-preview:large","max-video-preview":"max-video-preview:-1"},"canonical":"https:\/\/www.mundoprimaria.com\/tienda\/producto\/instrucciones-2","og_locale":"es_ES","og_type":"article","og_title":"Comprender instrucciones escritas - Nivel 2 - Tienda Mundo Primaria","og_description":"Los maestros y maestras de Educaci\u00f3n Primaria encuentran a muchos alumnos que cometen errores a la hora de seguir los enunciados de las tareas o las preguntas de los controles de evaluaci\u00f3n.  Este cuaderno sirve precisamente para eso, para que los alumnos se entrenen y presten m\u00e1s atenci\u00f3n a lo que se les pide en los enunciados de preguntas y tareas.  El nivel 2 de esta colecci\u00f3n de cuadernos para comprender instrucciones escritas est\u00e1 dise\u00f1ado para ni\u00f1os y ni\u00f1as 2\u00ba de Primaria, por tanto, de 7 u 8 a\u00f1os.  El material es atractivo, a todo color, con actividades variadas y con una dificultad creciente. Se puede trabajar en la escuela, en el hogar o desde cl\u00ednicas o gabinetes multidisciplinares.","og_url":"https:\/\/www.mundoprimaria.com\/tienda\/producto\/instrucciones-2","og_site_name":"Tienda Mundo Primaria","article_modified_time":"2024-03-01T08:14:06+00:00","og_image":[{"width":460,"height":460,"url":"https:\/\/www.mundoprimaria.com\/tienda\/wp-content\/uploads\/2021\/05\/min_2-1.png","type":"image\/png"}],"twitter_misc":{"Tiempo de lectura":"1 minuto"},"schema":{"@context":"https:\/\/schema.org","@graph":[{"@type":"WebPage","@id":"https:\/\/www.mundoprimaria.com\/tienda\/producto\/instrucciones-2","url":"https:\/\/www.mundoprimaria.com\/tienda\/producto\/instrucciones-2","name":"Comprender instrucciones escritas - Nivel 2 - Tienda Mundo Primaria","isPartOf":{"@id":"https:\/\/www.mundoprimaria.com\/tienda\/#website"},"primaryImageOfPage":{"@id":"https:\/\/www.mundoprimaria.com\/tienda\/producto\/instrucciones-2#primaryimage"},"image":{"@id":"https:\/\/www.mundoprimaria.com\/tienda\/producto\/instrucciones-2#primaryimage"},"thumbnailUrl":"https:\/\/www.mundoprimaria.com\/tienda\/wp-content\/uploads\/2021\/05\/min_2-1.png","datePublished":"2021-07-08T11:14:22+00:00","dateModified":"2024-03-01T08:14:06+00:00","breadcrumb":{"@id":"https:\/\/www.mundoprimaria.com\/tienda\/producto\/instrucciones-2#breadcrumb"},"inLanguage":"es","potentialAction":[{"@type":"ReadAction","target":["https:\/\/www.mundoprimaria.com\/tienda\/producto\/instrucciones-2"]}]},{"@type":"ImageObject","inLanguage":"es","@id":"https:\/\/www.mundoprimaria.com\/tienda\/producto\/instrucciones-2#primaryimage","url":"https:\/\/www.mundoprimaria.com\/tienda\/wp-content\/uploads\/2021\/05\/min_2-1.png","contentUrl":"https:\/\/www.mundoprimaria.com\/tienda\/wp-content\/uploads\/2021\/05\/min_2-1.png","width":460,"height":460},{"@type":"BreadcrumbList","@id":"https:\/\/www.mundoprimaria.com\/tienda\/producto\/instrucciones-2#breadcrumb","itemListElement":[{"@type":"ListItem","position":1,"name":"Portada","item":"https:\/\/www.mundoprimaria.com\/tienda\/"},{"@type":"ListItem","position":2,"name":"Productos","item":"https:\/\/www.mundoprimaria.com\/tienda\/shop"},{"@type":"ListItem","position":3,"name":"Comprender instrucciones escritas &#8211; Nivel 2"}]},{"@type":"WebSite","@id":"https:\/\/www.mundoprimaria.com\/tienda\/#website","url":"https:\/\/www.mundoprimaria.com\/tienda\/","name":"Tienda Mundo Primaria","description":"El portal para aprender jugando.","potentialAction":[{"@type":"SearchAction","target":{"@type":"EntryPoint","urlTemplate":"https:\/\/www.mundoprimaria.com\/tienda\/?s={search_term_string}"},"query-input":{"@type":"PropertyValueSpecification","valueRequired":true,"valueName":"search_term_string"}}],"inLanguage":"es"}]}},"_links":{"self":[{"href":"https:\/\/www.mundoprimaria.com\/tienda\/wp-json\/wp\/v2\/product\/69639","targetHints":{"allow":["GET"]}}],"collection":[{"href":"https:\/\/www.mundoprimaria.com\/tienda\/wp-json\/wp\/v2\/product"}],"about":[{"href":"https:\/\/www.mundoprimaria.com\/tienda\/wp-json\/wp\/v2\/types\/product"}],"replies":[{"embeddable":true,"href":"https:\/\/www.mundoprimaria.com\/tienda\/wp-json\/wp\/v2\/comments?post=69639"}],"wp:featuredmedia":[{"embeddable":true,"href":"https:\/\/www.mundoprimaria.com\/tienda\/wp-json\/wp\/v2\/media\/69117"}],"wp:attachment":[{"href":"https:\/\/www.mundoprimaria.com\/tienda\/wp-json\/wp\/v2\/media?parent=69639"}],"wp:term":[{"taxonomy":"product_cat","embeddable":true,"href":"https:\/\/www.mundoprimaria.com\/tienda\/wp-json\/wp\/v2\/product_cat?post=69639"},{"taxonomy":"product_tag","embeddable":true,"href":"https:\/\/www.mundoprimaria.com\/tienda\/wp-json\/wp\/v2\/product_tag?post=69639"}],"curies":[{"name":"wp","href":"https:\/\/api.w.org\/{rel}","templated":true}]}}