

{"id":69078,"date":"2021-05-19T16:50:44","date_gmt":"2021-05-19T14:50:44","guid":{"rendered":"https:\/\/www.mundoprimaria.com\/tienda\/?post_type=product&#038;p=69078"},"modified":"2024-03-01T09:19:16","modified_gmt":"2024-03-01T08:19:16","slug":"vacaciones-2","status":"publish","type":"product","link":"https:\/\/www.mundoprimaria.com\/tienda\/producto\/vacaciones-2","title":{"rendered":"Estimular y aprender en vacaciones 2 a\u00f1os"},"content":{"rendered":"<h3><strong>Destinatarios<\/strong><\/h3>\n<ul>\n<li>El cuaderno est\u00e1 dise\u00f1ado principalmente para las familias de ni\u00f1os y ni\u00f1as que han concluido el primer ciclo de Educaci\u00f3n Infantil en escuelas infantiles o que van a comenzar la etapa de Educaci\u00f3n Infantil, por tanto, <strong>entre los 2 y los 3 a\u00f1os<\/strong>.<\/li>\n<li>Tambi\u00e9n puede emplearse con ni\u00f1os de m\u00e1s edad si los contenidos se adaptan mejor a sus necesidades educativas.<\/li>\n<\/ul>\n<h3><strong>Qu\u00e9 aspectos se trabajan<\/strong><\/h3>\n<ul>\n<li>La <strong>atenci\u00f3n<\/strong>.<\/li>\n<li>Los <strong>conceptos b\u00e1sicos<\/strong> siguientes: grande, peque\u00f1o, dentro, fuera, abierto, cerrado, lleno, vac\u00edo, encima y debajo.<\/li>\n<li>La <strong>grafomotricidad<\/strong>, en trazos horizontales, verticales y combinaci\u00f3n de ambos.<\/li>\n<li><strong>Vocabulario<\/strong>: discriminar, denominar y realizar inferencias.<\/li>\n<li><strong>La orientaci\u00f3n espacial<\/strong>.<\/li>\n<\/ul>\n<h3><strong>Fichas y tareas<\/strong><\/h3>\n<ul>\n<li>60 fichas preparadas para ser utilizadas.<\/li>\n<li>Unir dibujos iguales y encontrar los dibujos iguales al modelo<strong>.<\/strong><\/li>\n<li>Se\u00f1alar el dibujo que cumple el concepto b\u00e1sico indicado.<\/li>\n<li>Repasar los puntitos para unir los dibujos.<\/li>\n<li>Dibujar el camino para unir los dibujos.<\/li>\n<li>Se\u00f1alar los dibujos que se nombran.<\/li>\n<li>Nombrar los dibujos que se indican.<\/li>\n<li>Identificar los dibujos a partir de unas pistas o caracter\u00edsticas.<\/li>\n<li>Realizar construcciones con palitos de colores, a partir de unos modelos.<\/li>\n<\/ul>\n","protected":false},"excerpt":{"rendered":"<p><strong>Cuando Hugo de 2 a\u00f1os, termine el verano comenzar\u00e1 la etapa de Educaci\u00f3n Infantil en su nuevo colegio. Sus padres quieren que en las vacaciones repase algunos conceptos que ha adquirido en la escuela infantil y que lo haga de una forma l\u00fadica y divertida.\u00a0 <\/strong><\/p>\n<p>Este cuaderno cumple el objetivo que buscan los padres de Hugo y otras familias en circunstancias parecidas. Encontrar\u00e1s actividades variadas y atractivas para realizar en el hogar y elaboradas con un enfoque pedag\u00f3gico. Estimulan algunas competencias clave y funciones cognitivas.<\/p>\n","protected":false},"featured_media":69057,"comment_status":"closed","ping_status":"closed","template":"","meta":{"_acf_changed":false,"_monsterinsights_skip_tracking":false,"_monsterinsights_sitenote_active":false,"_monsterinsights_sitenote_note":"","_monsterinsights_sitenote_category":0},"product_cat":[834],"product_tag":[680],"class_list":{"0":"post-69078","1":"product","2":"type-product","3":"status-publish","4":"has-post-thumbnail","6":"product_cat-eya-vacaciones","7":"product_tag-estimular-y-aprender","8":"product_shipping_class-mensajeria","10":"first","11":"instock","12":"taxable","13":"shipping-taxable","14":"purchasable","15":"product-type-simple"},"acf":[],"yoast_head":"<!-- This site is optimized with the Yoast SEO plugin v24.2 - https:\/\/yoast.com\/wordpress\/plugins\/seo\/ -->\n<title>Estimular y aprender en vacaciones 2 a\u00f1os - Tienda Mundo Primaria<\/title>\n<meta name=\"robots\" content=\"noindex, follow\" \/>\n<meta property=\"og:locale\" content=\"es_ES\" \/>\n<meta property=\"og:type\" content=\"article\" \/>\n<meta property=\"og:title\" content=\"Estimular y aprender en vacaciones 2 a\u00f1os - Tienda Mundo Primaria\" \/>\n<meta property=\"og:description\" content=\"Cuando Hugo de 2 a\u00f1os, termine el verano comenzar\u00e1 la etapa de Educaci\u00f3n Infantil en su nuevo colegio. Sus padres quieren que en las vacaciones repase algunos conceptos que ha adquirido en la escuela infantil y que lo haga de una forma l\u00fadica y divertida.\u00a0   Este cuaderno cumple el objetivo que buscan los padres de Hugo y otras familias en circunstancias parecidas. Encontrar\u00e1s actividades variadas y atractivas para realizar en el hogar y elaboradas con un enfoque pedag\u00f3gico. Estimulan algunas competencias clave y funciones cognitivas.\" \/>\n<meta property=\"og:url\" content=\"https:\/\/www.mundoprimaria.com\/tienda\/producto\/vacaciones-2\" \/>\n<meta property=\"og:site_name\" content=\"Tienda Mundo Primaria\" \/>\n<meta property=\"article:modified_time\" content=\"2024-03-01T08:19:16+00:00\" \/>\n<meta property=\"og:image\" content=\"https:\/\/www.mundoprimaria.com\/tienda\/wp-content\/uploads\/2021\/05\/min_2.png\" \/>\n\t<meta property=\"og:image:width\" content=\"460\" \/>\n\t<meta property=\"og:image:height\" content=\"460\" \/>\n\t<meta property=\"og:image:type\" content=\"image\/png\" \/>\n<meta name=\"twitter:label1\" content=\"Tiempo de lectura\" \/>\n\t<meta name=\"twitter:data1\" content=\"1 minuto\" \/>\n<script type=\"application\/ld+json\" class=\"yoast-schema-graph\">{\"@context\":\"https:\/\/schema.org\",\"@graph\":[{\"@type\":\"WebPage\",\"@id\":\"https:\/\/www.mundoprimaria.com\/tienda\/producto\/vacaciones-2\",\"url\":\"https:\/\/www.mundoprimaria.com\/tienda\/producto\/vacaciones-2\",\"name\":\"Estimular y aprender en vacaciones 2 a\u00f1os - Tienda Mundo Primaria\",\"isPartOf\":{\"@id\":\"https:\/\/www.mundoprimaria.com\/tienda\/#website\"},\"primaryImageOfPage\":{\"@id\":\"https:\/\/www.mundoprimaria.com\/tienda\/producto\/vacaciones-2#primaryimage\"},\"image\":{\"@id\":\"https:\/\/www.mundoprimaria.com\/tienda\/producto\/vacaciones-2#primaryimage\"},\"thumbnailUrl\":\"https:\/\/www.mundoprimaria.com\/tienda\/wp-content\/uploads\/2021\/05\/min_2.png\",\"datePublished\":\"2021-05-19T14:50:44+00:00\",\"dateModified\":\"2024-03-01T08:19:16+00:00\",\"breadcrumb\":{\"@id\":\"https:\/\/www.mundoprimaria.com\/tienda\/producto\/vacaciones-2#breadcrumb\"},\"inLanguage\":\"es\",\"potentialAction\":[{\"@type\":\"ReadAction\",\"target\":[\"https:\/\/www.mundoprimaria.com\/tienda\/producto\/vacaciones-2\"]}]},{\"@type\":\"ImageObject\",\"inLanguage\":\"es\",\"@id\":\"https:\/\/www.mundoprimaria.com\/tienda\/producto\/vacaciones-2#primaryimage\",\"url\":\"https:\/\/www.mundoprimaria.com\/tienda\/wp-content\/uploads\/2021\/05\/min_2.png\",\"contentUrl\":\"https:\/\/www.mundoprimaria.com\/tienda\/wp-content\/uploads\/2021\/05\/min_2.png\",\"width\":460,\"height\":460},{\"@type\":\"BreadcrumbList\",\"@id\":\"https:\/\/www.mundoprimaria.com\/tienda\/producto\/vacaciones-2#breadcrumb\",\"itemListElement\":[{\"@type\":\"ListItem\",\"position\":1,\"name\":\"Portada\",\"item\":\"https:\/\/www.mundoprimaria.com\/tienda\/\"},{\"@type\":\"ListItem\",\"position\":2,\"name\":\"Productos\",\"item\":\"https:\/\/www.mundoprimaria.com\/tienda\/shop\"},{\"@type\":\"ListItem\",\"position\":3,\"name\":\"Estimular y aprender en vacaciones 2 a\u00f1os\"}]},{\"@type\":\"WebSite\",\"@id\":\"https:\/\/www.mundoprimaria.com\/tienda\/#website\",\"url\":\"https:\/\/www.mundoprimaria.com\/tienda\/\",\"name\":\"Tienda Mundo Primaria\",\"description\":\"El portal para aprender jugando.\",\"potentialAction\":[{\"@type\":\"SearchAction\",\"target\":{\"@type\":\"EntryPoint\",\"urlTemplate\":\"https:\/\/www.mundoprimaria.com\/tienda\/?s={search_term_string}\"},\"query-input\":{\"@type\":\"PropertyValueSpecification\",\"valueRequired\":true,\"valueName\":\"search_term_string\"}}],\"inLanguage\":\"es\"}]}<\/script>\n<!-- \/ Yoast SEO plugin. -->","yoast_head_json":{"title":"Estimular y aprender en vacaciones 2 a\u00f1os - Tienda Mundo Primaria","robots":{"index":"noindex","follow":"follow"},"og_locale":"es_ES","og_type":"article","og_title":"Estimular y aprender en vacaciones 2 a\u00f1os - Tienda Mundo Primaria","og_description":"Cuando Hugo de 2 a\u00f1os, termine el verano comenzar\u00e1 la etapa de Educaci\u00f3n Infantil en su nuevo colegio. Sus padres quieren que en las vacaciones repase algunos conceptos que ha adquirido en la escuela infantil y que lo haga de una forma l\u00fadica y divertida.\u00a0   Este cuaderno cumple el objetivo que buscan los padres de Hugo y otras familias en circunstancias parecidas. Encontrar\u00e1s actividades variadas y atractivas para realizar en el hogar y elaboradas con un enfoque pedag\u00f3gico. Estimulan algunas competencias clave y funciones cognitivas.","og_url":"https:\/\/www.mundoprimaria.com\/tienda\/producto\/vacaciones-2","og_site_name":"Tienda Mundo Primaria","article_modified_time":"2024-03-01T08:19:16+00:00","og_image":[{"width":460,"height":460,"url":"https:\/\/www.mundoprimaria.com\/tienda\/wp-content\/uploads\/2021\/05\/min_2.png","type":"image\/png"}],"twitter_misc":{"Tiempo de lectura":"1 minuto"},"schema":{"@context":"https:\/\/schema.org","@graph":[{"@type":"WebPage","@id":"https:\/\/www.mundoprimaria.com\/tienda\/producto\/vacaciones-2","url":"https:\/\/www.mundoprimaria.com\/tienda\/producto\/vacaciones-2","name":"Estimular y aprender en vacaciones 2 a\u00f1os - Tienda Mundo Primaria","isPartOf":{"@id":"https:\/\/www.mundoprimaria.com\/tienda\/#website"},"primaryImageOfPage":{"@id":"https:\/\/www.mundoprimaria.com\/tienda\/producto\/vacaciones-2#primaryimage"},"image":{"@id":"https:\/\/www.mundoprimaria.com\/tienda\/producto\/vacaciones-2#primaryimage"},"thumbnailUrl":"https:\/\/www.mundoprimaria.com\/tienda\/wp-content\/uploads\/2021\/05\/min_2.png","datePublished":"2021-05-19T14:50:44+00:00","dateModified":"2024-03-01T08:19:16+00:00","breadcrumb":{"@id":"https:\/\/www.mundoprimaria.com\/tienda\/producto\/vacaciones-2#breadcrumb"},"inLanguage":"es","potentialAction":[{"@type":"ReadAction","target":["https:\/\/www.mundoprimaria.com\/tienda\/producto\/vacaciones-2"]}]},{"@type":"ImageObject","inLanguage":"es","@id":"https:\/\/www.mundoprimaria.com\/tienda\/producto\/vacaciones-2#primaryimage","url":"https:\/\/www.mundoprimaria.com\/tienda\/wp-content\/uploads\/2021\/05\/min_2.png","contentUrl":"https:\/\/www.mundoprimaria.com\/tienda\/wp-content\/uploads\/2021\/05\/min_2.png","width":460,"height":460},{"@type":"BreadcrumbList","@id":"https:\/\/www.mundoprimaria.com\/tienda\/producto\/vacaciones-2#breadcrumb","itemListElement":[{"@type":"ListItem","position":1,"name":"Portada","item":"https:\/\/www.mundoprimaria.com\/tienda\/"},{"@type":"ListItem","position":2,"name":"Productos","item":"https:\/\/www.mundoprimaria.com\/tienda\/shop"},{"@type":"ListItem","position":3,"name":"Estimular y aprender en vacaciones 2 a\u00f1os"}]},{"@type":"WebSite","@id":"https:\/\/www.mundoprimaria.com\/tienda\/#website","url":"https:\/\/www.mundoprimaria.com\/tienda\/","name":"Tienda Mundo Primaria","description":"El portal para aprender jugando.","potentialAction":[{"@type":"SearchAction","target":{"@type":"EntryPoint","urlTemplate":"https:\/\/www.mundoprimaria.com\/tienda\/?s={search_term_string}"},"query-input":{"@type":"PropertyValueSpecification","valueRequired":true,"valueName":"search_term_string"}}],"inLanguage":"es"}]}},"_links":{"self":[{"href":"https:\/\/www.mundoprimaria.com\/tienda\/wp-json\/wp\/v2\/product\/69078","targetHints":{"allow":["GET"]}}],"collection":[{"href":"https:\/\/www.mundoprimaria.com\/tienda\/wp-json\/wp\/v2\/product"}],"about":[{"href":"https:\/\/www.mundoprimaria.com\/tienda\/wp-json\/wp\/v2\/types\/product"}],"replies":[{"embeddable":true,"href":"https:\/\/www.mundoprimaria.com\/tienda\/wp-json\/wp\/v2\/comments?post=69078"}],"wp:featuredmedia":[{"embeddable":true,"href":"https:\/\/www.mundoprimaria.com\/tienda\/wp-json\/wp\/v2\/media\/69057"}],"wp:attachment":[{"href":"https:\/\/www.mundoprimaria.com\/tienda\/wp-json\/wp\/v2\/media?parent=69078"}],"wp:term":[{"taxonomy":"product_cat","embeddable":true,"href":"https:\/\/www.mundoprimaria.com\/tienda\/wp-json\/wp\/v2\/product_cat?post=69078"},{"taxonomy":"product_tag","embeddable":true,"href":"https:\/\/www.mundoprimaria.com\/tienda\/wp-json\/wp\/v2\/product_tag?post=69078"}],"curies":[{"name":"wp","href":"https:\/\/api.w.org\/{rel}","templated":true}]}}