

{"id":67692,"date":"2020-04-20T14:06:38","date_gmt":"2020-04-20T12:06:38","guid":{"rendered":"https:\/\/www.mundoprimaria.com\/tienda\/?post_type=product&#038;p=67692"},"modified":"2020-10-27T15:14:25","modified_gmt":"2020-10-27T14:14:25","slug":"aprender-y-practicar-matematicas-5o-de-primaria","status":"publish","type":"product","link":"https:\/\/www.mundoprimaria.com\/tienda\/producto\/aprender-y-practicar-matematicas-5o-de-primaria","title":{"rendered":"Aprender y practicar matem\u00e1ticas &#8211; 5\u00ba de primaria"},"content":{"rendered":"<p><strong>Consideraciones iniciales:<\/strong><\/p>\n<p>Este libro sirve como apoyo para practicar los contenidos que se trabajan en el colegio. Es<br \/>\npor ello, que se recomienda repasar previamente- o durante la realizaci\u00f3n de las fichas- las<br \/>\nexplicaciones te\u00f3ricas recibidas en clase.<\/p>\n<p><strong>Estructura del libro:<\/strong><\/p>\n<p>Los temas se dividen en tres bloques, cada uno de ellos dedicado a una rama de las matem\u00e1ticas:<br \/>\n&#8216;N\u00fameros y Operaciones&#8217;, &#8216;Geometr\u00eda&#8217; y &#8216;Magnitudes y Medidas&#8217;.<\/p>\n<p>En cada bloque hay un n\u00famero variable de fichas y todas ellas tienen la misma estructura:<br \/>\n&#8211; Un encabezado en el que se expone el contenido que trabaja.<br \/>\n&#8211; Un enunciado en el que se explica la actividad a realizar.<br \/>\n&#8211; Una parte central de trabajo por parte del ni\u00f1o o la ni\u00f1a.<br \/>\n&#8211; Un pie de ficha en el que aparece un c\u00f3digo formado por cinco bloques de n\u00fameros.<br \/>\nEjemplo: FICHA: 01-01-01-01-05.<\/p>\n<p><strong>Solucionario on-line:<\/strong><\/p>\n<p>Para corregir las fichas, es necesario acceder al solucionario on-line que encontramos<br \/>\nentrando en www.solucionfichas.com<\/p>\n","protected":false},"excerpt":{"rendered":"<p>Esta colecci\u00f3n est\u00e1 especialmente dise\u00f1ada para <strong>ayudarles a desarrollar las<\/strong><br \/>\n<strong>destrezas matem\u00e1ticas de una manera activa, sencilla y motivadora<\/strong>.<br \/>\nCada libro se compone de fichas pertenecientes a cada una de las siguientes<br \/>\n\u00e1reas establecidas en el curr\u00edculo oficial:<\/p>\n<p><strong>N\u00fameros y operaciones.<\/strong><br \/>\n<strong>Geometr\u00eda.<\/strong><br \/>\n<strong>Magnitudes y medidas.<\/strong><\/p>\n<p>&nbsp;<\/p>\n","protected":false},"featured_media":67662,"comment_status":"closed","ping_status":"closed","template":"","meta":{"_acf_changed":false,"_monsterinsights_skip_tracking":false,"_monsterinsights_sitenote_active":false,"_monsterinsights_sitenote_note":"","_monsterinsights_sitenote_category":0},"product_cat":[765],"product_tag":[],"class_list":{"0":"post-67692","1":"product","2":"type-product","3":"status-publish","4":"has-post-thumbnail","6":"product_cat-aprender-matematicas","8":"first","9":"instock","10":"taxable","11":"shipping-taxable","12":"purchasable","13":"product-type-simple"},"acf":[],"yoast_head":"<!-- This site is optimized with the Yoast SEO plugin v24.2 - https:\/\/yoast.com\/wordpress\/plugins\/seo\/ -->\n<title>Aprender y practicar matem\u00e1ticas - 5\u00ba de primaria - Tienda Mundo Primaria<\/title>\n<meta name=\"robots\" content=\"index, follow, max-snippet:-1, max-image-preview:large, max-video-preview:-1\" \/>\n<link rel=\"canonical\" href=\"https:\/\/www.mundoprimaria.com\/tienda\/producto\/aprender-y-practicar-matematicas-5o-de-primaria\" \/>\n<meta property=\"og:locale\" content=\"es_ES\" \/>\n<meta property=\"og:type\" content=\"article\" \/>\n<meta property=\"og:title\" content=\"Aprender y practicar matem\u00e1ticas - 5\u00ba de primaria - Tienda Mundo Primaria\" \/>\n<meta property=\"og:description\" content=\"Esta colecci\u00f3n est\u00e1 especialmente dise\u00f1ada para ayudarles a desarrollar las destrezas matem\u00e1ticas de una manera activa, sencilla y motivadora. Cada libro se compone de fichas pertenecientes a cada una de las siguientes \u00e1reas establecidas en el curr\u00edculo oficial:  N\u00fameros y operaciones. Geometr\u00eda. Magnitudes y medidas.  &nbsp;\" \/>\n<meta property=\"og:url\" content=\"https:\/\/www.mundoprimaria.com\/tienda\/producto\/aprender-y-practicar-matematicas-5o-de-primaria\" \/>\n<meta property=\"og:site_name\" content=\"Tienda Mundo Primaria\" \/>\n<meta property=\"article:modified_time\" content=\"2020-10-27T14:14:25+00:00\" \/>\n<meta property=\"og:image\" content=\"https:\/\/www.mundoprimaria.com\/tienda\/wp-content\/uploads\/2020\/04\/MockupMate5.jpg\" \/>\n\t<meta property=\"og:image:width\" content=\"460\" \/>\n\t<meta property=\"og:image:height\" content=\"460\" \/>\n\t<meta property=\"og:image:type\" content=\"image\/jpeg\" \/>\n<meta name=\"twitter:label1\" content=\"Tiempo de lectura\" \/>\n\t<meta name=\"twitter:data1\" content=\"1 minuto\" \/>\n<script type=\"application\/ld+json\" class=\"yoast-schema-graph\">{\"@context\":\"https:\/\/schema.org\",\"@graph\":[{\"@type\":\"WebPage\",\"@id\":\"https:\/\/www.mundoprimaria.com\/tienda\/producto\/aprender-y-practicar-matematicas-5o-de-primaria\",\"url\":\"https:\/\/www.mundoprimaria.com\/tienda\/producto\/aprender-y-practicar-matematicas-5o-de-primaria\",\"name\":\"Aprender y practicar matem\u00e1ticas - 5\u00ba de primaria - Tienda Mundo Primaria\",\"isPartOf\":{\"@id\":\"https:\/\/www.mundoprimaria.com\/tienda\/#website\"},\"primaryImageOfPage\":{\"@id\":\"https:\/\/www.mundoprimaria.com\/tienda\/producto\/aprender-y-practicar-matematicas-5o-de-primaria#primaryimage\"},\"image\":{\"@id\":\"https:\/\/www.mundoprimaria.com\/tienda\/producto\/aprender-y-practicar-matematicas-5o-de-primaria#primaryimage\"},\"thumbnailUrl\":\"https:\/\/www.mundoprimaria.com\/tienda\/wp-content\/uploads\/2020\/04\/MockupMate5.jpg\",\"datePublished\":\"2020-04-20T12:06:38+00:00\",\"dateModified\":\"2020-10-27T14:14:25+00:00\",\"breadcrumb\":{\"@id\":\"https:\/\/www.mundoprimaria.com\/tienda\/producto\/aprender-y-practicar-matematicas-5o-de-primaria#breadcrumb\"},\"inLanguage\":\"es\",\"potentialAction\":[{\"@type\":\"ReadAction\",\"target\":[\"https:\/\/www.mundoprimaria.com\/tienda\/producto\/aprender-y-practicar-matematicas-5o-de-primaria\"]}]},{\"@type\":\"ImageObject\",\"inLanguage\":\"es\",\"@id\":\"https:\/\/www.mundoprimaria.com\/tienda\/producto\/aprender-y-practicar-matematicas-5o-de-primaria#primaryimage\",\"url\":\"https:\/\/www.mundoprimaria.com\/tienda\/wp-content\/uploads\/2020\/04\/MockupMate5.jpg\",\"contentUrl\":\"https:\/\/www.mundoprimaria.com\/tienda\/wp-content\/uploads\/2020\/04\/MockupMate5.jpg\",\"width\":460,\"height\":460},{\"@type\":\"BreadcrumbList\",\"@id\":\"https:\/\/www.mundoprimaria.com\/tienda\/producto\/aprender-y-practicar-matematicas-5o-de-primaria#breadcrumb\",\"itemListElement\":[{\"@type\":\"ListItem\",\"position\":1,\"name\":\"Portada\",\"item\":\"https:\/\/www.mundoprimaria.com\/tienda\/\"},{\"@type\":\"ListItem\",\"position\":2,\"name\":\"Productos\",\"item\":\"https:\/\/www.mundoprimaria.com\/tienda\/shop\"},{\"@type\":\"ListItem\",\"position\":3,\"name\":\"Aprender y practicar matem\u00e1ticas &#8211; 5\u00ba de primaria\"}]},{\"@type\":\"WebSite\",\"@id\":\"https:\/\/www.mundoprimaria.com\/tienda\/#website\",\"url\":\"https:\/\/www.mundoprimaria.com\/tienda\/\",\"name\":\"Tienda Mundo Primaria\",\"description\":\"El portal para aprender jugando.\",\"potentialAction\":[{\"@type\":\"SearchAction\",\"target\":{\"@type\":\"EntryPoint\",\"urlTemplate\":\"https:\/\/www.mundoprimaria.com\/tienda\/?s={search_term_string}\"},\"query-input\":{\"@type\":\"PropertyValueSpecification\",\"valueRequired\":true,\"valueName\":\"search_term_string\"}}],\"inLanguage\":\"es\"}]}<\/script>\n<!-- \/ Yoast SEO plugin. -->","yoast_head_json":{"title":"Aprender y practicar matem\u00e1ticas - 5\u00ba de primaria - Tienda Mundo Primaria","robots":{"index":"index","follow":"follow","max-snippet":"max-snippet:-1","max-image-preview":"max-image-preview:large","max-video-preview":"max-video-preview:-1"},"canonical":"https:\/\/www.mundoprimaria.com\/tienda\/producto\/aprender-y-practicar-matematicas-5o-de-primaria","og_locale":"es_ES","og_type":"article","og_title":"Aprender y practicar matem\u00e1ticas - 5\u00ba de primaria - Tienda Mundo Primaria","og_description":"Esta colecci\u00f3n est\u00e1 especialmente dise\u00f1ada para ayudarles a desarrollar las destrezas matem\u00e1ticas de una manera activa, sencilla y motivadora. Cada libro se compone de fichas pertenecientes a cada una de las siguientes \u00e1reas establecidas en el curr\u00edculo oficial:  N\u00fameros y operaciones. Geometr\u00eda. Magnitudes y medidas.  &nbsp;","og_url":"https:\/\/www.mundoprimaria.com\/tienda\/producto\/aprender-y-practicar-matematicas-5o-de-primaria","og_site_name":"Tienda Mundo Primaria","article_modified_time":"2020-10-27T14:14:25+00:00","og_image":[{"width":460,"height":460,"url":"https:\/\/www.mundoprimaria.com\/tienda\/wp-content\/uploads\/2020\/04\/MockupMate5.jpg","type":"image\/jpeg"}],"twitter_misc":{"Tiempo de lectura":"1 minuto"},"schema":{"@context":"https:\/\/schema.org","@graph":[{"@type":"WebPage","@id":"https:\/\/www.mundoprimaria.com\/tienda\/producto\/aprender-y-practicar-matematicas-5o-de-primaria","url":"https:\/\/www.mundoprimaria.com\/tienda\/producto\/aprender-y-practicar-matematicas-5o-de-primaria","name":"Aprender y practicar matem\u00e1ticas - 5\u00ba de primaria - Tienda Mundo Primaria","isPartOf":{"@id":"https:\/\/www.mundoprimaria.com\/tienda\/#website"},"primaryImageOfPage":{"@id":"https:\/\/www.mundoprimaria.com\/tienda\/producto\/aprender-y-practicar-matematicas-5o-de-primaria#primaryimage"},"image":{"@id":"https:\/\/www.mundoprimaria.com\/tienda\/producto\/aprender-y-practicar-matematicas-5o-de-primaria#primaryimage"},"thumbnailUrl":"https:\/\/www.mundoprimaria.com\/tienda\/wp-content\/uploads\/2020\/04\/MockupMate5.jpg","datePublished":"2020-04-20T12:06:38+00:00","dateModified":"2020-10-27T14:14:25+00:00","breadcrumb":{"@id":"https:\/\/www.mundoprimaria.com\/tienda\/producto\/aprender-y-practicar-matematicas-5o-de-primaria#breadcrumb"},"inLanguage":"es","potentialAction":[{"@type":"ReadAction","target":["https:\/\/www.mundoprimaria.com\/tienda\/producto\/aprender-y-practicar-matematicas-5o-de-primaria"]}]},{"@type":"ImageObject","inLanguage":"es","@id":"https:\/\/www.mundoprimaria.com\/tienda\/producto\/aprender-y-practicar-matematicas-5o-de-primaria#primaryimage","url":"https:\/\/www.mundoprimaria.com\/tienda\/wp-content\/uploads\/2020\/04\/MockupMate5.jpg","contentUrl":"https:\/\/www.mundoprimaria.com\/tienda\/wp-content\/uploads\/2020\/04\/MockupMate5.jpg","width":460,"height":460},{"@type":"BreadcrumbList","@id":"https:\/\/www.mundoprimaria.com\/tienda\/producto\/aprender-y-practicar-matematicas-5o-de-primaria#breadcrumb","itemListElement":[{"@type":"ListItem","position":1,"name":"Portada","item":"https:\/\/www.mundoprimaria.com\/tienda\/"},{"@type":"ListItem","position":2,"name":"Productos","item":"https:\/\/www.mundoprimaria.com\/tienda\/shop"},{"@type":"ListItem","position":3,"name":"Aprender y practicar matem\u00e1ticas &#8211; 5\u00ba de primaria"}]},{"@type":"WebSite","@id":"https:\/\/www.mundoprimaria.com\/tienda\/#website","url":"https:\/\/www.mundoprimaria.com\/tienda\/","name":"Tienda Mundo Primaria","description":"El portal para aprender jugando.","potentialAction":[{"@type":"SearchAction","target":{"@type":"EntryPoint","urlTemplate":"https:\/\/www.mundoprimaria.com\/tienda\/?s={search_term_string}"},"query-input":{"@type":"PropertyValueSpecification","valueRequired":true,"valueName":"search_term_string"}}],"inLanguage":"es"}]}},"_links":{"self":[{"href":"https:\/\/www.mundoprimaria.com\/tienda\/wp-json\/wp\/v2\/product\/67692","targetHints":{"allow":["GET"]}}],"collection":[{"href":"https:\/\/www.mundoprimaria.com\/tienda\/wp-json\/wp\/v2\/product"}],"about":[{"href":"https:\/\/www.mundoprimaria.com\/tienda\/wp-json\/wp\/v2\/types\/product"}],"replies":[{"embeddable":true,"href":"https:\/\/www.mundoprimaria.com\/tienda\/wp-json\/wp\/v2\/comments?post=67692"}],"wp:featuredmedia":[{"embeddable":true,"href":"https:\/\/www.mundoprimaria.com\/tienda\/wp-json\/wp\/v2\/media\/67662"}],"wp:attachment":[{"href":"https:\/\/www.mundoprimaria.com\/tienda\/wp-json\/wp\/v2\/media?parent=67692"}],"wp:term":[{"taxonomy":"product_cat","embeddable":true,"href":"https:\/\/www.mundoprimaria.com\/tienda\/wp-json\/wp\/v2\/product_cat?post=67692"},{"taxonomy":"product_tag","embeddable":true,"href":"https:\/\/www.mundoprimaria.com\/tienda\/wp-json\/wp\/v2\/product_tag?post=67692"}],"curies":[{"name":"wp","href":"https:\/\/api.w.org\/{rel}","templated":true}]}}