

{"id":64367,"date":"2017-08-02T03:44:48","date_gmt":"2017-08-02T01:44:48","guid":{"rendered":"http:\/\/www.mundoprimaria.com\/tienda\/?post_type=product&#038;p=64367"},"modified":"2024-03-01T09:25:04","modified_gmt":"2024-03-01T08:25:04","slug":"inteligencia-emocional-1","status":"publish","type":"product","link":"https:\/\/www.mundoprimaria.com\/tienda\/producto\/inteligencia-emocional-1","title":{"rendered":"Inteligencia emocional para ni\u00f1os. Nivel 1"},"content":{"rendered":"<div style=\"margin-bottom: 5px\"><strong>Contenido<\/strong><\/div>\n<p>Este cuaderno introduce a los ni\u00f1os en el mundo de las emociones. Presenta una serie de ejercicios sencillos que el ni\u00f1o tiene que realizar y que permiten al peque\u00f1o entrar en el universo emocional, aprender el lenguaje de las emociones, reconocer sus propios estados emocionales y los de los dem\u00e1s, e iniciarlos en el manejo y comprensi\u00f3n de sus emociones.<\/p>\n<p>La participaci\u00f3n de los padres o los profesionales es fundamental para el aprovechamiento de este cuaderno, ya que el ni\u00f1o requerir\u00e1 la ayuda del adulto con bastante frecuencia durante su lectura.<\/p>\n<p><strong>\u00bfQu\u00e9 encontrar\u00e1s en este cuaderno?<\/strong><\/p>\n<p>El cuaderno est\u00e1 dirigido a los ni\u00f1os. En \u00e9l se relatan una serie de historias protagonizadas por una ni\u00f1a de 7 a\u00f1os llamada Luc\u00eda que servir\u00e1n para facilitar la comprensi\u00f3n de situaciones vinculadas a diferentes emociones.<\/p>\n<p>A continuaci\u00f3n, el ni\u00f1o deber\u00e1 contestar a sencillas preguntas y realizar unos ejercicios muy entretenidos que le ayudar\u00e1n a reflexionar y a asimilar los contenidos.<\/p>\n<p>Finalmente se ponen a disposici\u00f3n del lector algunas estrategias para que pueda controlar sus estados emocionales.<\/p>\n<p><strong>\u00bfQui\u00e9n puede usarlo?<\/strong><\/p>\n<p>El cuaderno puede ser utilizado por padres que desean iniciar a sus hijos en el conocimiento de las emociones.<\/p>\n<p>Tambi\u00e9n es una herramienta muy \u00fatil para los orientadores de los centros educativos ya que se puede usar a nivel individual con alumnos que presentan dificultades en el reconocimiento, la comprensi\u00f3n y la regulaci\u00f3n de sus emociones.<\/p>\n<p>El orientador y el tutor lo pueden utilizar a nivel grupal, con el objetivo de trabajar la Inteligencia Emocional en el aula.<\/p>\n<p>El psic\u00f3logo infantil puede beneficiarse de estos ejercicios para trabajar con pacientes que presentan dificultades en este \u00e1mbito<\/p>\n","protected":false},"excerpt":{"rendered":"<p>Est\u00e1 demostrado que la capacidad para manejarnos a nivel emocional y social es una de las habilidades m\u00e1s importantes para poder tener un desarrollo vital \u00f3ptimo. La idea de tener \u00e9xito en la vida tambi\u00e9n ha evolucionado. Ahora se persigue a todos los niveles: profesional, personal y social. La Inteligencia Emocional juega un papel clave para lograr este objetivo.<\/p>\n","protected":false},"featured_media":64496,"comment_status":"closed","ping_status":"closed","template":"","meta":{"_acf_changed":false,"_monsterinsights_skip_tracking":false,"_monsterinsights_sitenote_active":false,"_monsterinsights_sitenote_note":"","_monsterinsights_sitenote_category":0},"product_cat":[340],"product_tag":[],"class_list":{"0":"post-64367","1":"product","2":"type-product","3":"status-publish","4":"has-post-thumbnail","6":"product_cat-inteligencia-emocional-para-ninos","7":"product_shipping_class-mensajeria","9":"first","10":"instock","11":"taxable","12":"shipping-taxable","13":"purchasable","14":"product-type-simple"},"acf":[],"yoast_head":"<!-- This site is optimized with the Yoast SEO plugin v24.2 - https:\/\/yoast.com\/wordpress\/plugins\/seo\/ -->\n<title>Inteligencia emocional para ni\u00f1os. Nivel 1 - Tienda Mundo Primaria<\/title>\n<meta name=\"robots\" content=\"noindex, follow\" \/>\n<meta property=\"og:locale\" content=\"es_ES\" \/>\n<meta property=\"og:type\" content=\"article\" \/>\n<meta property=\"og:title\" content=\"Inteligencia emocional para ni\u00f1os. Nivel 1 - Tienda Mundo Primaria\" \/>\n<meta property=\"og:description\" content=\"Est\u00e1 demostrado que la capacidad para manejarnos a nivel emocional y social es una de las habilidades m\u00e1s importantes para poder tener un desarrollo vital \u00f3ptimo. La idea de tener \u00e9xito en la vida tambi\u00e9n ha evolucionado. Ahora se persigue a todos los niveles: profesional, personal y social. La Inteligencia Emocional juega un papel clave para lograr este objetivo.\" \/>\n<meta property=\"og:url\" content=\"https:\/\/www.mundoprimaria.com\/tienda\/producto\/inteligencia-emocional-1\" \/>\n<meta property=\"og:site_name\" content=\"Tienda Mundo Primaria\" \/>\n<meta property=\"article:modified_time\" content=\"2024-03-01T08:25:04+00:00\" \/>\n<meta property=\"og:image\" content=\"https:\/\/www.mundoprimaria.com\/tienda\/wp-content\/uploads\/2017\/08\/Inteligencia-emociona_NV1-1.jpg\" \/>\n\t<meta property=\"og:image:width\" content=\"460\" \/>\n\t<meta property=\"og:image:height\" content=\"460\" \/>\n\t<meta property=\"og:image:type\" content=\"image\/jpeg\" \/>\n<meta name=\"twitter:label1\" content=\"Tiempo de lectura\" \/>\n\t<meta name=\"twitter:data1\" content=\"2 minutos\" \/>\n<script type=\"application\/ld+json\" class=\"yoast-schema-graph\">{\"@context\":\"https:\/\/schema.org\",\"@graph\":[{\"@type\":\"WebPage\",\"@id\":\"https:\/\/www.mundoprimaria.com\/tienda\/producto\/inteligencia-emocional-1\",\"url\":\"https:\/\/www.mundoprimaria.com\/tienda\/producto\/inteligencia-emocional-1\",\"name\":\"Inteligencia emocional para ni\u00f1os. Nivel 1 - Tienda Mundo Primaria\",\"isPartOf\":{\"@id\":\"https:\/\/www.mundoprimaria.com\/tienda\/#website\"},\"primaryImageOfPage\":{\"@id\":\"https:\/\/www.mundoprimaria.com\/tienda\/producto\/inteligencia-emocional-1#primaryimage\"},\"image\":{\"@id\":\"https:\/\/www.mundoprimaria.com\/tienda\/producto\/inteligencia-emocional-1#primaryimage\"},\"thumbnailUrl\":\"https:\/\/www.mundoprimaria.com\/tienda\/wp-content\/uploads\/2017\/08\/Inteligencia-emociona_NV1-1.jpg\",\"datePublished\":\"2017-08-02T01:44:48+00:00\",\"dateModified\":\"2024-03-01T08:25:04+00:00\",\"breadcrumb\":{\"@id\":\"https:\/\/www.mundoprimaria.com\/tienda\/producto\/inteligencia-emocional-1#breadcrumb\"},\"inLanguage\":\"es\",\"potentialAction\":[{\"@type\":\"ReadAction\",\"target\":[\"https:\/\/www.mundoprimaria.com\/tienda\/producto\/inteligencia-emocional-1\"]}]},{\"@type\":\"ImageObject\",\"inLanguage\":\"es\",\"@id\":\"https:\/\/www.mundoprimaria.com\/tienda\/producto\/inteligencia-emocional-1#primaryimage\",\"url\":\"https:\/\/www.mundoprimaria.com\/tienda\/wp-content\/uploads\/2017\/08\/Inteligencia-emociona_NV1-1.jpg\",\"contentUrl\":\"https:\/\/www.mundoprimaria.com\/tienda\/wp-content\/uploads\/2017\/08\/Inteligencia-emociona_NV1-1.jpg\",\"width\":460,\"height\":460},{\"@type\":\"BreadcrumbList\",\"@id\":\"https:\/\/www.mundoprimaria.com\/tienda\/producto\/inteligencia-emocional-1#breadcrumb\",\"itemListElement\":[{\"@type\":\"ListItem\",\"position\":1,\"name\":\"Portada\",\"item\":\"https:\/\/www.mundoprimaria.com\/tienda\/\"},{\"@type\":\"ListItem\",\"position\":2,\"name\":\"Productos\",\"item\":\"https:\/\/www.mundoprimaria.com\/tienda\/shop\"},{\"@type\":\"ListItem\",\"position\":3,\"name\":\"Inteligencia emocional para ni\u00f1os. Nivel 1\"}]},{\"@type\":\"WebSite\",\"@id\":\"https:\/\/www.mundoprimaria.com\/tienda\/#website\",\"url\":\"https:\/\/www.mundoprimaria.com\/tienda\/\",\"name\":\"Tienda Mundo Primaria\",\"description\":\"El portal para aprender jugando.\",\"potentialAction\":[{\"@type\":\"SearchAction\",\"target\":{\"@type\":\"EntryPoint\",\"urlTemplate\":\"https:\/\/www.mundoprimaria.com\/tienda\/?s={search_term_string}\"},\"query-input\":{\"@type\":\"PropertyValueSpecification\",\"valueRequired\":true,\"valueName\":\"search_term_string\"}}],\"inLanguage\":\"es\"}]}<\/script>\n<!-- \/ Yoast SEO plugin. -->","yoast_head_json":{"title":"Inteligencia emocional para ni\u00f1os. Nivel 1 - Tienda Mundo Primaria","robots":{"index":"noindex","follow":"follow"},"og_locale":"es_ES","og_type":"article","og_title":"Inteligencia emocional para ni\u00f1os. Nivel 1 - Tienda Mundo Primaria","og_description":"Est\u00e1 demostrado que la capacidad para manejarnos a nivel emocional y social es una de las habilidades m\u00e1s importantes para poder tener un desarrollo vital \u00f3ptimo. La idea de tener \u00e9xito en la vida tambi\u00e9n ha evolucionado. Ahora se persigue a todos los niveles: profesional, personal y social. La Inteligencia Emocional juega un papel clave para lograr este objetivo.","og_url":"https:\/\/www.mundoprimaria.com\/tienda\/producto\/inteligencia-emocional-1","og_site_name":"Tienda Mundo Primaria","article_modified_time":"2024-03-01T08:25:04+00:00","og_image":[{"width":460,"height":460,"url":"https:\/\/www.mundoprimaria.com\/tienda\/wp-content\/uploads\/2017\/08\/Inteligencia-emociona_NV1-1.jpg","type":"image\/jpeg"}],"twitter_misc":{"Tiempo de lectura":"2 minutos"},"schema":{"@context":"https:\/\/schema.org","@graph":[{"@type":"WebPage","@id":"https:\/\/www.mundoprimaria.com\/tienda\/producto\/inteligencia-emocional-1","url":"https:\/\/www.mundoprimaria.com\/tienda\/producto\/inteligencia-emocional-1","name":"Inteligencia emocional para ni\u00f1os. Nivel 1 - Tienda Mundo Primaria","isPartOf":{"@id":"https:\/\/www.mundoprimaria.com\/tienda\/#website"},"primaryImageOfPage":{"@id":"https:\/\/www.mundoprimaria.com\/tienda\/producto\/inteligencia-emocional-1#primaryimage"},"image":{"@id":"https:\/\/www.mundoprimaria.com\/tienda\/producto\/inteligencia-emocional-1#primaryimage"},"thumbnailUrl":"https:\/\/www.mundoprimaria.com\/tienda\/wp-content\/uploads\/2017\/08\/Inteligencia-emociona_NV1-1.jpg","datePublished":"2017-08-02T01:44:48+00:00","dateModified":"2024-03-01T08:25:04+00:00","breadcrumb":{"@id":"https:\/\/www.mundoprimaria.com\/tienda\/producto\/inteligencia-emocional-1#breadcrumb"},"inLanguage":"es","potentialAction":[{"@type":"ReadAction","target":["https:\/\/www.mundoprimaria.com\/tienda\/producto\/inteligencia-emocional-1"]}]},{"@type":"ImageObject","inLanguage":"es","@id":"https:\/\/www.mundoprimaria.com\/tienda\/producto\/inteligencia-emocional-1#primaryimage","url":"https:\/\/www.mundoprimaria.com\/tienda\/wp-content\/uploads\/2017\/08\/Inteligencia-emociona_NV1-1.jpg","contentUrl":"https:\/\/www.mundoprimaria.com\/tienda\/wp-content\/uploads\/2017\/08\/Inteligencia-emociona_NV1-1.jpg","width":460,"height":460},{"@type":"BreadcrumbList","@id":"https:\/\/www.mundoprimaria.com\/tienda\/producto\/inteligencia-emocional-1#breadcrumb","itemListElement":[{"@type":"ListItem","position":1,"name":"Portada","item":"https:\/\/www.mundoprimaria.com\/tienda\/"},{"@type":"ListItem","position":2,"name":"Productos","item":"https:\/\/www.mundoprimaria.com\/tienda\/shop"},{"@type":"ListItem","position":3,"name":"Inteligencia emocional para ni\u00f1os. Nivel 1"}]},{"@type":"WebSite","@id":"https:\/\/www.mundoprimaria.com\/tienda\/#website","url":"https:\/\/www.mundoprimaria.com\/tienda\/","name":"Tienda Mundo Primaria","description":"El portal para aprender jugando.","potentialAction":[{"@type":"SearchAction","target":{"@type":"EntryPoint","urlTemplate":"https:\/\/www.mundoprimaria.com\/tienda\/?s={search_term_string}"},"query-input":{"@type":"PropertyValueSpecification","valueRequired":true,"valueName":"search_term_string"}}],"inLanguage":"es"}]}},"_links":{"self":[{"href":"https:\/\/www.mundoprimaria.com\/tienda\/wp-json\/wp\/v2\/product\/64367","targetHints":{"allow":["GET"]}}],"collection":[{"href":"https:\/\/www.mundoprimaria.com\/tienda\/wp-json\/wp\/v2\/product"}],"about":[{"href":"https:\/\/www.mundoprimaria.com\/tienda\/wp-json\/wp\/v2\/types\/product"}],"replies":[{"embeddable":true,"href":"https:\/\/www.mundoprimaria.com\/tienda\/wp-json\/wp\/v2\/comments?post=64367"}],"wp:featuredmedia":[{"embeddable":true,"href":"https:\/\/www.mundoprimaria.com\/tienda\/wp-json\/wp\/v2\/media\/64496"}],"wp:attachment":[{"href":"https:\/\/www.mundoprimaria.com\/tienda\/wp-json\/wp\/v2\/media?parent=64367"}],"wp:term":[{"taxonomy":"product_cat","embeddable":true,"href":"https:\/\/www.mundoprimaria.com\/tienda\/wp-json\/wp\/v2\/product_cat?post=64367"},{"taxonomy":"product_tag","embeddable":true,"href":"https:\/\/www.mundoprimaria.com\/tienda\/wp-json\/wp\/v2\/product_tag?post=64367"}],"curies":[{"name":"wp","href":"https:\/\/api.w.org\/{rel}","templated":true}]}}