

{"id":64350,"date":"2017-08-01T05:32:07","date_gmt":"2017-08-01T03:32:07","guid":{"rendered":"http:\/\/www.mundoprimaria.com\/tienda\/?post_type=product&#038;p=64350"},"modified":"2022-01-12T10:26:39","modified_gmt":"2022-01-12T09:26:39","slug":"discapacidad-intelectual","status":"publish","type":"product","link":"https:\/\/www.mundoprimaria.com\/tienda\/producto\/discapacidad-intelectual","title":{"rendered":"Discapacidad intelectual: Una gu\u00eda educativa"},"content":{"rendered":"<p><span style=\"color: #000000;\">Orientaciones pr\u00e1cticas para los padres de ni\u00f1os con discapacidad intelectual.<\/span><\/p>\n<p><span style=\"color: #000000;\"><strong>Las personas con discapacidad intelectual\u00a0<\/strong><br \/>\nIntroducci\u00f3n<br \/>\nEnfoques hist\u00f3ricos<br \/>\nInterpretaci\u00f3n actual<br \/>\nComplejidad de la discapacidad intelectual<br \/>\nLa conducta adaptativa y las \u00e1reas de habilidades de adaptaci\u00f3n<br \/>\n\u00bfPor qu\u00e9 mi hij@ tiene una discapacidad intelectual?<br \/>\nClasificaci\u00f3n<br \/>\nLos apoyos<br \/>\nLos principios<br \/>\nResumen<\/span><\/p>\n<p><strong>Los padres\u00a0<\/strong><br \/>\nAfrontar los sentimientos que provoca la noticia<br \/>\nLa labor de los padres para contribuir al m\u00e1ximo desarrollo de los hijos<br \/>\nReduciendo la ansiedad de la tarea<br \/>\nLos estilos educativos de los padres<br \/>\nHabilidades de los padres que hay que fomentar<br \/>\nLas actitudes b\u00e1sicas de los padres<br \/>\nLa sobreprotecci\u00f3n no ayuda<br \/>\nResumen<\/p>\n<p><strong>Los hermanos\u00a0<\/strong><br \/>\nLos sentimientos de los hermanos<br \/>\nC\u00f3mo influye nuestra actitud<br \/>\nLa informaci\u00f3n. Deben conocer qu\u00e9 le pasa al hermano<\/p>\n<p><strong>Mitos relativos a las personas con discapacidad\u00a0<\/strong><br \/>\nLos mitos<br \/>\n<strong>Nuestros miedos y deseos. El futuro\u00a0<\/strong><br \/>\nPatrimonios y tutelas<\/p>\n<p><strong>Los padres preguntan\u00a0<\/strong><\/p>\n<p><strong>Actividades para la reflexi\u00f3n\u00a0<\/strong><\/p>\n<p><strong>Para saber m\u00e1s&#8230;<\/strong><br \/>\nAsociaciones y fundaciones<\/p>\n","protected":false},"excerpt":{"rendered":"<p>Orientaciones pr\u00e1cticas para los padres de ni\u00f1os con discapacidad intelectual.<\/p>\n","protected":false},"featured_media":64504,"comment_status":"closed","ping_status":"closed","template":"","meta":{"_acf_changed":false,"_monsterinsights_skip_tracking":false,"_monsterinsights_sitenote_active":false,"_monsterinsights_sitenote_note":"","_monsterinsights_sitenote_category":0},"product_cat":[353],"product_tag":[],"class_list":{"0":"post-64350","1":"product","2":"type-product","3":"status-publish","4":"has-post-thumbnail","6":"product_cat-escuela-de-padres","7":"product_shipping_class-mensajeria","9":"first","10":"instock","11":"taxable","12":"shipping-taxable","13":"purchasable","14":"product-type-simple"},"acf":[],"yoast_head":"<!-- This site is optimized with the Yoast SEO plugin v24.2 - https:\/\/yoast.com\/wordpress\/plugins\/seo\/ -->\n<title>Discapacidad intelectual: Una gu\u00eda educativa - Tienda Mundo Primaria<\/title>\n<meta name=\"robots\" content=\"noindex, follow\" \/>\n<meta property=\"og:locale\" content=\"es_ES\" \/>\n<meta property=\"og:type\" content=\"article\" \/>\n<meta property=\"og:title\" content=\"Discapacidad intelectual: Una gu\u00eda educativa - Tienda Mundo Primaria\" \/>\n<meta property=\"og:description\" content=\"Orientaciones pr\u00e1cticas para los padres de ni\u00f1os con discapacidad intelectual.\" \/>\n<meta property=\"og:url\" content=\"https:\/\/www.mundoprimaria.com\/tienda\/producto\/discapacidad-intelectual\" \/>\n<meta property=\"og:site_name\" content=\"Tienda Mundo Primaria\" \/>\n<meta property=\"article:modified_time\" content=\"2022-01-12T09:26:39+00:00\" \/>\n<meta property=\"og:image\" content=\"https:\/\/www.mundoprimaria.com\/tienda\/wp-content\/uploads\/2017\/08\/Discapacidad-intelectual.jpg\" \/>\n\t<meta property=\"og:image:width\" content=\"460\" \/>\n\t<meta property=\"og:image:height\" content=\"460\" \/>\n\t<meta property=\"og:image:type\" content=\"image\/jpeg\" \/>\n<meta name=\"twitter:label1\" content=\"Tiempo de lectura\" \/>\n\t<meta name=\"twitter:data1\" content=\"1 minuto\" \/>\n<script type=\"application\/ld+json\" class=\"yoast-schema-graph\">{\"@context\":\"https:\/\/schema.org\",\"@graph\":[{\"@type\":\"WebPage\",\"@id\":\"https:\/\/www.mundoprimaria.com\/tienda\/producto\/discapacidad-intelectual\",\"url\":\"https:\/\/www.mundoprimaria.com\/tienda\/producto\/discapacidad-intelectual\",\"name\":\"Discapacidad intelectual: Una gu\u00eda educativa - Tienda Mundo Primaria\",\"isPartOf\":{\"@id\":\"https:\/\/www.mundoprimaria.com\/tienda\/#website\"},\"primaryImageOfPage\":{\"@id\":\"https:\/\/www.mundoprimaria.com\/tienda\/producto\/discapacidad-intelectual#primaryimage\"},\"image\":{\"@id\":\"https:\/\/www.mundoprimaria.com\/tienda\/producto\/discapacidad-intelectual#primaryimage\"},\"thumbnailUrl\":\"https:\/\/www.mundoprimaria.com\/tienda\/wp-content\/uploads\/2017\/08\/Discapacidad-intelectual.jpg\",\"datePublished\":\"2017-08-01T03:32:07+00:00\",\"dateModified\":\"2022-01-12T09:26:39+00:00\",\"breadcrumb\":{\"@id\":\"https:\/\/www.mundoprimaria.com\/tienda\/producto\/discapacidad-intelectual#breadcrumb\"},\"inLanguage\":\"es\",\"potentialAction\":[{\"@type\":\"ReadAction\",\"target\":[\"https:\/\/www.mundoprimaria.com\/tienda\/producto\/discapacidad-intelectual\"]}]},{\"@type\":\"ImageObject\",\"inLanguage\":\"es\",\"@id\":\"https:\/\/www.mundoprimaria.com\/tienda\/producto\/discapacidad-intelectual#primaryimage\",\"url\":\"https:\/\/www.mundoprimaria.com\/tienda\/wp-content\/uploads\/2017\/08\/Discapacidad-intelectual.jpg\",\"contentUrl\":\"https:\/\/www.mundoprimaria.com\/tienda\/wp-content\/uploads\/2017\/08\/Discapacidad-intelectual.jpg\",\"width\":460,\"height\":460},{\"@type\":\"BreadcrumbList\",\"@id\":\"https:\/\/www.mundoprimaria.com\/tienda\/producto\/discapacidad-intelectual#breadcrumb\",\"itemListElement\":[{\"@type\":\"ListItem\",\"position\":1,\"name\":\"Portada\",\"item\":\"https:\/\/www.mundoprimaria.com\/tienda\/\"},{\"@type\":\"ListItem\",\"position\":2,\"name\":\"Productos\",\"item\":\"https:\/\/www.mundoprimaria.com\/tienda\/shop\"},{\"@type\":\"ListItem\",\"position\":3,\"name\":\"Discapacidad intelectual: Una gu\u00eda educativa\"}]},{\"@type\":\"WebSite\",\"@id\":\"https:\/\/www.mundoprimaria.com\/tienda\/#website\",\"url\":\"https:\/\/www.mundoprimaria.com\/tienda\/\",\"name\":\"Tienda Mundo Primaria\",\"description\":\"El portal para aprender jugando.\",\"potentialAction\":[{\"@type\":\"SearchAction\",\"target\":{\"@type\":\"EntryPoint\",\"urlTemplate\":\"https:\/\/www.mundoprimaria.com\/tienda\/?s={search_term_string}\"},\"query-input\":{\"@type\":\"PropertyValueSpecification\",\"valueRequired\":true,\"valueName\":\"search_term_string\"}}],\"inLanguage\":\"es\"}]}<\/script>\n<!-- \/ Yoast SEO plugin. -->","yoast_head_json":{"title":"Discapacidad intelectual: Una gu\u00eda educativa - Tienda Mundo Primaria","robots":{"index":"noindex","follow":"follow"},"og_locale":"es_ES","og_type":"article","og_title":"Discapacidad intelectual: Una gu\u00eda educativa - Tienda Mundo Primaria","og_description":"Orientaciones pr\u00e1cticas para los padres de ni\u00f1os con discapacidad intelectual.","og_url":"https:\/\/www.mundoprimaria.com\/tienda\/producto\/discapacidad-intelectual","og_site_name":"Tienda Mundo Primaria","article_modified_time":"2022-01-12T09:26:39+00:00","og_image":[{"width":460,"height":460,"url":"https:\/\/www.mundoprimaria.com\/tienda\/wp-content\/uploads\/2017\/08\/Discapacidad-intelectual.jpg","type":"image\/jpeg"}],"twitter_misc":{"Tiempo de lectura":"1 minuto"},"schema":{"@context":"https:\/\/schema.org","@graph":[{"@type":"WebPage","@id":"https:\/\/www.mundoprimaria.com\/tienda\/producto\/discapacidad-intelectual","url":"https:\/\/www.mundoprimaria.com\/tienda\/producto\/discapacidad-intelectual","name":"Discapacidad intelectual: Una gu\u00eda educativa - Tienda Mundo Primaria","isPartOf":{"@id":"https:\/\/www.mundoprimaria.com\/tienda\/#website"},"primaryImageOfPage":{"@id":"https:\/\/www.mundoprimaria.com\/tienda\/producto\/discapacidad-intelectual#primaryimage"},"image":{"@id":"https:\/\/www.mundoprimaria.com\/tienda\/producto\/discapacidad-intelectual#primaryimage"},"thumbnailUrl":"https:\/\/www.mundoprimaria.com\/tienda\/wp-content\/uploads\/2017\/08\/Discapacidad-intelectual.jpg","datePublished":"2017-08-01T03:32:07+00:00","dateModified":"2022-01-12T09:26:39+00:00","breadcrumb":{"@id":"https:\/\/www.mundoprimaria.com\/tienda\/producto\/discapacidad-intelectual#breadcrumb"},"inLanguage":"es","potentialAction":[{"@type":"ReadAction","target":["https:\/\/www.mundoprimaria.com\/tienda\/producto\/discapacidad-intelectual"]}]},{"@type":"ImageObject","inLanguage":"es","@id":"https:\/\/www.mundoprimaria.com\/tienda\/producto\/discapacidad-intelectual#primaryimage","url":"https:\/\/www.mundoprimaria.com\/tienda\/wp-content\/uploads\/2017\/08\/Discapacidad-intelectual.jpg","contentUrl":"https:\/\/www.mundoprimaria.com\/tienda\/wp-content\/uploads\/2017\/08\/Discapacidad-intelectual.jpg","width":460,"height":460},{"@type":"BreadcrumbList","@id":"https:\/\/www.mundoprimaria.com\/tienda\/producto\/discapacidad-intelectual#breadcrumb","itemListElement":[{"@type":"ListItem","position":1,"name":"Portada","item":"https:\/\/www.mundoprimaria.com\/tienda\/"},{"@type":"ListItem","position":2,"name":"Productos","item":"https:\/\/www.mundoprimaria.com\/tienda\/shop"},{"@type":"ListItem","position":3,"name":"Discapacidad intelectual: Una gu\u00eda educativa"}]},{"@type":"WebSite","@id":"https:\/\/www.mundoprimaria.com\/tienda\/#website","url":"https:\/\/www.mundoprimaria.com\/tienda\/","name":"Tienda Mundo Primaria","description":"El portal para aprender jugando.","potentialAction":[{"@type":"SearchAction","target":{"@type":"EntryPoint","urlTemplate":"https:\/\/www.mundoprimaria.com\/tienda\/?s={search_term_string}"},"query-input":{"@type":"PropertyValueSpecification","valueRequired":true,"valueName":"search_term_string"}}],"inLanguage":"es"}]}},"_links":{"self":[{"href":"https:\/\/www.mundoprimaria.com\/tienda\/wp-json\/wp\/v2\/product\/64350","targetHints":{"allow":["GET"]}}],"collection":[{"href":"https:\/\/www.mundoprimaria.com\/tienda\/wp-json\/wp\/v2\/product"}],"about":[{"href":"https:\/\/www.mundoprimaria.com\/tienda\/wp-json\/wp\/v2\/types\/product"}],"replies":[{"embeddable":true,"href":"https:\/\/www.mundoprimaria.com\/tienda\/wp-json\/wp\/v2\/comments?post=64350"}],"wp:featuredmedia":[{"embeddable":true,"href":"https:\/\/www.mundoprimaria.com\/tienda\/wp-json\/wp\/v2\/media\/64504"}],"wp:attachment":[{"href":"https:\/\/www.mundoprimaria.com\/tienda\/wp-json\/wp\/v2\/media?parent=64350"}],"wp:term":[{"taxonomy":"product_cat","embeddable":true,"href":"https:\/\/www.mundoprimaria.com\/tienda\/wp-json\/wp\/v2\/product_cat?post=64350"},{"taxonomy":"product_tag","embeddable":true,"href":"https:\/\/www.mundoprimaria.com\/tienda\/wp-json\/wp\/v2\/product_tag?post=64350"}],"curies":[{"name":"wp","href":"https:\/\/api.w.org\/{rel}","templated":true}]}}