

{"id":64345,"date":"2017-08-01T04:34:44","date_gmt":"2017-08-01T02:34:44","guid":{"rendered":"http:\/\/www.mundoprimaria.com\/tienda\/?post_type=product&#038;p=64345"},"modified":"2022-01-12T10:27:50","modified_gmt":"2022-01-12T09:27:50","slug":"estres-ansiedad","status":"publish","type":"product","link":"https:\/\/www.mundoprimaria.com\/tienda\/producto\/estres-ansiedad","title":{"rendered":"Estr\u00e9s y ansiedad"},"content":{"rendered":"<p><span style=\"color: #000000;\">Para los padres, adem\u00e1s del cuidado b\u00e1sico en la crianza y educaci\u00f3n de los hijos, pueden surgir problemas e inquietudes cuando aparecen los denominados \u201cTrastornos de estr\u00e9s y ansiedad\u201d. Este libro pretende dar a conocer a los padres unas nociones b\u00e1sicas sobre la ansiedad y el estr\u00e9s infantil, ense\u00f1ar a distinguir los miedos naturales de la angustia patol\u00f3gica y, sobre todo, ayudar a los padres a entender qu\u00e9 le ocurre a sus hijos en estas situaciones, facilit\u00e1ndoles pautas y estrategias sencillas y muy pr\u00e1cticas para hacerla frente.<\/span><\/p>\n<p><span style=\"color: #000000;\"><span style=\"font-size: 10pt;\"><strong><br \/>\n\u00cdndice<\/strong><\/span><\/span><\/p>\n<p><span style=\"color: #000000;\"><strong>Introducci\u00f3n<br \/>\n<\/strong><\/span><span style=\"color: #000000;\">Presentaci\u00f3n<br \/>\nPreocupaciones habituales<br \/>\nObjetivos del libro<\/span><\/p>\n<p><span style=\"color: #000000;\"><strong>Conceptos b\u00e1sicos<br \/>\n<\/strong>\u00bfQu\u00e9 es la ansiedad?<br \/>\n\u00bfC\u00f3mo se manifiesta? Los s\u00edntomas m\u00e1s comunes<br \/>\nAnsiedad en ni\u00f1os y adolescentes<br \/>\nLos miedos infantiles normales<br \/>\nC\u00f3mo detectar si mi hijo tiene problemas de ansiedad<br \/>\nReacciones frecuentes: \u00bfqu\u00e9 hacen los ni\u00f1os ante su ansiedad?<\/span><\/p>\n<p><span style=\"color: #000000;\"><strong>Tipos de trastorno de ansiedad<\/strong><br \/>\nTrastorno de ansiedad generalizada (TAG)<br \/>\nLas fobias<br \/>\nTrastorno de ansiedad por separaci\u00f3n<br \/>\nTrastorno de p\u00e1nico<br \/>\nTrastorno obsesivo-compulsivo<br \/>\nTrastorno de estr\u00e9s postraum\u00e1tico<br \/>\nOtros trastornos de ansiedad<\/span><\/p>\n<p><span style=\"color: #000000;\"><strong>\u00bfCu\u00e1les son las causas de la ansiedad?<\/strong><br \/>\nIntroducci\u00f3n<br \/>\nFactores familiares<br \/>\nFactores ambientales<br \/>\nMomentos clave seg\u00fan la etapa de crecimiento<br \/>\nConsecuencias de la ansiedad<\/span><\/p>\n<p><span style=\"color: #000000;\"><strong>Otras enfermedades asociadas a la ansiedad<\/strong><br \/>\nLa hiperactividad infantil<br \/>\nAnsiedad y depresi\u00f3n<br \/>\nAnsiedad y trastornos de la alimentaci\u00f3n<\/span><\/p>\n<p><span style=\"color: #000000;\"><strong>El entorno y la ansiedad<\/strong><br \/>\nEl entrono familiar: los padres<br \/>\n\u00bfQu\u00e9 es crecer?<br \/>\nEl entorno social: los amigos<br \/>\nEl entorno escolar<\/span><\/p>\n<p><span style=\"color: #000000;\"><strong>\u00bfQu\u00e9 hacer&#8230;?<\/strong><br \/>\nIntroducci\u00f3n<br \/>\nRecomendaciones: pautas y estrategias a seguir<br \/>\nConductas a evitar<br \/>\nT\u00e9cnicas de relajaci\u00f3n<br \/>\nNi\u00f1os que necesitan tratamiento<br \/>\nPrevenci\u00f3n de la ansiedad<\/span><\/p>\n","protected":false},"excerpt":{"rendered":"<p>Este libro pretende dar a conocer a los padres unas nociones b\u00e1sicas sobre la ansiedad y el estr\u00e9s infantil, ense\u00f1ar a distinguir los miedos naturales de la angustia patol\u00f3gica y, sobre todo, ayudar a los padres a entender qu\u00e9 le ocurre a sus hijos en estas situaciones, facilit\u00e1ndoles pautas y estrategias sencillas y pr\u00e1cticas para hacerla frente.<\/p>\n","protected":false},"featured_media":64507,"comment_status":"closed","ping_status":"closed","template":"","meta":{"_acf_changed":false,"_monsterinsights_skip_tracking":false,"_monsterinsights_sitenote_active":false,"_monsterinsights_sitenote_note":"","_monsterinsights_sitenote_category":0},"product_cat":[353],"product_tag":[],"class_list":{"0":"post-64345","1":"product","2":"type-product","3":"status-publish","4":"has-post-thumbnail","6":"product_cat-escuela-de-padres","7":"product_shipping_class-mensajeria","9":"first","10":"instock","11":"taxable","12":"shipping-taxable","13":"purchasable","14":"product-type-simple"},"acf":[],"yoast_head":"<!-- This site is optimized with the Yoast SEO plugin v24.2 - https:\/\/yoast.com\/wordpress\/plugins\/seo\/ -->\n<title>Estr\u00e9s y ansiedad - Tienda Mundo Primaria<\/title>\n<meta name=\"robots\" content=\"noindex, follow\" \/>\n<meta property=\"og:locale\" content=\"es_ES\" \/>\n<meta property=\"og:type\" content=\"article\" \/>\n<meta property=\"og:title\" content=\"Estr\u00e9s y ansiedad - Tienda Mundo Primaria\" \/>\n<meta property=\"og:description\" content=\"Este libro pretende dar a conocer a los padres unas nociones b\u00e1sicas sobre la ansiedad y el estr\u00e9s infantil, ense\u00f1ar a distinguir los miedos naturales de la angustia patol\u00f3gica y, sobre todo, ayudar a los padres a entender qu\u00e9 le ocurre a sus hijos en estas situaciones, facilit\u00e1ndoles pautas y estrategias sencillas y pr\u00e1cticas para hacerla frente.\" \/>\n<meta property=\"og:url\" content=\"https:\/\/www.mundoprimaria.com\/tienda\/producto\/estres-ansiedad\" \/>\n<meta property=\"og:site_name\" content=\"Tienda Mundo Primaria\" \/>\n<meta property=\"article:modified_time\" content=\"2022-01-12T09:27:50+00:00\" \/>\n<meta property=\"og:image\" content=\"https:\/\/www.mundoprimaria.com\/tienda\/wp-content\/uploads\/2017\/08\/Estres-ansiedad.jpg\" \/>\n\t<meta property=\"og:image:width\" content=\"460\" \/>\n\t<meta property=\"og:image:height\" content=\"460\" \/>\n\t<meta property=\"og:image:type\" content=\"image\/jpeg\" \/>\n<meta name=\"twitter:label1\" content=\"Tiempo de lectura\" \/>\n\t<meta name=\"twitter:data1\" content=\"1 minuto\" \/>\n<script type=\"application\/ld+json\" class=\"yoast-schema-graph\">{\"@context\":\"https:\/\/schema.org\",\"@graph\":[{\"@type\":\"WebPage\",\"@id\":\"https:\/\/www.mundoprimaria.com\/tienda\/producto\/estres-ansiedad\",\"url\":\"https:\/\/www.mundoprimaria.com\/tienda\/producto\/estres-ansiedad\",\"name\":\"Estr\u00e9s y ansiedad - Tienda Mundo Primaria\",\"isPartOf\":{\"@id\":\"https:\/\/www.mundoprimaria.com\/tienda\/#website\"},\"primaryImageOfPage\":{\"@id\":\"https:\/\/www.mundoprimaria.com\/tienda\/producto\/estres-ansiedad#primaryimage\"},\"image\":{\"@id\":\"https:\/\/www.mundoprimaria.com\/tienda\/producto\/estres-ansiedad#primaryimage\"},\"thumbnailUrl\":\"https:\/\/www.mundoprimaria.com\/tienda\/wp-content\/uploads\/2017\/08\/Estres-ansiedad.jpg\",\"datePublished\":\"2017-08-01T02:34:44+00:00\",\"dateModified\":\"2022-01-12T09:27:50+00:00\",\"breadcrumb\":{\"@id\":\"https:\/\/www.mundoprimaria.com\/tienda\/producto\/estres-ansiedad#breadcrumb\"},\"inLanguage\":\"es\",\"potentialAction\":[{\"@type\":\"ReadAction\",\"target\":[\"https:\/\/www.mundoprimaria.com\/tienda\/producto\/estres-ansiedad\"]}]},{\"@type\":\"ImageObject\",\"inLanguage\":\"es\",\"@id\":\"https:\/\/www.mundoprimaria.com\/tienda\/producto\/estres-ansiedad#primaryimage\",\"url\":\"https:\/\/www.mundoprimaria.com\/tienda\/wp-content\/uploads\/2017\/08\/Estres-ansiedad.jpg\",\"contentUrl\":\"https:\/\/www.mundoprimaria.com\/tienda\/wp-content\/uploads\/2017\/08\/Estres-ansiedad.jpg\",\"width\":460,\"height\":460},{\"@type\":\"BreadcrumbList\",\"@id\":\"https:\/\/www.mundoprimaria.com\/tienda\/producto\/estres-ansiedad#breadcrumb\",\"itemListElement\":[{\"@type\":\"ListItem\",\"position\":1,\"name\":\"Portada\",\"item\":\"https:\/\/www.mundoprimaria.com\/tienda\/\"},{\"@type\":\"ListItem\",\"position\":2,\"name\":\"Productos\",\"item\":\"https:\/\/www.mundoprimaria.com\/tienda\/shop\"},{\"@type\":\"ListItem\",\"position\":3,\"name\":\"Estr\u00e9s y ansiedad\"}]},{\"@type\":\"WebSite\",\"@id\":\"https:\/\/www.mundoprimaria.com\/tienda\/#website\",\"url\":\"https:\/\/www.mundoprimaria.com\/tienda\/\",\"name\":\"Tienda Mundo Primaria\",\"description\":\"El portal para aprender jugando.\",\"potentialAction\":[{\"@type\":\"SearchAction\",\"target\":{\"@type\":\"EntryPoint\",\"urlTemplate\":\"https:\/\/www.mundoprimaria.com\/tienda\/?s={search_term_string}\"},\"query-input\":{\"@type\":\"PropertyValueSpecification\",\"valueRequired\":true,\"valueName\":\"search_term_string\"}}],\"inLanguage\":\"es\"}]}<\/script>\n<!-- \/ Yoast SEO plugin. -->","yoast_head_json":{"title":"Estr\u00e9s y ansiedad - Tienda Mundo Primaria","robots":{"index":"noindex","follow":"follow"},"og_locale":"es_ES","og_type":"article","og_title":"Estr\u00e9s y ansiedad - Tienda Mundo Primaria","og_description":"Este libro pretende dar a conocer a los padres unas nociones b\u00e1sicas sobre la ansiedad y el estr\u00e9s infantil, ense\u00f1ar a distinguir los miedos naturales de la angustia patol\u00f3gica y, sobre todo, ayudar a los padres a entender qu\u00e9 le ocurre a sus hijos en estas situaciones, facilit\u00e1ndoles pautas y estrategias sencillas y pr\u00e1cticas para hacerla frente.","og_url":"https:\/\/www.mundoprimaria.com\/tienda\/producto\/estres-ansiedad","og_site_name":"Tienda Mundo Primaria","article_modified_time":"2022-01-12T09:27:50+00:00","og_image":[{"width":460,"height":460,"url":"https:\/\/www.mundoprimaria.com\/tienda\/wp-content\/uploads\/2017\/08\/Estres-ansiedad.jpg","type":"image\/jpeg"}],"twitter_misc":{"Tiempo de lectura":"1 minuto"},"schema":{"@context":"https:\/\/schema.org","@graph":[{"@type":"WebPage","@id":"https:\/\/www.mundoprimaria.com\/tienda\/producto\/estres-ansiedad","url":"https:\/\/www.mundoprimaria.com\/tienda\/producto\/estres-ansiedad","name":"Estr\u00e9s y ansiedad - Tienda Mundo Primaria","isPartOf":{"@id":"https:\/\/www.mundoprimaria.com\/tienda\/#website"},"primaryImageOfPage":{"@id":"https:\/\/www.mundoprimaria.com\/tienda\/producto\/estres-ansiedad#primaryimage"},"image":{"@id":"https:\/\/www.mundoprimaria.com\/tienda\/producto\/estres-ansiedad#primaryimage"},"thumbnailUrl":"https:\/\/www.mundoprimaria.com\/tienda\/wp-content\/uploads\/2017\/08\/Estres-ansiedad.jpg","datePublished":"2017-08-01T02:34:44+00:00","dateModified":"2022-01-12T09:27:50+00:00","breadcrumb":{"@id":"https:\/\/www.mundoprimaria.com\/tienda\/producto\/estres-ansiedad#breadcrumb"},"inLanguage":"es","potentialAction":[{"@type":"ReadAction","target":["https:\/\/www.mundoprimaria.com\/tienda\/producto\/estres-ansiedad"]}]},{"@type":"ImageObject","inLanguage":"es","@id":"https:\/\/www.mundoprimaria.com\/tienda\/producto\/estres-ansiedad#primaryimage","url":"https:\/\/www.mundoprimaria.com\/tienda\/wp-content\/uploads\/2017\/08\/Estres-ansiedad.jpg","contentUrl":"https:\/\/www.mundoprimaria.com\/tienda\/wp-content\/uploads\/2017\/08\/Estres-ansiedad.jpg","width":460,"height":460},{"@type":"BreadcrumbList","@id":"https:\/\/www.mundoprimaria.com\/tienda\/producto\/estres-ansiedad#breadcrumb","itemListElement":[{"@type":"ListItem","position":1,"name":"Portada","item":"https:\/\/www.mundoprimaria.com\/tienda\/"},{"@type":"ListItem","position":2,"name":"Productos","item":"https:\/\/www.mundoprimaria.com\/tienda\/shop"},{"@type":"ListItem","position":3,"name":"Estr\u00e9s y ansiedad"}]},{"@type":"WebSite","@id":"https:\/\/www.mundoprimaria.com\/tienda\/#website","url":"https:\/\/www.mundoprimaria.com\/tienda\/","name":"Tienda Mundo Primaria","description":"El portal para aprender jugando.","potentialAction":[{"@type":"SearchAction","target":{"@type":"EntryPoint","urlTemplate":"https:\/\/www.mundoprimaria.com\/tienda\/?s={search_term_string}"},"query-input":{"@type":"PropertyValueSpecification","valueRequired":true,"valueName":"search_term_string"}}],"inLanguage":"es"}]}},"_links":{"self":[{"href":"https:\/\/www.mundoprimaria.com\/tienda\/wp-json\/wp\/v2\/product\/64345","targetHints":{"allow":["GET"]}}],"collection":[{"href":"https:\/\/www.mundoprimaria.com\/tienda\/wp-json\/wp\/v2\/product"}],"about":[{"href":"https:\/\/www.mundoprimaria.com\/tienda\/wp-json\/wp\/v2\/types\/product"}],"replies":[{"embeddable":true,"href":"https:\/\/www.mundoprimaria.com\/tienda\/wp-json\/wp\/v2\/comments?post=64345"}],"wp:featuredmedia":[{"embeddable":true,"href":"https:\/\/www.mundoprimaria.com\/tienda\/wp-json\/wp\/v2\/media\/64507"}],"wp:attachment":[{"href":"https:\/\/www.mundoprimaria.com\/tienda\/wp-json\/wp\/v2\/media?parent=64345"}],"wp:term":[{"taxonomy":"product_cat","embeddable":true,"href":"https:\/\/www.mundoprimaria.com\/tienda\/wp-json\/wp\/v2\/product_cat?post=64345"},{"taxonomy":"product_tag","embeddable":true,"href":"https:\/\/www.mundoprimaria.com\/tienda\/wp-json\/wp\/v2\/product_tag?post=64345"}],"curies":[{"name":"wp","href":"https:\/\/api.w.org\/{rel}","templated":true}]}}