

{"id":64339,"date":"2017-08-01T04:11:35","date_gmt":"2017-08-01T02:11:35","guid":{"rendered":"http:\/\/www.mundoprimaria.com\/tienda\/?post_type=product&#038;p=64339"},"modified":"2022-01-12T10:55:11","modified_gmt":"2022-01-12T09:55:11","slug":"hijos-ante-divorcio","status":"publish","type":"product","link":"https:\/\/www.mundoprimaria.com\/tienda\/producto\/hijos-ante-divorcio","title":{"rendered":"Los hijos ante el divorcio"},"content":{"rendered":"<p><span style=\"color: #000000;\">El objetivo de este libro es ayudar a entender qu\u00e9 le ocurre a los hijos ante la situaci\u00f3n del divorcio de sus padres, as\u00ed como a establecer unas pautas de actuaci\u00f3n frente a esta realidad.<\/span><\/p>\n<p>Est\u00e1 destinado a padres que se est\u00e1n separando o se van a divorciar y les preocupa c\u00f3mo la nueva situaci\u00f3n puede afectar a sus hijos. Este libro va a facilitar a los padres orientaciones b\u00e1sicas, estrategias educativas y modos de afrontar las dificultades que pueden encontrarse.<\/p>\n<p><span style=\"font-size: 10pt;\"><strong>\u00cdndice<\/strong><\/span><\/p>\n<p><span style=\"color: #000000;\"><strong>Introducci\u00f3n<br \/>\n<\/strong>Presentaci\u00f3n<br \/>\nPreocupaciones habituales<br \/>\nObjetivos del libro<\/span><\/p>\n<p><strong>\u00bfC\u00f3mo afrontar un divorcio?\u00a0<\/strong><br \/>\nAspectos b\u00e1sicos relacionados con el afrontamiento inicial<br \/>\ndel divorcio<br \/>\nDiferentes tipos de separaciones<br \/>\nAspectos Judiciales<br \/>\nAspectos Emocionales<br \/>\nComunicar la noticia a los hijos<br \/>\n\u00bfEs necesario explicar los motivos al hijo?<br \/>\nLos ni\u00f1os en el Juzgado<br \/>\nLa custodia concedida a uno de los padres<br \/>\n\u00bfMantener a los hermanos juntos o separarlos?<br \/>\n\u00bfC\u00f3mo programar las visitas?<br \/>\nLa custodia compartida<\/p>\n<p><strong>Factores de riesgo que afectan a los ni\u00f1os\u00a0<\/strong><br \/>\nProblemas habituales<br \/>\nConductas a evitar<\/p>\n<p><strong>Factores de protecci\u00f3n\u00a0<\/strong><br \/>\nMedidas generales para ayudar a un hijo en esta situaci\u00f3n:<br \/>\nOrientaciones y estrategias:<br \/>\nEl Colegio<br \/>\nNi\u00f1os que necesitan la ayuda de un psic\u00f3logo<br \/>\nEl resto de la familia<\/p>\n<p><strong>Efectos que provoca la separaci\u00f3n en los hijos\u00a0<\/strong><br \/>\nReacciones m\u00e1s frecuentes<br \/>\nPreguntas que los ni\u00f1os se hacen<br \/>\nReacciones de los ni\u00f1os seg\u00fan sus edades<br \/>\nEl proceso del divorcio: etapas emocionales<\/p>\n<p><strong>Despu\u00e9s del divorcio\u00a0<\/strong><br \/>\nLa nueva familia<br \/>\nLa relaci\u00f3n con el progenitor que no tiene la custodia<br \/>\nTemas m\u00e1s frecuentes para negociar ambos padres<br \/>\nTengo una nueva pareja<\/p>\n<p><strong>Pautas generales de educaci\u00f3n\u00a0<\/strong><br \/>\nPautas b\u00e1sicas para una buena educaci\u00f3n general<br \/>\nPoner l\u00edmites<br \/>\nEl papel de los padres<\/p>\n<p><strong>Conclusiones\u00a0<\/strong><br \/>\nConclusiones<\/p>\n<p><strong>Los padres preguntan\u00a0<\/strong><br \/>\nLos padres preguntan<\/p>\n<p>a<\/p>\n","protected":false},"excerpt":{"rendered":"<p>El objetivo de este libro es ayudar a entender qu\u00e9 le ocurre a los hijos ante la situaci\u00f3n del divorcio de sus padres, as\u00ed como a establecer unas pautas de actuaci\u00f3n frente a esta realidad.<\/p>\n","protected":false},"featured_media":64512,"comment_status":"closed","ping_status":"closed","template":"","meta":{"_acf_changed":false,"_monsterinsights_skip_tracking":false,"_monsterinsights_sitenote_active":false,"_monsterinsights_sitenote_note":"","_monsterinsights_sitenote_category":0},"product_cat":[353],"product_tag":[],"class_list":{"0":"post-64339","1":"product","2":"type-product","3":"status-publish","4":"has-post-thumbnail","6":"product_cat-escuela-de-padres","7":"product_shipping_class-mensajeria","9":"first","10":"instock","11":"taxable","12":"shipping-taxable","13":"purchasable","14":"product-type-simple"},"acf":[],"yoast_head":"<!-- This site is optimized with the Yoast SEO plugin v24.2 - https:\/\/yoast.com\/wordpress\/plugins\/seo\/ -->\n<title>Los hijos ante el divorcio - Tienda Mundo Primaria<\/title>\n<meta name=\"robots\" content=\"noindex, follow\" \/>\n<meta property=\"og:locale\" content=\"es_ES\" \/>\n<meta property=\"og:type\" content=\"article\" \/>\n<meta property=\"og:title\" content=\"Los hijos ante el divorcio - Tienda Mundo Primaria\" \/>\n<meta property=\"og:description\" content=\"El objetivo de este libro es ayudar a entender qu\u00e9 le ocurre a los hijos ante la situaci\u00f3n del divorcio de sus padres, as\u00ed como a establecer unas pautas de actuaci\u00f3n frente a esta realidad.\" \/>\n<meta property=\"og:url\" content=\"https:\/\/www.mundoprimaria.com\/tienda\/producto\/hijos-ante-divorcio\" \/>\n<meta property=\"og:site_name\" content=\"Tienda Mundo Primaria\" \/>\n<meta property=\"article:modified_time\" content=\"2022-01-12T09:55:11+00:00\" \/>\n<meta property=\"og:image\" content=\"https:\/\/www.mundoprimaria.com\/tienda\/wp-content\/uploads\/2017\/08\/Divorcio.jpg\" \/>\n\t<meta property=\"og:image:width\" content=\"460\" \/>\n\t<meta property=\"og:image:height\" content=\"460\" \/>\n\t<meta property=\"og:image:type\" content=\"image\/jpeg\" \/>\n<meta name=\"twitter:label1\" content=\"Tiempo de lectura\" \/>\n\t<meta name=\"twitter:data1\" content=\"2 minutos\" \/>\n<script type=\"application\/ld+json\" class=\"yoast-schema-graph\">{\"@context\":\"https:\/\/schema.org\",\"@graph\":[{\"@type\":\"WebPage\",\"@id\":\"https:\/\/www.mundoprimaria.com\/tienda\/producto\/hijos-ante-divorcio\",\"url\":\"https:\/\/www.mundoprimaria.com\/tienda\/producto\/hijos-ante-divorcio\",\"name\":\"Los hijos ante el divorcio - Tienda Mundo Primaria\",\"isPartOf\":{\"@id\":\"https:\/\/www.mundoprimaria.com\/tienda\/#website\"},\"primaryImageOfPage\":{\"@id\":\"https:\/\/www.mundoprimaria.com\/tienda\/producto\/hijos-ante-divorcio#primaryimage\"},\"image\":{\"@id\":\"https:\/\/www.mundoprimaria.com\/tienda\/producto\/hijos-ante-divorcio#primaryimage\"},\"thumbnailUrl\":\"https:\/\/www.mundoprimaria.com\/tienda\/wp-content\/uploads\/2017\/08\/Divorcio.jpg\",\"datePublished\":\"2017-08-01T02:11:35+00:00\",\"dateModified\":\"2022-01-12T09:55:11+00:00\",\"breadcrumb\":{\"@id\":\"https:\/\/www.mundoprimaria.com\/tienda\/producto\/hijos-ante-divorcio#breadcrumb\"},\"inLanguage\":\"es\",\"potentialAction\":[{\"@type\":\"ReadAction\",\"target\":[\"https:\/\/www.mundoprimaria.com\/tienda\/producto\/hijos-ante-divorcio\"]}]},{\"@type\":\"ImageObject\",\"inLanguage\":\"es\",\"@id\":\"https:\/\/www.mundoprimaria.com\/tienda\/producto\/hijos-ante-divorcio#primaryimage\",\"url\":\"https:\/\/www.mundoprimaria.com\/tienda\/wp-content\/uploads\/2017\/08\/Divorcio.jpg\",\"contentUrl\":\"https:\/\/www.mundoprimaria.com\/tienda\/wp-content\/uploads\/2017\/08\/Divorcio.jpg\",\"width\":460,\"height\":460},{\"@type\":\"BreadcrumbList\",\"@id\":\"https:\/\/www.mundoprimaria.com\/tienda\/producto\/hijos-ante-divorcio#breadcrumb\",\"itemListElement\":[{\"@type\":\"ListItem\",\"position\":1,\"name\":\"Portada\",\"item\":\"https:\/\/www.mundoprimaria.com\/tienda\/\"},{\"@type\":\"ListItem\",\"position\":2,\"name\":\"Productos\",\"item\":\"https:\/\/www.mundoprimaria.com\/tienda\/shop\"},{\"@type\":\"ListItem\",\"position\":3,\"name\":\"Los hijos ante el divorcio\"}]},{\"@type\":\"WebSite\",\"@id\":\"https:\/\/www.mundoprimaria.com\/tienda\/#website\",\"url\":\"https:\/\/www.mundoprimaria.com\/tienda\/\",\"name\":\"Tienda Mundo Primaria\",\"description\":\"El portal para aprender jugando.\",\"potentialAction\":[{\"@type\":\"SearchAction\",\"target\":{\"@type\":\"EntryPoint\",\"urlTemplate\":\"https:\/\/www.mundoprimaria.com\/tienda\/?s={search_term_string}\"},\"query-input\":{\"@type\":\"PropertyValueSpecification\",\"valueRequired\":true,\"valueName\":\"search_term_string\"}}],\"inLanguage\":\"es\"}]}<\/script>\n<!-- \/ Yoast SEO plugin. -->","yoast_head_json":{"title":"Los hijos ante el divorcio - Tienda Mundo Primaria","robots":{"index":"noindex","follow":"follow"},"og_locale":"es_ES","og_type":"article","og_title":"Los hijos ante el divorcio - Tienda Mundo Primaria","og_description":"El objetivo de este libro es ayudar a entender qu\u00e9 le ocurre a los hijos ante la situaci\u00f3n del divorcio de sus padres, as\u00ed como a establecer unas pautas de actuaci\u00f3n frente a esta realidad.","og_url":"https:\/\/www.mundoprimaria.com\/tienda\/producto\/hijos-ante-divorcio","og_site_name":"Tienda Mundo Primaria","article_modified_time":"2022-01-12T09:55:11+00:00","og_image":[{"width":460,"height":460,"url":"https:\/\/www.mundoprimaria.com\/tienda\/wp-content\/uploads\/2017\/08\/Divorcio.jpg","type":"image\/jpeg"}],"twitter_misc":{"Tiempo de lectura":"2 minutos"},"schema":{"@context":"https:\/\/schema.org","@graph":[{"@type":"WebPage","@id":"https:\/\/www.mundoprimaria.com\/tienda\/producto\/hijos-ante-divorcio","url":"https:\/\/www.mundoprimaria.com\/tienda\/producto\/hijos-ante-divorcio","name":"Los hijos ante el divorcio - Tienda Mundo Primaria","isPartOf":{"@id":"https:\/\/www.mundoprimaria.com\/tienda\/#website"},"primaryImageOfPage":{"@id":"https:\/\/www.mundoprimaria.com\/tienda\/producto\/hijos-ante-divorcio#primaryimage"},"image":{"@id":"https:\/\/www.mundoprimaria.com\/tienda\/producto\/hijos-ante-divorcio#primaryimage"},"thumbnailUrl":"https:\/\/www.mundoprimaria.com\/tienda\/wp-content\/uploads\/2017\/08\/Divorcio.jpg","datePublished":"2017-08-01T02:11:35+00:00","dateModified":"2022-01-12T09:55:11+00:00","breadcrumb":{"@id":"https:\/\/www.mundoprimaria.com\/tienda\/producto\/hijos-ante-divorcio#breadcrumb"},"inLanguage":"es","potentialAction":[{"@type":"ReadAction","target":["https:\/\/www.mundoprimaria.com\/tienda\/producto\/hijos-ante-divorcio"]}]},{"@type":"ImageObject","inLanguage":"es","@id":"https:\/\/www.mundoprimaria.com\/tienda\/producto\/hijos-ante-divorcio#primaryimage","url":"https:\/\/www.mundoprimaria.com\/tienda\/wp-content\/uploads\/2017\/08\/Divorcio.jpg","contentUrl":"https:\/\/www.mundoprimaria.com\/tienda\/wp-content\/uploads\/2017\/08\/Divorcio.jpg","width":460,"height":460},{"@type":"BreadcrumbList","@id":"https:\/\/www.mundoprimaria.com\/tienda\/producto\/hijos-ante-divorcio#breadcrumb","itemListElement":[{"@type":"ListItem","position":1,"name":"Portada","item":"https:\/\/www.mundoprimaria.com\/tienda\/"},{"@type":"ListItem","position":2,"name":"Productos","item":"https:\/\/www.mundoprimaria.com\/tienda\/shop"},{"@type":"ListItem","position":3,"name":"Los hijos ante el divorcio"}]},{"@type":"WebSite","@id":"https:\/\/www.mundoprimaria.com\/tienda\/#website","url":"https:\/\/www.mundoprimaria.com\/tienda\/","name":"Tienda Mundo Primaria","description":"El portal para aprender jugando.","potentialAction":[{"@type":"SearchAction","target":{"@type":"EntryPoint","urlTemplate":"https:\/\/www.mundoprimaria.com\/tienda\/?s={search_term_string}"},"query-input":{"@type":"PropertyValueSpecification","valueRequired":true,"valueName":"search_term_string"}}],"inLanguage":"es"}]}},"_links":{"self":[{"href":"https:\/\/www.mundoprimaria.com\/tienda\/wp-json\/wp\/v2\/product\/64339","targetHints":{"allow":["GET"]}}],"collection":[{"href":"https:\/\/www.mundoprimaria.com\/tienda\/wp-json\/wp\/v2\/product"}],"about":[{"href":"https:\/\/www.mundoprimaria.com\/tienda\/wp-json\/wp\/v2\/types\/product"}],"replies":[{"embeddable":true,"href":"https:\/\/www.mundoprimaria.com\/tienda\/wp-json\/wp\/v2\/comments?post=64339"}],"wp:featuredmedia":[{"embeddable":true,"href":"https:\/\/www.mundoprimaria.com\/tienda\/wp-json\/wp\/v2\/media\/64512"}],"wp:attachment":[{"href":"https:\/\/www.mundoprimaria.com\/tienda\/wp-json\/wp\/v2\/media?parent=64339"}],"wp:term":[{"taxonomy":"product_cat","embeddable":true,"href":"https:\/\/www.mundoprimaria.com\/tienda\/wp-json\/wp\/v2\/product_cat?post=64339"},{"taxonomy":"product_tag","embeddable":true,"href":"https:\/\/www.mundoprimaria.com\/tienda\/wp-json\/wp\/v2\/product_tag?post=64339"}],"curies":[{"name":"wp","href":"https:\/\/api.w.org\/{rel}","templated":true}]}}