

{"id":64280,"date":"2017-07-28T04:27:38","date_gmt":"2017-07-28T02:27:38","guid":{"rendered":"http:\/\/www.mundoprimaria.com\/tienda\/?post_type=product&#038;p=64280"},"modified":"2024-03-01T09:37:06","modified_gmt":"2024-03-01T08:37:06","slug":"problemas-matematicos-1","status":"publish","type":"product","link":"https:\/\/www.mundoprimaria.com\/tienda\/producto\/problemas-matematicos-1","title":{"rendered":"Resoluci\u00f3n de problemas matem\u00e1ticos. Nivel 1"},"content":{"rendered":"<div style=\"margin-bottom: 5px\"><strong>Contenido<\/strong><\/div>\n<p>Este primer cuaderno se ha dividido en 14 lecciones, en las que se abordan, de manera sistem\u00e1tica, diferentes contenidos y elementos de los problemas matem\u00e1ticos. De forma resumida, los contenidos y habilidades que se ense\u00f1an son las siguientes:<\/p>\n<p>\u2022 \u00bfQu\u00e9 son situaciones problem\u00e1ticas?<br \/>\n\u2022 Los tres elementos de un problema: enunciado, pregunta y soluci\u00f3n.<br \/>\n\u2022 C\u00f3mo algunas soluciones se encuentran en el enunciado.<br \/>\n\u2022 Los problemas de sumar como adici\u00f3n.<br \/>\n\u2022 Problemas que no requieren operaciones.<br \/>\n\u2022 Los problemas de restar como sustracci\u00f3n.<br \/>\n\u2022 El razonamiento l\u00f3gico matem\u00e1tico.<br \/>\n\u2022 La importancia de los datos.<br \/>\n\u2022 Los problemas divergentes, que tienen diferentes soluciones, todas correctas.<br \/>\n\u2022 Inventar preguntas a partir de un enunciado.<br \/>\n\u2022 Inventar enunciados a partir de una pregunta y su soluci\u00f3n.<br \/>\n\u2022 Inventar preguntas a partir de enunciados y soluciones.<br \/>\nA estos contenidos se a\u00f1aden dos lecciones de repaso.<\/p>\n<p><strong>Apartados de las lecciones<\/strong><\/p>\n<p>Cada una de las lecciones contiene los siguientes apartados:<br \/>\n1\u00ba. Un t\u00edtulo, que resume el contenido y las habilidades que se van a trabajar en ella.<br \/>\n2\u00ba. Orientaciones para el educador, donde se expone el objetivo did\u00e1ctico de la lecci\u00f3n.<br \/>\n3\u00ba. \u201cF\u00edjate bien\u201d, que son unas instrucciones sencillas dirigidas a los ni\u00f1os sobre lo que van a aprender y lo que tienen que realizar en la lecci\u00f3n.<br \/>\n4\u00ba. En casi todas las lecciones se ofrece un ejemplo de la tarea que tienen que realizar para que sirva de modelo.<br \/>\n5\u00ba. Los problemas de la lecci\u00f3n y un espacio en blanco para realizarlos.<\/p>\n<p><strong>Actividades de ampliaci\u00f3n<\/strong><\/p>\n<p>Los problemas que presentamos son una propuesta de actividades. Los educadores pueden ampliar los problemas con otras tareas como las siguientes:<br \/>\n&#8211; Continuar proponiendo problemas similares, incluyendo los nombres y situaciones de los propios alumnos, de la localidad, etc.<br \/>\n&#8211; Dialogar y discutir con el alumnado sobre las soluciones que proponen y su viabilidad.<br \/>\n&#8211; Que los propios alumnos inventen problemas similares para que los resuelvan sus compa\u00f1eros.<br \/>\n&#8211; Aumentar el n\u00famero de datos y la complejidad de los mismos.<\/p>\n<p><strong>Destinatarios y usos<\/strong><\/p>\n<p>El nivel 1 del Cuaderno de Resoluci\u00f3n de Problemas est\u00e1 destinado a los ni\u00f1os de primer curso de Educaci\u00f3n Primaria, por tanto, de 6 a 7 a\u00f1os de edad aproximadamente. En algunos casos se podr\u00e1 utilizar con ni\u00f1os mayores que presentan dificultades y que no tengan adquiridas las habilidades que se ense\u00f1an en el cuaderno.<br \/>\nLo pueden usar principalmente maestros y maestras de Educaci\u00f3n Primaria, con sus alumnos. Tambi\u00e9n lo pueden emplear otros profesionales que se dediquen a la educaci\u00f3n. Para los orientadores es un material que pueden recomendar como actividad de refuerzo y apoyo o de enriquecimiento, seg\u00fan los casos. Tambi\u00e9n puede ser un material adecuado como repaso para las vacaciones. Las familias tambi\u00e9n lo pueden utilizar como un material pr\u00e1ctico para ense\u00f1ar a los hijos a resolver problemas matem\u00e1ticos.<br \/>\nDeseamos que este proyecto pedag\u00f3gico contribuya a mejorar un aprendizaje tan complicado a veces, pero tan necesario, como es la resoluci\u00f3n de problemas matem\u00e1ticos.<\/p>\n<p>&nbsp;<\/p>\n","protected":false},"excerpt":{"rendered":"<p>La resoluci\u00f3n de problemas suele ser uno de los aspectos en el que los ni\u00f1os de esta etapa y posteriores, muestran dificultades para su aprendizaje. Entre los motivos de esas dificultades, est\u00e1 sin duda, la falta en muchas ocasiones, de una pedagog\u00eda adecuada para ense\u00f1arlos. Efectivamente se echa de menos una secuenciaci\u00f3n did\u00e1ctica estricta y sistem\u00e1tica para ense\u00f1ar adecuadamente a resolverlos.<\/p>\n","protected":false},"featured_media":64497,"comment_status":"closed","ping_status":"closed","template":"","meta":{"_acf_changed":false,"_monsterinsights_skip_tracking":false,"_monsterinsights_sitenote_active":false,"_monsterinsights_sitenote_note":"","_monsterinsights_sitenote_category":0},"product_cat":[341],"product_tag":[],"class_list":{"0":"post-64280","1":"product","2":"type-product","3":"status-publish","4":"has-post-thumbnail","6":"product_cat-resolucion-de-problemas-matematicos","7":"product_shipping_class-mensajeria","9":"first","10":"instock","11":"taxable","12":"shipping-taxable","13":"purchasable","14":"product-type-simple"},"acf":[],"yoast_head":"<!-- This site is optimized with the Yoast SEO plugin v24.2 - https:\/\/yoast.com\/wordpress\/plugins\/seo\/ -->\n<title>Resoluci\u00f3n de problemas matem\u00e1ticos. Nivel 1 - Tienda Mundo Primaria<\/title>\n<meta name=\"robots\" content=\"noindex, follow\" \/>\n<meta property=\"og:locale\" content=\"es_ES\" \/>\n<meta property=\"og:type\" content=\"article\" \/>\n<meta property=\"og:title\" content=\"Resoluci\u00f3n de problemas matem\u00e1ticos. Nivel 1 - Tienda Mundo Primaria\" \/>\n<meta property=\"og:description\" content=\"La resoluci\u00f3n de problemas suele ser uno de los aspectos en el que los ni\u00f1os de esta etapa y posteriores, muestran dificultades para su aprendizaje. Entre los motivos de esas dificultades, est\u00e1 sin duda, la falta en muchas ocasiones, de una pedagog\u00eda adecuada para ense\u00f1arlos. Efectivamente se echa de menos una secuenciaci\u00f3n did\u00e1ctica estricta y sistem\u00e1tica para ense\u00f1ar adecuadamente a resolverlos.\" \/>\n<meta property=\"og:url\" content=\"https:\/\/www.mundoprimaria.com\/tienda\/producto\/problemas-matematicos-1\" \/>\n<meta property=\"og:site_name\" content=\"Tienda Mundo Primaria\" \/>\n<meta property=\"article:modified_time\" content=\"2024-03-01T08:37:06+00:00\" \/>\n<meta property=\"og:image\" content=\"https:\/\/www.mundoprimaria.com\/tienda\/wp-content\/uploads\/2017\/07\/Resolucion-problemas-matematicos_NV1.jpg\" \/>\n\t<meta property=\"og:image:width\" content=\"460\" \/>\n\t<meta property=\"og:image:height\" content=\"460\" \/>\n\t<meta property=\"og:image:type\" content=\"image\/jpeg\" \/>\n<meta name=\"twitter:label1\" content=\"Tiempo de lectura\" \/>\n\t<meta name=\"twitter:data1\" content=\"3 minutos\" \/>\n<script type=\"application\/ld+json\" class=\"yoast-schema-graph\">{\"@context\":\"https:\/\/schema.org\",\"@graph\":[{\"@type\":\"WebPage\",\"@id\":\"https:\/\/www.mundoprimaria.com\/tienda\/producto\/problemas-matematicos-1\",\"url\":\"https:\/\/www.mundoprimaria.com\/tienda\/producto\/problemas-matematicos-1\",\"name\":\"Resoluci\u00f3n de problemas matem\u00e1ticos. Nivel 1 - Tienda Mundo Primaria\",\"isPartOf\":{\"@id\":\"https:\/\/www.mundoprimaria.com\/tienda\/#website\"},\"primaryImageOfPage\":{\"@id\":\"https:\/\/www.mundoprimaria.com\/tienda\/producto\/problemas-matematicos-1#primaryimage\"},\"image\":{\"@id\":\"https:\/\/www.mundoprimaria.com\/tienda\/producto\/problemas-matematicos-1#primaryimage\"},\"thumbnailUrl\":\"https:\/\/www.mundoprimaria.com\/tienda\/wp-content\/uploads\/2017\/07\/Resolucion-problemas-matematicos_NV1.jpg\",\"datePublished\":\"2017-07-28T02:27:38+00:00\",\"dateModified\":\"2024-03-01T08:37:06+00:00\",\"breadcrumb\":{\"@id\":\"https:\/\/www.mundoprimaria.com\/tienda\/producto\/problemas-matematicos-1#breadcrumb\"},\"inLanguage\":\"es\",\"potentialAction\":[{\"@type\":\"ReadAction\",\"target\":[\"https:\/\/www.mundoprimaria.com\/tienda\/producto\/problemas-matematicos-1\"]}]},{\"@type\":\"ImageObject\",\"inLanguage\":\"es\",\"@id\":\"https:\/\/www.mundoprimaria.com\/tienda\/producto\/problemas-matematicos-1#primaryimage\",\"url\":\"https:\/\/www.mundoprimaria.com\/tienda\/wp-content\/uploads\/2017\/07\/Resolucion-problemas-matematicos_NV1.jpg\",\"contentUrl\":\"https:\/\/www.mundoprimaria.com\/tienda\/wp-content\/uploads\/2017\/07\/Resolucion-problemas-matematicos_NV1.jpg\",\"width\":460,\"height\":460},{\"@type\":\"BreadcrumbList\",\"@id\":\"https:\/\/www.mundoprimaria.com\/tienda\/producto\/problemas-matematicos-1#breadcrumb\",\"itemListElement\":[{\"@type\":\"ListItem\",\"position\":1,\"name\":\"Portada\",\"item\":\"https:\/\/www.mundoprimaria.com\/tienda\/\"},{\"@type\":\"ListItem\",\"position\":2,\"name\":\"Productos\",\"item\":\"https:\/\/www.mundoprimaria.com\/tienda\/shop\"},{\"@type\":\"ListItem\",\"position\":3,\"name\":\"Resoluci\u00f3n de problemas matem\u00e1ticos. Nivel 1\"}]},{\"@type\":\"WebSite\",\"@id\":\"https:\/\/www.mundoprimaria.com\/tienda\/#website\",\"url\":\"https:\/\/www.mundoprimaria.com\/tienda\/\",\"name\":\"Tienda Mundo Primaria\",\"description\":\"El portal para aprender jugando.\",\"potentialAction\":[{\"@type\":\"SearchAction\",\"target\":{\"@type\":\"EntryPoint\",\"urlTemplate\":\"https:\/\/www.mundoprimaria.com\/tienda\/?s={search_term_string}\"},\"query-input\":{\"@type\":\"PropertyValueSpecification\",\"valueRequired\":true,\"valueName\":\"search_term_string\"}}],\"inLanguage\":\"es\"}]}<\/script>\n<!-- \/ Yoast SEO plugin. -->","yoast_head_json":{"title":"Resoluci\u00f3n de problemas matem\u00e1ticos. Nivel 1 - Tienda Mundo Primaria","robots":{"index":"noindex","follow":"follow"},"og_locale":"es_ES","og_type":"article","og_title":"Resoluci\u00f3n de problemas matem\u00e1ticos. Nivel 1 - Tienda Mundo Primaria","og_description":"La resoluci\u00f3n de problemas suele ser uno de los aspectos en el que los ni\u00f1os de esta etapa y posteriores, muestran dificultades para su aprendizaje. Entre los motivos de esas dificultades, est\u00e1 sin duda, la falta en muchas ocasiones, de una pedagog\u00eda adecuada para ense\u00f1arlos. Efectivamente se echa de menos una secuenciaci\u00f3n did\u00e1ctica estricta y sistem\u00e1tica para ense\u00f1ar adecuadamente a resolverlos.","og_url":"https:\/\/www.mundoprimaria.com\/tienda\/producto\/problemas-matematicos-1","og_site_name":"Tienda Mundo Primaria","article_modified_time":"2024-03-01T08:37:06+00:00","og_image":[{"width":460,"height":460,"url":"https:\/\/www.mundoprimaria.com\/tienda\/wp-content\/uploads\/2017\/07\/Resolucion-problemas-matematicos_NV1.jpg","type":"image\/jpeg"}],"twitter_misc":{"Tiempo de lectura":"3 minutos"},"schema":{"@context":"https:\/\/schema.org","@graph":[{"@type":"WebPage","@id":"https:\/\/www.mundoprimaria.com\/tienda\/producto\/problemas-matematicos-1","url":"https:\/\/www.mundoprimaria.com\/tienda\/producto\/problemas-matematicos-1","name":"Resoluci\u00f3n de problemas matem\u00e1ticos. Nivel 1 - Tienda Mundo Primaria","isPartOf":{"@id":"https:\/\/www.mundoprimaria.com\/tienda\/#website"},"primaryImageOfPage":{"@id":"https:\/\/www.mundoprimaria.com\/tienda\/producto\/problemas-matematicos-1#primaryimage"},"image":{"@id":"https:\/\/www.mundoprimaria.com\/tienda\/producto\/problemas-matematicos-1#primaryimage"},"thumbnailUrl":"https:\/\/www.mundoprimaria.com\/tienda\/wp-content\/uploads\/2017\/07\/Resolucion-problemas-matematicos_NV1.jpg","datePublished":"2017-07-28T02:27:38+00:00","dateModified":"2024-03-01T08:37:06+00:00","breadcrumb":{"@id":"https:\/\/www.mundoprimaria.com\/tienda\/producto\/problemas-matematicos-1#breadcrumb"},"inLanguage":"es","potentialAction":[{"@type":"ReadAction","target":["https:\/\/www.mundoprimaria.com\/tienda\/producto\/problemas-matematicos-1"]}]},{"@type":"ImageObject","inLanguage":"es","@id":"https:\/\/www.mundoprimaria.com\/tienda\/producto\/problemas-matematicos-1#primaryimage","url":"https:\/\/www.mundoprimaria.com\/tienda\/wp-content\/uploads\/2017\/07\/Resolucion-problemas-matematicos_NV1.jpg","contentUrl":"https:\/\/www.mundoprimaria.com\/tienda\/wp-content\/uploads\/2017\/07\/Resolucion-problemas-matematicos_NV1.jpg","width":460,"height":460},{"@type":"BreadcrumbList","@id":"https:\/\/www.mundoprimaria.com\/tienda\/producto\/problemas-matematicos-1#breadcrumb","itemListElement":[{"@type":"ListItem","position":1,"name":"Portada","item":"https:\/\/www.mundoprimaria.com\/tienda\/"},{"@type":"ListItem","position":2,"name":"Productos","item":"https:\/\/www.mundoprimaria.com\/tienda\/shop"},{"@type":"ListItem","position":3,"name":"Resoluci\u00f3n de problemas matem\u00e1ticos. Nivel 1"}]},{"@type":"WebSite","@id":"https:\/\/www.mundoprimaria.com\/tienda\/#website","url":"https:\/\/www.mundoprimaria.com\/tienda\/","name":"Tienda Mundo Primaria","description":"El portal para aprender jugando.","potentialAction":[{"@type":"SearchAction","target":{"@type":"EntryPoint","urlTemplate":"https:\/\/www.mundoprimaria.com\/tienda\/?s={search_term_string}"},"query-input":{"@type":"PropertyValueSpecification","valueRequired":true,"valueName":"search_term_string"}}],"inLanguage":"es"}]}},"_links":{"self":[{"href":"https:\/\/www.mundoprimaria.com\/tienda\/wp-json\/wp\/v2\/product\/64280","targetHints":{"allow":["GET"]}}],"collection":[{"href":"https:\/\/www.mundoprimaria.com\/tienda\/wp-json\/wp\/v2\/product"}],"about":[{"href":"https:\/\/www.mundoprimaria.com\/tienda\/wp-json\/wp\/v2\/types\/product"}],"replies":[{"embeddable":true,"href":"https:\/\/www.mundoprimaria.com\/tienda\/wp-json\/wp\/v2\/comments?post=64280"}],"wp:featuredmedia":[{"embeddable":true,"href":"https:\/\/www.mundoprimaria.com\/tienda\/wp-json\/wp\/v2\/media\/64497"}],"wp:attachment":[{"href":"https:\/\/www.mundoprimaria.com\/tienda\/wp-json\/wp\/v2\/media?parent=64280"}],"wp:term":[{"taxonomy":"product_cat","embeddable":true,"href":"https:\/\/www.mundoprimaria.com\/tienda\/wp-json\/wp\/v2\/product_cat?post=64280"},{"taxonomy":"product_tag","embeddable":true,"href":"https:\/\/www.mundoprimaria.com\/tienda\/wp-json\/wp\/v2\/product_tag?post=64280"}],"curies":[{"name":"wp","href":"https:\/\/api.w.org\/{rel}","templated":true}]}}