

{"id":64271,"date":"2017-07-27T03:56:00","date_gmt":"2017-07-27T01:56:00","guid":{"rendered":"http:\/\/www.mundoprimaria.com\/tienda\/?post_type=product&#038;p=64271"},"modified":"2024-03-01T09:39:35","modified_gmt":"2024-03-01T08:39:35","slug":"velocidad-procesamiento-4","status":"publish","type":"product","link":"https:\/\/www.mundoprimaria.com\/tienda\/producto\/velocidad-procesamiento-4","title":{"rendered":"Velocidad de procesamiento &#8211; Nivel 4"},"content":{"rendered":"<p>\u201cNuria est\u00e1 en segundo de ESO, desde hace a\u00f1os presenta dificultades de aprendizaje. Recientemente le han aplicado unos tests y han encontrado que presenta Velocidad de Procesamiento Lento\u201d. Muchos alumnos que pasan por distra\u00eddos y perezosos, padecen este problema que no siempre es identificado y por tanto, que no recibe el tratamiento adecuado.<\/p>\n<p>Este libro sirve de ayuda para que los chicos mejoren su velocidad de procesamiento y manual mediante el tachado variable de figuras, responder a preguntas, buscando figuras repetidas, completando dibujos o realizando c\u00e1lculos mentales, entre otras actividades. Es un material atractivo para que padres, educadores y otros especialistas estimulen a los chicos que padecen esta dificultad. El libro contiene tambi\u00e9n una gu\u00eda did\u00e1ctica y un registro para seguir los progresos del alumno.<\/p>\n<p>Qu\u00e9 se estimula y desarrolla<br \/>\n&#8211; La velocidad de procesamiento, la velocidad manual y de escritura.<br \/>\n&#8211; La atenci\u00f3n sostenida.<br \/>\n&#8211; El control de impulsos y las funciones ejecutivas de iniciaci\u00f3n, mantenimiento, inhibici\u00f3n, etc<br \/>\n&#8211; El procesamiento auditivo y visual de la informaci\u00f3n y la comunicaci\u00f3n entre el hemisferio derecho e izquierdo.<\/p>\n<p>Destinatarios<br \/>\n&#8211; Ni\u00f1os y adolescentes de 12 a 16 a\u00f1os con dificultades en el procesamiento o en la atenci\u00f3n.<\/p>\n<p>Qui\u00e9n puede utilizarlo<br \/>\n&#8211; Maestros\/as de Pedagog\u00eda Terap\u00e9utica y profesores de Secundaria.<br \/>\n&#8211; Orientadores, pedagogos, psic\u00f3logos y psicopedagogos.<br \/>\n&#8211; Familias.<\/p>\n<p>Fichas y tareas<br \/>\n&#8211; 60 fichas en las que se cronometra el tiempo.<br \/>\n&#8211; Buscar figuras repetidas.<br \/>\n&#8211; Leer seg\u00fan unas reglas.<br \/>\n&#8211; Tachado de figuras y letras variable.<br \/>\n&#8211; Completar dibujos y escritura.<br \/>\n&#8211; Ejercicios de \u201chacer \u2013 no hacer\u201d.<br \/>\n&#8211; Responder a preguntas y c\u00e1lculo mental.<\/p>\n","protected":false},"excerpt":{"rendered":"<p>Este libro sirve de ayuda para que los ni\u00f1os mejoren su velocidad de procesamiento mediante la lectura de dibujos, la realizaci\u00f3n de gestos o respondiendo a preguntas sencillas, entre otras actividades.<\/p>\n","protected":false},"featured_media":64414,"comment_status":"closed","ping_status":"closed","template":"","meta":{"_acf_changed":false,"_monsterinsights_skip_tracking":false,"_monsterinsights_sitenote_active":false,"_monsterinsights_sitenote_note":"","_monsterinsights_sitenote_category":0},"product_cat":[345],"product_tag":[],"class_list":{"0":"post-64271","1":"product","2":"type-product","3":"status-publish","4":"has-post-thumbnail","6":"product_cat-velocidad-de-procesamiento","7":"product_shipping_class-mensajeria","9":"first","10":"instock","11":"taxable","12":"shipping-taxable","13":"purchasable","14":"product-type-simple"},"acf":[],"yoast_head":"<!-- This site is optimized with the Yoast SEO plugin v24.2 - https:\/\/yoast.com\/wordpress\/plugins\/seo\/ -->\n<title>Velocidad de procesamiento - Nivel 4 - Tienda Mundo Primaria<\/title>\n<meta name=\"robots\" content=\"noindex, follow\" \/>\n<meta property=\"og:locale\" content=\"es_ES\" \/>\n<meta property=\"og:type\" content=\"article\" \/>\n<meta property=\"og:title\" content=\"Velocidad de procesamiento - Nivel 4 - Tienda Mundo Primaria\" \/>\n<meta property=\"og:description\" content=\"Este libro sirve de ayuda para que los ni\u00f1os mejoren su velocidad de procesamiento mediante la lectura de dibujos, la realizaci\u00f3n de gestos o respondiendo a preguntas sencillas, entre otras actividades.\" \/>\n<meta property=\"og:url\" content=\"https:\/\/www.mundoprimaria.com\/tienda\/producto\/velocidad-procesamiento-4\" \/>\n<meta property=\"og:site_name\" content=\"Tienda Mundo Primaria\" \/>\n<meta property=\"article:modified_time\" content=\"2024-03-01T08:39:35+00:00\" \/>\n<meta property=\"og:image\" content=\"https:\/\/www.mundoprimaria.com\/tienda\/wp-content\/uploads\/2017\/07\/Velocidad-procesamiento-nv4.jpg\" \/>\n\t<meta property=\"og:image:width\" content=\"460\" \/>\n\t<meta property=\"og:image:height\" content=\"460\" \/>\n\t<meta property=\"og:image:type\" content=\"image\/jpeg\" \/>\n<meta name=\"twitter:label1\" content=\"Tiempo de lectura\" \/>\n\t<meta name=\"twitter:data1\" content=\"2 minutos\" \/>\n<script type=\"application\/ld+json\" class=\"yoast-schema-graph\">{\"@context\":\"https:\/\/schema.org\",\"@graph\":[{\"@type\":\"WebPage\",\"@id\":\"https:\/\/www.mundoprimaria.com\/tienda\/producto\/velocidad-procesamiento-4\",\"url\":\"https:\/\/www.mundoprimaria.com\/tienda\/producto\/velocidad-procesamiento-4\",\"name\":\"Velocidad de procesamiento - Nivel 4 - Tienda Mundo Primaria\",\"isPartOf\":{\"@id\":\"https:\/\/www.mundoprimaria.com\/tienda\/#website\"},\"primaryImageOfPage\":{\"@id\":\"https:\/\/www.mundoprimaria.com\/tienda\/producto\/velocidad-procesamiento-4#primaryimage\"},\"image\":{\"@id\":\"https:\/\/www.mundoprimaria.com\/tienda\/producto\/velocidad-procesamiento-4#primaryimage\"},\"thumbnailUrl\":\"https:\/\/www.mundoprimaria.com\/tienda\/wp-content\/uploads\/2017\/07\/Velocidad-procesamiento-nv4.jpg\",\"datePublished\":\"2017-07-27T01:56:00+00:00\",\"dateModified\":\"2024-03-01T08:39:35+00:00\",\"breadcrumb\":{\"@id\":\"https:\/\/www.mundoprimaria.com\/tienda\/producto\/velocidad-procesamiento-4#breadcrumb\"},\"inLanguage\":\"es\",\"potentialAction\":[{\"@type\":\"ReadAction\",\"target\":[\"https:\/\/www.mundoprimaria.com\/tienda\/producto\/velocidad-procesamiento-4\"]}]},{\"@type\":\"ImageObject\",\"inLanguage\":\"es\",\"@id\":\"https:\/\/www.mundoprimaria.com\/tienda\/producto\/velocidad-procesamiento-4#primaryimage\",\"url\":\"https:\/\/www.mundoprimaria.com\/tienda\/wp-content\/uploads\/2017\/07\/Velocidad-procesamiento-nv4.jpg\",\"contentUrl\":\"https:\/\/www.mundoprimaria.com\/tienda\/wp-content\/uploads\/2017\/07\/Velocidad-procesamiento-nv4.jpg\",\"width\":460,\"height\":460},{\"@type\":\"BreadcrumbList\",\"@id\":\"https:\/\/www.mundoprimaria.com\/tienda\/producto\/velocidad-procesamiento-4#breadcrumb\",\"itemListElement\":[{\"@type\":\"ListItem\",\"position\":1,\"name\":\"Portada\",\"item\":\"https:\/\/www.mundoprimaria.com\/tienda\/\"},{\"@type\":\"ListItem\",\"position\":2,\"name\":\"Productos\",\"item\":\"https:\/\/www.mundoprimaria.com\/tienda\/shop\"},{\"@type\":\"ListItem\",\"position\":3,\"name\":\"Velocidad de procesamiento &#8211; Nivel 4\"}]},{\"@type\":\"WebSite\",\"@id\":\"https:\/\/www.mundoprimaria.com\/tienda\/#website\",\"url\":\"https:\/\/www.mundoprimaria.com\/tienda\/\",\"name\":\"Tienda Mundo Primaria\",\"description\":\"El portal para aprender jugando.\",\"potentialAction\":[{\"@type\":\"SearchAction\",\"target\":{\"@type\":\"EntryPoint\",\"urlTemplate\":\"https:\/\/www.mundoprimaria.com\/tienda\/?s={search_term_string}\"},\"query-input\":{\"@type\":\"PropertyValueSpecification\",\"valueRequired\":true,\"valueName\":\"search_term_string\"}}],\"inLanguage\":\"es\"}]}<\/script>\n<!-- \/ Yoast SEO plugin. -->","yoast_head_json":{"title":"Velocidad de procesamiento - Nivel 4 - Tienda Mundo Primaria","robots":{"index":"noindex","follow":"follow"},"og_locale":"es_ES","og_type":"article","og_title":"Velocidad de procesamiento - Nivel 4 - Tienda Mundo Primaria","og_description":"Este libro sirve de ayuda para que los ni\u00f1os mejoren su velocidad de procesamiento mediante la lectura de dibujos, la realizaci\u00f3n de gestos o respondiendo a preguntas sencillas, entre otras actividades.","og_url":"https:\/\/www.mundoprimaria.com\/tienda\/producto\/velocidad-procesamiento-4","og_site_name":"Tienda Mundo Primaria","article_modified_time":"2024-03-01T08:39:35+00:00","og_image":[{"width":460,"height":460,"url":"https:\/\/www.mundoprimaria.com\/tienda\/wp-content\/uploads\/2017\/07\/Velocidad-procesamiento-nv4.jpg","type":"image\/jpeg"}],"twitter_misc":{"Tiempo de lectura":"2 minutos"},"schema":{"@context":"https:\/\/schema.org","@graph":[{"@type":"WebPage","@id":"https:\/\/www.mundoprimaria.com\/tienda\/producto\/velocidad-procesamiento-4","url":"https:\/\/www.mundoprimaria.com\/tienda\/producto\/velocidad-procesamiento-4","name":"Velocidad de procesamiento - Nivel 4 - Tienda Mundo Primaria","isPartOf":{"@id":"https:\/\/www.mundoprimaria.com\/tienda\/#website"},"primaryImageOfPage":{"@id":"https:\/\/www.mundoprimaria.com\/tienda\/producto\/velocidad-procesamiento-4#primaryimage"},"image":{"@id":"https:\/\/www.mundoprimaria.com\/tienda\/producto\/velocidad-procesamiento-4#primaryimage"},"thumbnailUrl":"https:\/\/www.mundoprimaria.com\/tienda\/wp-content\/uploads\/2017\/07\/Velocidad-procesamiento-nv4.jpg","datePublished":"2017-07-27T01:56:00+00:00","dateModified":"2024-03-01T08:39:35+00:00","breadcrumb":{"@id":"https:\/\/www.mundoprimaria.com\/tienda\/producto\/velocidad-procesamiento-4#breadcrumb"},"inLanguage":"es","potentialAction":[{"@type":"ReadAction","target":["https:\/\/www.mundoprimaria.com\/tienda\/producto\/velocidad-procesamiento-4"]}]},{"@type":"ImageObject","inLanguage":"es","@id":"https:\/\/www.mundoprimaria.com\/tienda\/producto\/velocidad-procesamiento-4#primaryimage","url":"https:\/\/www.mundoprimaria.com\/tienda\/wp-content\/uploads\/2017\/07\/Velocidad-procesamiento-nv4.jpg","contentUrl":"https:\/\/www.mundoprimaria.com\/tienda\/wp-content\/uploads\/2017\/07\/Velocidad-procesamiento-nv4.jpg","width":460,"height":460},{"@type":"BreadcrumbList","@id":"https:\/\/www.mundoprimaria.com\/tienda\/producto\/velocidad-procesamiento-4#breadcrumb","itemListElement":[{"@type":"ListItem","position":1,"name":"Portada","item":"https:\/\/www.mundoprimaria.com\/tienda\/"},{"@type":"ListItem","position":2,"name":"Productos","item":"https:\/\/www.mundoprimaria.com\/tienda\/shop"},{"@type":"ListItem","position":3,"name":"Velocidad de procesamiento &#8211; Nivel 4"}]},{"@type":"WebSite","@id":"https:\/\/www.mundoprimaria.com\/tienda\/#website","url":"https:\/\/www.mundoprimaria.com\/tienda\/","name":"Tienda Mundo Primaria","description":"El portal para aprender jugando.","potentialAction":[{"@type":"SearchAction","target":{"@type":"EntryPoint","urlTemplate":"https:\/\/www.mundoprimaria.com\/tienda\/?s={search_term_string}"},"query-input":{"@type":"PropertyValueSpecification","valueRequired":true,"valueName":"search_term_string"}}],"inLanguage":"es"}]}},"_links":{"self":[{"href":"https:\/\/www.mundoprimaria.com\/tienda\/wp-json\/wp\/v2\/product\/64271","targetHints":{"allow":["GET"]}}],"collection":[{"href":"https:\/\/www.mundoprimaria.com\/tienda\/wp-json\/wp\/v2\/product"}],"about":[{"href":"https:\/\/www.mundoprimaria.com\/tienda\/wp-json\/wp\/v2\/types\/product"}],"replies":[{"embeddable":true,"href":"https:\/\/www.mundoprimaria.com\/tienda\/wp-json\/wp\/v2\/comments?post=64271"}],"wp:featuredmedia":[{"embeddable":true,"href":"https:\/\/www.mundoprimaria.com\/tienda\/wp-json\/wp\/v2\/media\/64414"}],"wp:attachment":[{"href":"https:\/\/www.mundoprimaria.com\/tienda\/wp-json\/wp\/v2\/media?parent=64271"}],"wp:term":[{"taxonomy":"product_cat","embeddable":true,"href":"https:\/\/www.mundoprimaria.com\/tienda\/wp-json\/wp\/v2\/product_cat?post=64271"},{"taxonomy":"product_tag","embeddable":true,"href":"https:\/\/www.mundoprimaria.com\/tienda\/wp-json\/wp\/v2\/product_tag?post=64271"}],"curies":[{"name":"wp","href":"https:\/\/api.w.org\/{rel}","templated":true}]}}