

{"id":64268,"date":"2017-07-27T03:03:26","date_gmt":"2017-07-27T01:03:26","guid":{"rendered":"http:\/\/www.mundoprimaria.com\/tienda\/?post_type=product&#038;p=64268"},"modified":"2024-03-01T09:43:46","modified_gmt":"2024-03-01T08:43:46","slug":"velocidad-procesamiento-1","status":"publish","type":"product","link":"https:\/\/www.mundoprimaria.com\/tienda\/producto\/velocidad-procesamiento-1","title":{"rendered":"Velocidad de procesamiento &#8211; Nivel 1"},"content":{"rendered":"<p>Estimular la velocidad de procesamiento en edades tempranas, sobre todo en ni\u00f1os de riesgo por su condiciones personales, es una medida que puede prevenir problemas de atenci\u00f3n, de velocidad lectora y que en general estimula la capacidad cognitiva de los ni\u00f1os.<\/p>\n<p>Este libro sirve de ayuda para que los ni\u00f1os mejoren su velocidad de procesamiento mediante la lectura de dibujos, la realizaci\u00f3n de gestos o respondiendo a preguntas sencillas, entre otras actividades. Es un material atractivo para que padres, educadores y otros especialistas estimulen a los ni\u00f1os que padecen esta dificultad. El libro contiene tambi\u00e9n una gu\u00eda did\u00e1ctica y un registro para seguir los progresos del ni\u00f1o.<\/p>\n<p>Qu\u00e9 se estimulay desarrolla<br \/>\n&#8211; La velocidad de procesamiento, principalmente.<br \/>\n&#8211; La atenci\u00f3n sostenida.<br \/>\n&#8211; Las funciones ejecutivas de iniciaci\u00f3n, mantenimiento, entre otras.<br \/>\n&#8211; El procesamiento auditivo y visual de la informaci\u00f3n y la comunicaci\u00f3n entre el hemisferio derecho e izquierdo.<\/p>\n<p>Destinatarios<br \/>\n&#8211; Ni\u00f1os de 3 en adelante con dificultades en la velocidad de procesamiento o de atenci\u00f3n.<br \/>\n&#8211; Ni\u00f1os de 3 a 4 considerados de riesgo por su condiciones personales, como retraso madurativo<\/p>\n<p>Qui\u00e9n puede utilizarlo<br \/>\n&#8211; Maestros\/as de Educaci\u00f3n Infantil, Pedagog\u00eda Terap\u00e9utica.<br \/>\n&#8211; Orientadores, pedagogos, psic\u00f3logos y psicopedagogos.<br \/>\n&#8211; Familias.<\/p>\n<p>Fichas y tareas<br \/>\n&#8211; 60 fichas en las que se cronometra el tiempo invertido.<br \/>\n&#8211; Lectura de dibujos.<br \/>\n&#8211; Responder a preguntas<br \/>\n&#8211; Realizar gestos.<br \/>\n&#8211; Se\u00f1alar los dibujos indicados.<\/p>\n","protected":false},"excerpt":{"rendered":"<p>Este libro sirve de ayuda para que los ni\u00f1os mejoren su velocidad de procesamiento mediante la lectura de dibujos, la realizaci\u00f3n de gestos o respondiendo a preguntas sencillas, entre otras actividades.<\/p>\n","protected":false},"featured_media":64411,"comment_status":"closed","ping_status":"closed","template":"","meta":{"_acf_changed":false,"_monsterinsights_skip_tracking":false,"_monsterinsights_sitenote_active":false,"_monsterinsights_sitenote_note":"","_monsterinsights_sitenote_category":0},"product_cat":[345],"product_tag":[],"class_list":{"0":"post-64268","1":"product","2":"type-product","3":"status-publish","4":"has-post-thumbnail","6":"product_cat-velocidad-de-procesamiento","7":"product_shipping_class-mensajeria","9":"first","10":"instock","11":"taxable","12":"shipping-taxable","13":"purchasable","14":"product-type-simple"},"acf":[],"yoast_head":"<!-- This site is optimized with the Yoast SEO plugin v24.2 - https:\/\/yoast.com\/wordpress\/plugins\/seo\/ -->\n<title>Velocidad de procesamiento - Nivel 1 - Tienda Mundo Primaria<\/title>\n<meta name=\"robots\" content=\"noindex, follow\" \/>\n<meta property=\"og:locale\" content=\"es_ES\" \/>\n<meta property=\"og:type\" content=\"article\" \/>\n<meta property=\"og:title\" content=\"Velocidad de procesamiento - Nivel 1 - Tienda Mundo Primaria\" \/>\n<meta property=\"og:description\" content=\"Este libro sirve de ayuda para que los ni\u00f1os mejoren su velocidad de procesamiento mediante la lectura de dibujos, la realizaci\u00f3n de gestos o respondiendo a preguntas sencillas, entre otras actividades.\" \/>\n<meta property=\"og:url\" content=\"https:\/\/www.mundoprimaria.com\/tienda\/producto\/velocidad-procesamiento-1\" \/>\n<meta property=\"og:site_name\" content=\"Tienda Mundo Primaria\" \/>\n<meta property=\"article:modified_time\" content=\"2024-03-01T08:43:46+00:00\" \/>\n<meta property=\"og:image\" content=\"https:\/\/www.mundoprimaria.com\/tienda\/wp-content\/uploads\/2017\/07\/Velocidad-procesamiento-nv1.jpg\" \/>\n\t<meta property=\"og:image:width\" content=\"460\" \/>\n\t<meta property=\"og:image:height\" content=\"460\" \/>\n\t<meta property=\"og:image:type\" content=\"image\/jpeg\" \/>\n<meta name=\"twitter:label1\" content=\"Tiempo de lectura\" \/>\n\t<meta name=\"twitter:data1\" content=\"1 minuto\" \/>\n<script type=\"application\/ld+json\" class=\"yoast-schema-graph\">{\"@context\":\"https:\/\/schema.org\",\"@graph\":[{\"@type\":\"WebPage\",\"@id\":\"https:\/\/www.mundoprimaria.com\/tienda\/producto\/velocidad-procesamiento-1\",\"url\":\"https:\/\/www.mundoprimaria.com\/tienda\/producto\/velocidad-procesamiento-1\",\"name\":\"Velocidad de procesamiento - Nivel 1 - Tienda Mundo Primaria\",\"isPartOf\":{\"@id\":\"https:\/\/www.mundoprimaria.com\/tienda\/#website\"},\"primaryImageOfPage\":{\"@id\":\"https:\/\/www.mundoprimaria.com\/tienda\/producto\/velocidad-procesamiento-1#primaryimage\"},\"image\":{\"@id\":\"https:\/\/www.mundoprimaria.com\/tienda\/producto\/velocidad-procesamiento-1#primaryimage\"},\"thumbnailUrl\":\"https:\/\/www.mundoprimaria.com\/tienda\/wp-content\/uploads\/2017\/07\/Velocidad-procesamiento-nv1.jpg\",\"datePublished\":\"2017-07-27T01:03:26+00:00\",\"dateModified\":\"2024-03-01T08:43:46+00:00\",\"breadcrumb\":{\"@id\":\"https:\/\/www.mundoprimaria.com\/tienda\/producto\/velocidad-procesamiento-1#breadcrumb\"},\"inLanguage\":\"es\",\"potentialAction\":[{\"@type\":\"ReadAction\",\"target\":[\"https:\/\/www.mundoprimaria.com\/tienda\/producto\/velocidad-procesamiento-1\"]}]},{\"@type\":\"ImageObject\",\"inLanguage\":\"es\",\"@id\":\"https:\/\/www.mundoprimaria.com\/tienda\/producto\/velocidad-procesamiento-1#primaryimage\",\"url\":\"https:\/\/www.mundoprimaria.com\/tienda\/wp-content\/uploads\/2017\/07\/Velocidad-procesamiento-nv1.jpg\",\"contentUrl\":\"https:\/\/www.mundoprimaria.com\/tienda\/wp-content\/uploads\/2017\/07\/Velocidad-procesamiento-nv1.jpg\",\"width\":460,\"height\":460},{\"@type\":\"BreadcrumbList\",\"@id\":\"https:\/\/www.mundoprimaria.com\/tienda\/producto\/velocidad-procesamiento-1#breadcrumb\",\"itemListElement\":[{\"@type\":\"ListItem\",\"position\":1,\"name\":\"Portada\",\"item\":\"https:\/\/www.mundoprimaria.com\/tienda\/\"},{\"@type\":\"ListItem\",\"position\":2,\"name\":\"Productos\",\"item\":\"https:\/\/www.mundoprimaria.com\/tienda\/shop\"},{\"@type\":\"ListItem\",\"position\":3,\"name\":\"Velocidad de procesamiento &#8211; Nivel 1\"}]},{\"@type\":\"WebSite\",\"@id\":\"https:\/\/www.mundoprimaria.com\/tienda\/#website\",\"url\":\"https:\/\/www.mundoprimaria.com\/tienda\/\",\"name\":\"Tienda Mundo Primaria\",\"description\":\"El portal para aprender jugando.\",\"potentialAction\":[{\"@type\":\"SearchAction\",\"target\":{\"@type\":\"EntryPoint\",\"urlTemplate\":\"https:\/\/www.mundoprimaria.com\/tienda\/?s={search_term_string}\"},\"query-input\":{\"@type\":\"PropertyValueSpecification\",\"valueRequired\":true,\"valueName\":\"search_term_string\"}}],\"inLanguage\":\"es\"}]}<\/script>\n<!-- \/ Yoast SEO plugin. -->","yoast_head_json":{"title":"Velocidad de procesamiento - Nivel 1 - Tienda Mundo Primaria","robots":{"index":"noindex","follow":"follow"},"og_locale":"es_ES","og_type":"article","og_title":"Velocidad de procesamiento - Nivel 1 - Tienda Mundo Primaria","og_description":"Este libro sirve de ayuda para que los ni\u00f1os mejoren su velocidad de procesamiento mediante la lectura de dibujos, la realizaci\u00f3n de gestos o respondiendo a preguntas sencillas, entre otras actividades.","og_url":"https:\/\/www.mundoprimaria.com\/tienda\/producto\/velocidad-procesamiento-1","og_site_name":"Tienda Mundo Primaria","article_modified_time":"2024-03-01T08:43:46+00:00","og_image":[{"width":460,"height":460,"url":"https:\/\/www.mundoprimaria.com\/tienda\/wp-content\/uploads\/2017\/07\/Velocidad-procesamiento-nv1.jpg","type":"image\/jpeg"}],"twitter_misc":{"Tiempo de lectura":"1 minuto"},"schema":{"@context":"https:\/\/schema.org","@graph":[{"@type":"WebPage","@id":"https:\/\/www.mundoprimaria.com\/tienda\/producto\/velocidad-procesamiento-1","url":"https:\/\/www.mundoprimaria.com\/tienda\/producto\/velocidad-procesamiento-1","name":"Velocidad de procesamiento - Nivel 1 - Tienda Mundo Primaria","isPartOf":{"@id":"https:\/\/www.mundoprimaria.com\/tienda\/#website"},"primaryImageOfPage":{"@id":"https:\/\/www.mundoprimaria.com\/tienda\/producto\/velocidad-procesamiento-1#primaryimage"},"image":{"@id":"https:\/\/www.mundoprimaria.com\/tienda\/producto\/velocidad-procesamiento-1#primaryimage"},"thumbnailUrl":"https:\/\/www.mundoprimaria.com\/tienda\/wp-content\/uploads\/2017\/07\/Velocidad-procesamiento-nv1.jpg","datePublished":"2017-07-27T01:03:26+00:00","dateModified":"2024-03-01T08:43:46+00:00","breadcrumb":{"@id":"https:\/\/www.mundoprimaria.com\/tienda\/producto\/velocidad-procesamiento-1#breadcrumb"},"inLanguage":"es","potentialAction":[{"@type":"ReadAction","target":["https:\/\/www.mundoprimaria.com\/tienda\/producto\/velocidad-procesamiento-1"]}]},{"@type":"ImageObject","inLanguage":"es","@id":"https:\/\/www.mundoprimaria.com\/tienda\/producto\/velocidad-procesamiento-1#primaryimage","url":"https:\/\/www.mundoprimaria.com\/tienda\/wp-content\/uploads\/2017\/07\/Velocidad-procesamiento-nv1.jpg","contentUrl":"https:\/\/www.mundoprimaria.com\/tienda\/wp-content\/uploads\/2017\/07\/Velocidad-procesamiento-nv1.jpg","width":460,"height":460},{"@type":"BreadcrumbList","@id":"https:\/\/www.mundoprimaria.com\/tienda\/producto\/velocidad-procesamiento-1#breadcrumb","itemListElement":[{"@type":"ListItem","position":1,"name":"Portada","item":"https:\/\/www.mundoprimaria.com\/tienda\/"},{"@type":"ListItem","position":2,"name":"Productos","item":"https:\/\/www.mundoprimaria.com\/tienda\/shop"},{"@type":"ListItem","position":3,"name":"Velocidad de procesamiento &#8211; Nivel 1"}]},{"@type":"WebSite","@id":"https:\/\/www.mundoprimaria.com\/tienda\/#website","url":"https:\/\/www.mundoprimaria.com\/tienda\/","name":"Tienda Mundo Primaria","description":"El portal para aprender jugando.","potentialAction":[{"@type":"SearchAction","target":{"@type":"EntryPoint","urlTemplate":"https:\/\/www.mundoprimaria.com\/tienda\/?s={search_term_string}"},"query-input":{"@type":"PropertyValueSpecification","valueRequired":true,"valueName":"search_term_string"}}],"inLanguage":"es"}]}},"_links":{"self":[{"href":"https:\/\/www.mundoprimaria.com\/tienda\/wp-json\/wp\/v2\/product\/64268","targetHints":{"allow":["GET"]}}],"collection":[{"href":"https:\/\/www.mundoprimaria.com\/tienda\/wp-json\/wp\/v2\/product"}],"about":[{"href":"https:\/\/www.mundoprimaria.com\/tienda\/wp-json\/wp\/v2\/types\/product"}],"replies":[{"embeddable":true,"href":"https:\/\/www.mundoprimaria.com\/tienda\/wp-json\/wp\/v2\/comments?post=64268"}],"wp:featuredmedia":[{"embeddable":true,"href":"https:\/\/www.mundoprimaria.com\/tienda\/wp-json\/wp\/v2\/media\/64411"}],"wp:attachment":[{"href":"https:\/\/www.mundoprimaria.com\/tienda\/wp-json\/wp\/v2\/media?parent=64268"}],"wp:term":[{"taxonomy":"product_cat","embeddable":true,"href":"https:\/\/www.mundoprimaria.com\/tienda\/wp-json\/wp\/v2\/product_cat?post=64268"},{"taxonomy":"product_tag","embeddable":true,"href":"https:\/\/www.mundoprimaria.com\/tienda\/wp-json\/wp\/v2\/product_tag?post=64268"}],"curies":[{"name":"wp","href":"https:\/\/api.w.org\/{rel}","templated":true}]}}