

{"id":64267,"date":"2017-07-27T02:57:23","date_gmt":"2017-07-27T00:57:23","guid":{"rendered":"http:\/\/www.mundoprimaria.com\/tienda\/?post_type=product&#038;p=64267"},"modified":"2024-03-01T09:44:03","modified_gmt":"2024-03-01T08:44:03","slug":"orientacion-espacial-4","status":"publish","type":"product","link":"https:\/\/www.mundoprimaria.com\/tienda\/producto\/orientacion-espacial-4","title":{"rendered":"Estimular la orientaci\u00f3n espacial &#8211; Nivel 4"},"content":{"rendered":"<p align=\"justify\"><strong>\u201cDaniel confunde todav\u00eda la derecha y la izquierda, dibujar no se le da bien y le cuesta organizarse en la hoja de su cuaderno\u201d.\u00a0 Muchos ni\u00f1os de 7 a\u00f1os o m\u00e1s tienen dificultades de organizaci\u00f3n espacial. Normalmente, estas dificultades repercuten en la lectura, escritura, c\u00e1lculo y numeraci\u00f3n.<br \/>\n<\/strong><br \/>\nEste libro sirve de ayuda para que los ni\u00f1os rehabiliten la orientaci\u00f3n espacial a trav\u00e9s de actividades como identificar dibujos orientados en la misma direcci\u00f3n que un modelo,\u00a0 imitar gestos o copiar dibujos, entre otras.<\/p>\n<p>Es un material que padres, educadores y otros especialistas pueden utilizar con todos los alumnos, como actividad complementaria o de manera individual. El libro contiene tambi\u00e9n una gu\u00eda did\u00e1ctica y un registro para seguir los progresos del ni\u00f1o.<\/p>\n<p align=\"justify\"><strong>Qu\u00e9 se estimula y desarrolla<\/strong><\/p>\n<p>&#8211; La orientaci\u00f3n derecha \u2013 izquierda en el propio cuerpo y en otras personas<br \/>\n&#8211; Identificar dibujos que comparten la misma orientaci\u00f3n espacial.<br \/>\n&#8211; Las habilidades visiomotoras, implicadas para la reproducci\u00f3n con l\u00e1piz y papel de figuras, dibujos y trayectorias.<br \/>\n&#8211; An\u00e1lisis visual dividiendo el todo en sus partes componentes.<br \/>\n&#8211; El seguimiento de instrucciones relacionadas con la orientaci\u00f3n espacial<\/p>\n<p><strong>Destinatarios<\/strong><\/p>\n<p>&#8211; Ni\u00f1os de 7y 8 a\u00f1os.<br \/>\n&#8211; Ni\u00f1os de 9 a\u00f1os o m\u00e1s con dificultades de orientaci\u00f3n espacial.<\/p>\n<p><strong>Qui\u00e9n puede utilizarlo<\/strong><\/p>\n<p>&#8211; Maestros\/as de Educaci\u00f3n Infantil, Primaria, Pedagog\u00eda Terap\u00e9utica y Audici\u00f3n y Lenguaje.<br \/>\n&#8211; Pedagogos, psic\u00f3logos y psicopedagogos.<br \/>\n&#8211; Familias.<\/p>\n<p><strong>Fichas y tareas<\/strong><\/p>\n<p>&#8211; 60 fichas.<br \/>\n&#8211; Identificar el dibujo que est\u00e1 en la misma posici\u00f3n que un modelo.<br \/>\n&#8211; Copiar dibujos.<br \/>\n&#8211; Realizar gestos relacionados con posiciones en el espacio.<br \/>\n&#8211; Copiar trayectorias.<br \/>\n&#8211; Seguir rutas.<\/p>\n<p>&nbsp;<\/p>\n","protected":false},"excerpt":{"rendered":"<p>\u201cDaniel confunde todav\u00eda la derecha y la izquierda, dibujar no se le da bien y le cuesta organizarse en la hoja de su cuaderno\u201d.\u00a0 Muchos ni\u00f1os de 7 a\u00f1os o m\u00e1s tienen dificultades de organizaci\u00f3n espacial. Normalmente, estas dificultades repercuten en la lectura, escritura, c\u00e1lculo y numeraci\u00f3n. Este libro sirve de ayuda para afrontar y tratar de solucionar estas dificultades.<\/p>\n","protected":false},"featured_media":64410,"comment_status":"closed","ping_status":"closed","template":"","meta":{"_acf_changed":false,"_monsterinsights_skip_tracking":false,"_monsterinsights_sitenote_active":false,"_monsterinsights_sitenote_note":"","_monsterinsights_sitenote_category":0},"product_cat":[346],"product_tag":[],"class_list":{"0":"post-64267","1":"product","2":"type-product","3":"status-publish","4":"has-post-thumbnail","6":"product_cat-estimular-orientacion-especial","7":"product_shipping_class-mensajeria","9":"first","10":"instock","11":"taxable","12":"shipping-taxable","13":"purchasable","14":"product-type-simple"},"acf":[],"yoast_head":"<!-- This site is optimized with the Yoast SEO plugin v24.2 - https:\/\/yoast.com\/wordpress\/plugins\/seo\/ -->\n<title>Estimular la orientaci\u00f3n espacial - Nivel 4 - Tienda Mundo Primaria<\/title>\n<meta name=\"robots\" content=\"noindex, follow\" \/>\n<meta property=\"og:locale\" content=\"es_ES\" \/>\n<meta property=\"og:type\" content=\"article\" \/>\n<meta property=\"og:title\" content=\"Estimular la orientaci\u00f3n espacial - Nivel 4 - Tienda Mundo Primaria\" \/>\n<meta property=\"og:description\" content=\"\u201cDaniel confunde todav\u00eda la derecha y la izquierda, dibujar no se le da bien y le cuesta organizarse en la hoja de su cuaderno\u201d.\u00a0 Muchos ni\u00f1os de 7 a\u00f1os o m\u00e1s tienen dificultades de organizaci\u00f3n espacial. Normalmente, estas dificultades repercuten en la lectura, escritura, c\u00e1lculo y numeraci\u00f3n. Este libro sirve de ayuda para afrontar y tratar de solucionar estas dificultades.\" \/>\n<meta property=\"og:url\" content=\"https:\/\/www.mundoprimaria.com\/tienda\/producto\/orientacion-espacial-4\" \/>\n<meta property=\"og:site_name\" content=\"Tienda Mundo Primaria\" \/>\n<meta property=\"article:modified_time\" content=\"2024-03-01T08:44:03+00:00\" \/>\n<meta property=\"og:image\" content=\"https:\/\/www.mundoprimaria.com\/tienda\/wp-content\/uploads\/2017\/07\/Orientacion-espacial-nv4.jpg\" \/>\n\t<meta property=\"og:image:width\" content=\"460\" \/>\n\t<meta property=\"og:image:height\" content=\"460\" \/>\n\t<meta property=\"og:image:type\" content=\"image\/jpeg\" \/>\n<meta name=\"twitter:label1\" content=\"Tiempo de lectura\" \/>\n\t<meta name=\"twitter:data1\" content=\"2 minutos\" \/>\n<script type=\"application\/ld+json\" class=\"yoast-schema-graph\">{\"@context\":\"https:\/\/schema.org\",\"@graph\":[{\"@type\":\"WebPage\",\"@id\":\"https:\/\/www.mundoprimaria.com\/tienda\/producto\/orientacion-espacial-4\",\"url\":\"https:\/\/www.mundoprimaria.com\/tienda\/producto\/orientacion-espacial-4\",\"name\":\"Estimular la orientaci\u00f3n espacial - Nivel 4 - Tienda Mundo Primaria\",\"isPartOf\":{\"@id\":\"https:\/\/www.mundoprimaria.com\/tienda\/#website\"},\"primaryImageOfPage\":{\"@id\":\"https:\/\/www.mundoprimaria.com\/tienda\/producto\/orientacion-espacial-4#primaryimage\"},\"image\":{\"@id\":\"https:\/\/www.mundoprimaria.com\/tienda\/producto\/orientacion-espacial-4#primaryimage\"},\"thumbnailUrl\":\"https:\/\/www.mundoprimaria.com\/tienda\/wp-content\/uploads\/2017\/07\/Orientacion-espacial-nv4.jpg\",\"datePublished\":\"2017-07-27T00:57:23+00:00\",\"dateModified\":\"2024-03-01T08:44:03+00:00\",\"breadcrumb\":{\"@id\":\"https:\/\/www.mundoprimaria.com\/tienda\/producto\/orientacion-espacial-4#breadcrumb\"},\"inLanguage\":\"es\",\"potentialAction\":[{\"@type\":\"ReadAction\",\"target\":[\"https:\/\/www.mundoprimaria.com\/tienda\/producto\/orientacion-espacial-4\"]}]},{\"@type\":\"ImageObject\",\"inLanguage\":\"es\",\"@id\":\"https:\/\/www.mundoprimaria.com\/tienda\/producto\/orientacion-espacial-4#primaryimage\",\"url\":\"https:\/\/www.mundoprimaria.com\/tienda\/wp-content\/uploads\/2017\/07\/Orientacion-espacial-nv4.jpg\",\"contentUrl\":\"https:\/\/www.mundoprimaria.com\/tienda\/wp-content\/uploads\/2017\/07\/Orientacion-espacial-nv4.jpg\",\"width\":460,\"height\":460},{\"@type\":\"BreadcrumbList\",\"@id\":\"https:\/\/www.mundoprimaria.com\/tienda\/producto\/orientacion-espacial-4#breadcrumb\",\"itemListElement\":[{\"@type\":\"ListItem\",\"position\":1,\"name\":\"Portada\",\"item\":\"https:\/\/www.mundoprimaria.com\/tienda\/\"},{\"@type\":\"ListItem\",\"position\":2,\"name\":\"Productos\",\"item\":\"https:\/\/www.mundoprimaria.com\/tienda\/shop\"},{\"@type\":\"ListItem\",\"position\":3,\"name\":\"Estimular la orientaci\u00f3n espacial &#8211; Nivel 4\"}]},{\"@type\":\"WebSite\",\"@id\":\"https:\/\/www.mundoprimaria.com\/tienda\/#website\",\"url\":\"https:\/\/www.mundoprimaria.com\/tienda\/\",\"name\":\"Tienda Mundo Primaria\",\"description\":\"El portal para aprender jugando.\",\"potentialAction\":[{\"@type\":\"SearchAction\",\"target\":{\"@type\":\"EntryPoint\",\"urlTemplate\":\"https:\/\/www.mundoprimaria.com\/tienda\/?s={search_term_string}\"},\"query-input\":{\"@type\":\"PropertyValueSpecification\",\"valueRequired\":true,\"valueName\":\"search_term_string\"}}],\"inLanguage\":\"es\"}]}<\/script>\n<!-- \/ Yoast SEO plugin. -->","yoast_head_json":{"title":"Estimular la orientaci\u00f3n espacial - Nivel 4 - Tienda Mundo Primaria","robots":{"index":"noindex","follow":"follow"},"og_locale":"es_ES","og_type":"article","og_title":"Estimular la orientaci\u00f3n espacial - Nivel 4 - Tienda Mundo Primaria","og_description":"\u201cDaniel confunde todav\u00eda la derecha y la izquierda, dibujar no se le da bien y le cuesta organizarse en la hoja de su cuaderno\u201d.\u00a0 Muchos ni\u00f1os de 7 a\u00f1os o m\u00e1s tienen dificultades de organizaci\u00f3n espacial. Normalmente, estas dificultades repercuten en la lectura, escritura, c\u00e1lculo y numeraci\u00f3n. Este libro sirve de ayuda para afrontar y tratar de solucionar estas dificultades.","og_url":"https:\/\/www.mundoprimaria.com\/tienda\/producto\/orientacion-espacial-4","og_site_name":"Tienda Mundo Primaria","article_modified_time":"2024-03-01T08:44:03+00:00","og_image":[{"width":460,"height":460,"url":"https:\/\/www.mundoprimaria.com\/tienda\/wp-content\/uploads\/2017\/07\/Orientacion-espacial-nv4.jpg","type":"image\/jpeg"}],"twitter_misc":{"Tiempo de lectura":"2 minutos"},"schema":{"@context":"https:\/\/schema.org","@graph":[{"@type":"WebPage","@id":"https:\/\/www.mundoprimaria.com\/tienda\/producto\/orientacion-espacial-4","url":"https:\/\/www.mundoprimaria.com\/tienda\/producto\/orientacion-espacial-4","name":"Estimular la orientaci\u00f3n espacial - Nivel 4 - Tienda Mundo Primaria","isPartOf":{"@id":"https:\/\/www.mundoprimaria.com\/tienda\/#website"},"primaryImageOfPage":{"@id":"https:\/\/www.mundoprimaria.com\/tienda\/producto\/orientacion-espacial-4#primaryimage"},"image":{"@id":"https:\/\/www.mundoprimaria.com\/tienda\/producto\/orientacion-espacial-4#primaryimage"},"thumbnailUrl":"https:\/\/www.mundoprimaria.com\/tienda\/wp-content\/uploads\/2017\/07\/Orientacion-espacial-nv4.jpg","datePublished":"2017-07-27T00:57:23+00:00","dateModified":"2024-03-01T08:44:03+00:00","breadcrumb":{"@id":"https:\/\/www.mundoprimaria.com\/tienda\/producto\/orientacion-espacial-4#breadcrumb"},"inLanguage":"es","potentialAction":[{"@type":"ReadAction","target":["https:\/\/www.mundoprimaria.com\/tienda\/producto\/orientacion-espacial-4"]}]},{"@type":"ImageObject","inLanguage":"es","@id":"https:\/\/www.mundoprimaria.com\/tienda\/producto\/orientacion-espacial-4#primaryimage","url":"https:\/\/www.mundoprimaria.com\/tienda\/wp-content\/uploads\/2017\/07\/Orientacion-espacial-nv4.jpg","contentUrl":"https:\/\/www.mundoprimaria.com\/tienda\/wp-content\/uploads\/2017\/07\/Orientacion-espacial-nv4.jpg","width":460,"height":460},{"@type":"BreadcrumbList","@id":"https:\/\/www.mundoprimaria.com\/tienda\/producto\/orientacion-espacial-4#breadcrumb","itemListElement":[{"@type":"ListItem","position":1,"name":"Portada","item":"https:\/\/www.mundoprimaria.com\/tienda\/"},{"@type":"ListItem","position":2,"name":"Productos","item":"https:\/\/www.mundoprimaria.com\/tienda\/shop"},{"@type":"ListItem","position":3,"name":"Estimular la orientaci\u00f3n espacial &#8211; Nivel 4"}]},{"@type":"WebSite","@id":"https:\/\/www.mundoprimaria.com\/tienda\/#website","url":"https:\/\/www.mundoprimaria.com\/tienda\/","name":"Tienda Mundo Primaria","description":"El portal para aprender jugando.","potentialAction":[{"@type":"SearchAction","target":{"@type":"EntryPoint","urlTemplate":"https:\/\/www.mundoprimaria.com\/tienda\/?s={search_term_string}"},"query-input":{"@type":"PropertyValueSpecification","valueRequired":true,"valueName":"search_term_string"}}],"inLanguage":"es"}]}},"_links":{"self":[{"href":"https:\/\/www.mundoprimaria.com\/tienda\/wp-json\/wp\/v2\/product\/64267","targetHints":{"allow":["GET"]}}],"collection":[{"href":"https:\/\/www.mundoprimaria.com\/tienda\/wp-json\/wp\/v2\/product"}],"about":[{"href":"https:\/\/www.mundoprimaria.com\/tienda\/wp-json\/wp\/v2\/types\/product"}],"replies":[{"embeddable":true,"href":"https:\/\/www.mundoprimaria.com\/tienda\/wp-json\/wp\/v2\/comments?post=64267"}],"wp:featuredmedia":[{"embeddable":true,"href":"https:\/\/www.mundoprimaria.com\/tienda\/wp-json\/wp\/v2\/media\/64410"}],"wp:attachment":[{"href":"https:\/\/www.mundoprimaria.com\/tienda\/wp-json\/wp\/v2\/media?parent=64267"}],"wp:term":[{"taxonomy":"product_cat","embeddable":true,"href":"https:\/\/www.mundoprimaria.com\/tienda\/wp-json\/wp\/v2\/product_cat?post=64267"},{"taxonomy":"product_tag","embeddable":true,"href":"https:\/\/www.mundoprimaria.com\/tienda\/wp-json\/wp\/v2\/product_tag?post=64267"}],"curies":[{"name":"wp","href":"https:\/\/api.w.org\/{rel}","templated":true}]}}