

{"id":64260,"date":"2017-07-27T01:49:32","date_gmt":"2017-07-26T23:49:32","guid":{"rendered":"http:\/\/www.mundoprimaria.com\/tienda\/?post_type=product&#038;p=64260"},"modified":"2024-03-01T09:45:25","modified_gmt":"2024-03-01T08:45:25","slug":"comprender-palabras-1","status":"publish","type":"product","link":"https:\/\/www.mundoprimaria.com\/tienda\/producto\/comprender-palabras-1","title":{"rendered":"Mejorar la lectura &#8211; Comprender palabras y oraciones Nivel 1"},"content":{"rendered":"<p align=\"justify\"><strong>La comprensi\u00f3n de palabras y oraciones en los primeros a\u00f1os de la escolaridad, prepara a los ni\u00f1os para leer correctamente y para afrontar con garant\u00edas los estudios.<\/strong><\/p>\n<p align=\"justify\">Este libro sirve de ayuda para que los ni\u00f1os mejoren su lectura a trav\u00e9s de actividades de comprensi\u00f3n de palabras. Es un material que padres, educadores y logopedas pueden utilizar con todos los alumnos, como actividad complementaria o de manera individual.<\/p>\n<p align=\"justify\">El libro contiene tambi\u00e9n una gu\u00eda did\u00e1ctica y un registro para seguir los progresos del ni\u00f1o.<\/p>\n<p align=\"justify\"><strong>Qu\u00e9 se aprende<\/strong><\/p>\n<p align=\"justify\">&#8211; Comprensi\u00f3n de palabras y categor\u00edas sem\u00e1nticas.<br \/>\n&#8211; Se estimulan los siguientes procesos lectores: la extracci\u00f3n de significado y la realizaci\u00f3n de inferencias.<br \/>\n&#8211; Otros aspectos: el vocabulario y la toma de decisiones.<\/p>\n<p align=\"justify\"><strong><br \/>\nDestinatarios<\/strong><\/p>\n<p align=\"justify\">&#8211; Ni\u00f1os de 6 a 7\u00a0 a\u00f1os.<br \/>\n&#8211; Ni\u00f1os de 7 a\u00f1os o m\u00e1s con dificultades de comprensi\u00f3n lectora.<br \/>\n&#8211; Alumnos que desconocen el espa\u00f1ol escrito y se inician en su aprendizaje.<\/p>\n<p align=\"justify\"><strong><br \/>\nQui\u00e9n puede utilizarlo<\/strong><\/p>\n<p align=\"justify\">&#8211; Maestros\/as de Educaci\u00f3n Primaria, Pedagog\u00eda Terap\u00e9utica y Audici\u00f3n y Lenguaje.<br \/>\n&#8211; Logopedas, pedagogos, psic\u00f3logos y psicopedagogos.<br \/>\n&#8211; Familias.<\/p>\n<p align=\"justify\"><strong><br \/>\nFichas y tareas<\/strong><\/p>\n<p align=\"justify\">&#8211; 50 fichas.<br \/>\n&#8211; Asociar palabras a dibujos<br \/>\n&#8211; Discriminar la palabra adecuada al dibujo<\/p>\n","protected":false},"excerpt":{"rendered":"<p>La comprensi\u00f3n de palabras y oraciones en los primeros a\u00f1os de la escolaridad, prepara a los ni\u00f1os para leer correctamente y para afrontar con garant\u00edas los estudios.<\/p>\n","protected":false},"featured_media":64406,"comment_status":"closed","ping_status":"closed","template":"","meta":{"_acf_changed":false,"_monsterinsights_skip_tracking":false,"_monsterinsights_sitenote_active":false,"_monsterinsights_sitenote_note":"","_monsterinsights_sitenote_category":0},"product_cat":[347],"product_tag":[],"class_list":{"0":"post-64260","1":"product","2":"type-product","3":"status-publish","4":"has-post-thumbnail","6":"product_cat-mejorar-la-lectura","7":"product_shipping_class-mensajeria","9":"first","10":"instock","11":"taxable","12":"shipping-taxable","13":"purchasable","14":"product-type-simple"},"acf":[],"yoast_head":"<!-- This site is optimized with the Yoast SEO plugin v24.2 - https:\/\/yoast.com\/wordpress\/plugins\/seo\/ -->\n<title>Mejorar la lectura - Comprender palabras y oraciones Nivel 1 - Tienda Mundo Primaria<\/title>\n<meta name=\"robots\" content=\"noindex, follow\" \/>\n<meta property=\"og:locale\" content=\"es_ES\" \/>\n<meta property=\"og:type\" content=\"article\" \/>\n<meta property=\"og:title\" content=\"Mejorar la lectura - Comprender palabras y oraciones Nivel 1 - Tienda Mundo Primaria\" \/>\n<meta property=\"og:description\" content=\"La comprensi\u00f3n de palabras y oraciones en los primeros a\u00f1os de la escolaridad, prepara a los ni\u00f1os para leer correctamente y para afrontar con garant\u00edas los estudios.\" \/>\n<meta property=\"og:url\" content=\"https:\/\/www.mundoprimaria.com\/tienda\/producto\/comprender-palabras-1\" \/>\n<meta property=\"og:site_name\" content=\"Tienda Mundo Primaria\" \/>\n<meta property=\"article:modified_time\" content=\"2024-03-01T08:45:25+00:00\" \/>\n<meta property=\"og:image\" content=\"https:\/\/www.mundoprimaria.com\/tienda\/wp-content\/uploads\/2017\/07\/Comprender-palabras-nv1.jpg\" \/>\n\t<meta property=\"og:image:width\" content=\"460\" \/>\n\t<meta property=\"og:image:height\" content=\"460\" \/>\n\t<meta property=\"og:image:type\" content=\"image\/jpeg\" \/>\n<meta name=\"twitter:label1\" content=\"Tiempo de lectura\" \/>\n\t<meta name=\"twitter:data1\" content=\"1 minuto\" \/>\n<script type=\"application\/ld+json\" class=\"yoast-schema-graph\">{\"@context\":\"https:\/\/schema.org\",\"@graph\":[{\"@type\":\"WebPage\",\"@id\":\"https:\/\/www.mundoprimaria.com\/tienda\/producto\/comprender-palabras-1\",\"url\":\"https:\/\/www.mundoprimaria.com\/tienda\/producto\/comprender-palabras-1\",\"name\":\"Mejorar la lectura - Comprender palabras y oraciones Nivel 1 - Tienda Mundo Primaria\",\"isPartOf\":{\"@id\":\"https:\/\/www.mundoprimaria.com\/tienda\/#website\"},\"primaryImageOfPage\":{\"@id\":\"https:\/\/www.mundoprimaria.com\/tienda\/producto\/comprender-palabras-1#primaryimage\"},\"image\":{\"@id\":\"https:\/\/www.mundoprimaria.com\/tienda\/producto\/comprender-palabras-1#primaryimage\"},\"thumbnailUrl\":\"https:\/\/www.mundoprimaria.com\/tienda\/wp-content\/uploads\/2017\/07\/Comprender-palabras-nv1.jpg\",\"datePublished\":\"2017-07-26T23:49:32+00:00\",\"dateModified\":\"2024-03-01T08:45:25+00:00\",\"breadcrumb\":{\"@id\":\"https:\/\/www.mundoprimaria.com\/tienda\/producto\/comprender-palabras-1#breadcrumb\"},\"inLanguage\":\"es\",\"potentialAction\":[{\"@type\":\"ReadAction\",\"target\":[\"https:\/\/www.mundoprimaria.com\/tienda\/producto\/comprender-palabras-1\"]}]},{\"@type\":\"ImageObject\",\"inLanguage\":\"es\",\"@id\":\"https:\/\/www.mundoprimaria.com\/tienda\/producto\/comprender-palabras-1#primaryimage\",\"url\":\"https:\/\/www.mundoprimaria.com\/tienda\/wp-content\/uploads\/2017\/07\/Comprender-palabras-nv1.jpg\",\"contentUrl\":\"https:\/\/www.mundoprimaria.com\/tienda\/wp-content\/uploads\/2017\/07\/Comprender-palabras-nv1.jpg\",\"width\":460,\"height\":460},{\"@type\":\"BreadcrumbList\",\"@id\":\"https:\/\/www.mundoprimaria.com\/tienda\/producto\/comprender-palabras-1#breadcrumb\",\"itemListElement\":[{\"@type\":\"ListItem\",\"position\":1,\"name\":\"Portada\",\"item\":\"https:\/\/www.mundoprimaria.com\/tienda\/\"},{\"@type\":\"ListItem\",\"position\":2,\"name\":\"Productos\",\"item\":\"https:\/\/www.mundoprimaria.com\/tienda\/shop\"},{\"@type\":\"ListItem\",\"position\":3,\"name\":\"Mejorar la lectura &#8211; Comprender palabras y oraciones Nivel 1\"}]},{\"@type\":\"WebSite\",\"@id\":\"https:\/\/www.mundoprimaria.com\/tienda\/#website\",\"url\":\"https:\/\/www.mundoprimaria.com\/tienda\/\",\"name\":\"Tienda Mundo Primaria\",\"description\":\"El portal para aprender jugando.\",\"potentialAction\":[{\"@type\":\"SearchAction\",\"target\":{\"@type\":\"EntryPoint\",\"urlTemplate\":\"https:\/\/www.mundoprimaria.com\/tienda\/?s={search_term_string}\"},\"query-input\":{\"@type\":\"PropertyValueSpecification\",\"valueRequired\":true,\"valueName\":\"search_term_string\"}}],\"inLanguage\":\"es\"}]}<\/script>\n<!-- \/ Yoast SEO plugin. -->","yoast_head_json":{"title":"Mejorar la lectura - Comprender palabras y oraciones Nivel 1 - Tienda Mundo Primaria","robots":{"index":"noindex","follow":"follow"},"og_locale":"es_ES","og_type":"article","og_title":"Mejorar la lectura - Comprender palabras y oraciones Nivel 1 - Tienda Mundo Primaria","og_description":"La comprensi\u00f3n de palabras y oraciones en los primeros a\u00f1os de la escolaridad, prepara a los ni\u00f1os para leer correctamente y para afrontar con garant\u00edas los estudios.","og_url":"https:\/\/www.mundoprimaria.com\/tienda\/producto\/comprender-palabras-1","og_site_name":"Tienda Mundo Primaria","article_modified_time":"2024-03-01T08:45:25+00:00","og_image":[{"width":460,"height":460,"url":"https:\/\/www.mundoprimaria.com\/tienda\/wp-content\/uploads\/2017\/07\/Comprender-palabras-nv1.jpg","type":"image\/jpeg"}],"twitter_misc":{"Tiempo de lectura":"1 minuto"},"schema":{"@context":"https:\/\/schema.org","@graph":[{"@type":"WebPage","@id":"https:\/\/www.mundoprimaria.com\/tienda\/producto\/comprender-palabras-1","url":"https:\/\/www.mundoprimaria.com\/tienda\/producto\/comprender-palabras-1","name":"Mejorar la lectura - Comprender palabras y oraciones Nivel 1 - Tienda Mundo Primaria","isPartOf":{"@id":"https:\/\/www.mundoprimaria.com\/tienda\/#website"},"primaryImageOfPage":{"@id":"https:\/\/www.mundoprimaria.com\/tienda\/producto\/comprender-palabras-1#primaryimage"},"image":{"@id":"https:\/\/www.mundoprimaria.com\/tienda\/producto\/comprender-palabras-1#primaryimage"},"thumbnailUrl":"https:\/\/www.mundoprimaria.com\/tienda\/wp-content\/uploads\/2017\/07\/Comprender-palabras-nv1.jpg","datePublished":"2017-07-26T23:49:32+00:00","dateModified":"2024-03-01T08:45:25+00:00","breadcrumb":{"@id":"https:\/\/www.mundoprimaria.com\/tienda\/producto\/comprender-palabras-1#breadcrumb"},"inLanguage":"es","potentialAction":[{"@type":"ReadAction","target":["https:\/\/www.mundoprimaria.com\/tienda\/producto\/comprender-palabras-1"]}]},{"@type":"ImageObject","inLanguage":"es","@id":"https:\/\/www.mundoprimaria.com\/tienda\/producto\/comprender-palabras-1#primaryimage","url":"https:\/\/www.mundoprimaria.com\/tienda\/wp-content\/uploads\/2017\/07\/Comprender-palabras-nv1.jpg","contentUrl":"https:\/\/www.mundoprimaria.com\/tienda\/wp-content\/uploads\/2017\/07\/Comprender-palabras-nv1.jpg","width":460,"height":460},{"@type":"BreadcrumbList","@id":"https:\/\/www.mundoprimaria.com\/tienda\/producto\/comprender-palabras-1#breadcrumb","itemListElement":[{"@type":"ListItem","position":1,"name":"Portada","item":"https:\/\/www.mundoprimaria.com\/tienda\/"},{"@type":"ListItem","position":2,"name":"Productos","item":"https:\/\/www.mundoprimaria.com\/tienda\/shop"},{"@type":"ListItem","position":3,"name":"Mejorar la lectura &#8211; Comprender palabras y oraciones Nivel 1"}]},{"@type":"WebSite","@id":"https:\/\/www.mundoprimaria.com\/tienda\/#website","url":"https:\/\/www.mundoprimaria.com\/tienda\/","name":"Tienda Mundo Primaria","description":"El portal para aprender jugando.","potentialAction":[{"@type":"SearchAction","target":{"@type":"EntryPoint","urlTemplate":"https:\/\/www.mundoprimaria.com\/tienda\/?s={search_term_string}"},"query-input":{"@type":"PropertyValueSpecification","valueRequired":true,"valueName":"search_term_string"}}],"inLanguage":"es"}]}},"_links":{"self":[{"href":"https:\/\/www.mundoprimaria.com\/tienda\/wp-json\/wp\/v2\/product\/64260","targetHints":{"allow":["GET"]}}],"collection":[{"href":"https:\/\/www.mundoprimaria.com\/tienda\/wp-json\/wp\/v2\/product"}],"about":[{"href":"https:\/\/www.mundoprimaria.com\/tienda\/wp-json\/wp\/v2\/types\/product"}],"replies":[{"embeddable":true,"href":"https:\/\/www.mundoprimaria.com\/tienda\/wp-json\/wp\/v2\/comments?post=64260"}],"wp:featuredmedia":[{"embeddable":true,"href":"https:\/\/www.mundoprimaria.com\/tienda\/wp-json\/wp\/v2\/media\/64406"}],"wp:attachment":[{"href":"https:\/\/www.mundoprimaria.com\/tienda\/wp-json\/wp\/v2\/media?parent=64260"}],"wp:term":[{"taxonomy":"product_cat","embeddable":true,"href":"https:\/\/www.mundoprimaria.com\/tienda\/wp-json\/wp\/v2\/product_cat?post=64260"},{"taxonomy":"product_tag","embeddable":true,"href":"https:\/\/www.mundoprimaria.com\/tienda\/wp-json\/wp\/v2\/product_tag?post=64260"}],"curies":[{"name":"wp","href":"https:\/\/api.w.org\/{rel}","templated":true}]}}