

{"id":64257,"date":"2017-07-26T21:21:00","date_gmt":"2017-07-26T19:21:00","guid":{"rendered":"http:\/\/www.mundoprimaria.com\/tienda\/?post_type=product&#038;p=64257"},"modified":"2024-03-01T09:45:52","modified_gmt":"2024-03-01T08:45:52","slug":"velocidad-lectora-2","status":"publish","type":"product","link":"https:\/\/www.mundoprimaria.com\/tienda\/producto\/velocidad-lectora-2","title":{"rendered":"Mejorar la lectura &#8211; Velocidad y ejecuci\u00f3n lectora Nivel 2"},"content":{"rendered":"<p align=\"justify\"><strong>La importancia de leer correctamente y a una velocidad adecuada no necesita justificaci\u00f3n. En ocasiones, se requiere un material que sirva para desarrollar sistem\u00e1ticamente estos aspectos y prevenir dificultades futuras.<\/strong><\/p>\n<p align=\"justify\">Este libro sirve de ayuda para que los ni\u00f1os mejoren su ejecuci\u00f3n y aumenten su velocidad lectora, a trav\u00e9s de lecturas de palabras de complejidad creciente.<\/p>\n<p align=\"justify\">Es un material atractivo que padres, educadores y logopedas pueden utilizarlo con todos los alumnos como actividad complementaria o de manera individual, y con aquellos que tengan dificultades en este aspecto.<\/p>\n<p align=\"justify\">El libro contiene tambi\u00e9n una gu\u00eda did\u00e1ctica y un registro para seguir los progresos del ni\u00f1o.<\/p>\n<p align=\"justify\"><strong>Qu\u00e9 se aprende<\/strong><\/p>\n<p align=\"justify\">&#8211; A mejorar la ejecuci\u00f3n aumentar la velocidad lectora<br \/>\n&#8211; Se aumenta el vocabulario visual.<br \/>\n&#8211; Otros aspectos: se consolidan las reglas de conversi\u00f3n grafema fonema y se estimula la velocidad de procesamiento.<\/p>\n<p align=\"justify\"><strong>Destinatarios<\/strong><\/p>\n<p align=\"justify\">&#8211; Ni\u00f1os de 8 a 12 a\u00f1os, que presentan alg\u00fan tipo de estos dos aspectos.<\/p>\n<p align=\"justify\"><strong>Qui\u00e9n puede utilizarlo<\/strong><\/p>\n<p align=\"justify\">&#8211; Maestros\/as de Educaci\u00f3n Primaria, Pedagog\u00eda Terap\u00e9utica y Audici\u00f3n y Lenguaje.<br \/>\n&#8211; Logopedas, pedagogos, psic\u00f3logos y psicopedagogos.<br \/>\n&#8211; Familias.<\/p>\n<p align=\"justify\"><strong>Fichas y tareas<\/strong><\/p>\n<p align=\"justify\">&#8211; 45 fichas.<br \/>\n&#8211; Lectura de palabras de las siguientes categor\u00edas:<br \/>\n&#8211; Monos\u00edlabos frecuentes.<br \/>\n&#8211; Palabras frecuentes de dos s\u00edlabas con la estructura \u201cconsonante + vocal\u201d (CV) y VC<br \/>\n&#8211; Palabras frecuentes con la estructura CCV y CCVC.<br \/>\n&#8211; Palabras frecuentes de tres o m\u00e1s s\u00edlabas de diferente estructura.<br \/>\n&#8211; Lectura de palabras similares.<br \/>\n&#8211; Lectura de palabras infrecuentes<\/p>\n","protected":false},"excerpt":{"rendered":"<p>La importancia de leer correctamente y a una velocidad adecuada no necesita justificaci\u00f3n. En ocasiones, se requiere un material que sirva para desarrollar sistem\u00e1ticamente estos aspectos y prevenir dificultades futuras.<\/p>\n","protected":false},"featured_media":64403,"comment_status":"closed","ping_status":"closed","template":"","meta":{"_acf_changed":false,"_monsterinsights_skip_tracking":false,"_monsterinsights_sitenote_active":false,"_monsterinsights_sitenote_note":"","_monsterinsights_sitenote_category":0},"product_cat":[347],"product_tag":[],"class_list":{"0":"post-64257","1":"product","2":"type-product","3":"status-publish","4":"has-post-thumbnail","6":"product_cat-mejorar-la-lectura","7":"product_shipping_class-mensajeria","9":"first","10":"instock","11":"taxable","12":"shipping-taxable","13":"purchasable","14":"product-type-simple"},"acf":[],"yoast_head":"<!-- This site is optimized with the Yoast SEO plugin v24.2 - https:\/\/yoast.com\/wordpress\/plugins\/seo\/ -->\n<title>Mejorar la lectura - Velocidad y ejecuci\u00f3n lectora Nivel 2 - Tienda Mundo Primaria<\/title>\n<meta name=\"robots\" content=\"noindex, follow\" \/>\n<meta property=\"og:locale\" content=\"es_ES\" \/>\n<meta property=\"og:type\" content=\"article\" \/>\n<meta property=\"og:title\" content=\"Mejorar la lectura - Velocidad y ejecuci\u00f3n lectora Nivel 2 - Tienda Mundo Primaria\" \/>\n<meta property=\"og:description\" content=\"La importancia de leer correctamente y a una velocidad adecuada no necesita justificaci\u00f3n. En ocasiones, se requiere un material que sirva para desarrollar sistem\u00e1ticamente estos aspectos y prevenir dificultades futuras.\" \/>\n<meta property=\"og:url\" content=\"https:\/\/www.mundoprimaria.com\/tienda\/producto\/velocidad-lectora-2\" \/>\n<meta property=\"og:site_name\" content=\"Tienda Mundo Primaria\" \/>\n<meta property=\"article:modified_time\" content=\"2024-03-01T08:45:52+00:00\" \/>\n<meta property=\"og:image\" content=\"https:\/\/www.mundoprimaria.com\/tienda\/wp-content\/uploads\/2017\/07\/Velocidad-lectora-nv2.jpg\" \/>\n\t<meta property=\"og:image:width\" content=\"460\" \/>\n\t<meta property=\"og:image:height\" content=\"460\" \/>\n\t<meta property=\"og:image:type\" content=\"image\/jpeg\" \/>\n<meta name=\"twitter:label1\" content=\"Tiempo de lectura\" \/>\n\t<meta name=\"twitter:data1\" content=\"2 minutos\" \/>\n<script type=\"application\/ld+json\" class=\"yoast-schema-graph\">{\"@context\":\"https:\/\/schema.org\",\"@graph\":[{\"@type\":\"WebPage\",\"@id\":\"https:\/\/www.mundoprimaria.com\/tienda\/producto\/velocidad-lectora-2\",\"url\":\"https:\/\/www.mundoprimaria.com\/tienda\/producto\/velocidad-lectora-2\",\"name\":\"Mejorar la lectura - Velocidad y ejecuci\u00f3n lectora Nivel 2 - Tienda Mundo Primaria\",\"isPartOf\":{\"@id\":\"https:\/\/www.mundoprimaria.com\/tienda\/#website\"},\"primaryImageOfPage\":{\"@id\":\"https:\/\/www.mundoprimaria.com\/tienda\/producto\/velocidad-lectora-2#primaryimage\"},\"image\":{\"@id\":\"https:\/\/www.mundoprimaria.com\/tienda\/producto\/velocidad-lectora-2#primaryimage\"},\"thumbnailUrl\":\"https:\/\/www.mundoprimaria.com\/tienda\/wp-content\/uploads\/2017\/07\/Velocidad-lectora-nv2.jpg\",\"datePublished\":\"2017-07-26T19:21:00+00:00\",\"dateModified\":\"2024-03-01T08:45:52+00:00\",\"breadcrumb\":{\"@id\":\"https:\/\/www.mundoprimaria.com\/tienda\/producto\/velocidad-lectora-2#breadcrumb\"},\"inLanguage\":\"es\",\"potentialAction\":[{\"@type\":\"ReadAction\",\"target\":[\"https:\/\/www.mundoprimaria.com\/tienda\/producto\/velocidad-lectora-2\"]}]},{\"@type\":\"ImageObject\",\"inLanguage\":\"es\",\"@id\":\"https:\/\/www.mundoprimaria.com\/tienda\/producto\/velocidad-lectora-2#primaryimage\",\"url\":\"https:\/\/www.mundoprimaria.com\/tienda\/wp-content\/uploads\/2017\/07\/Velocidad-lectora-nv2.jpg\",\"contentUrl\":\"https:\/\/www.mundoprimaria.com\/tienda\/wp-content\/uploads\/2017\/07\/Velocidad-lectora-nv2.jpg\",\"width\":460,\"height\":460},{\"@type\":\"BreadcrumbList\",\"@id\":\"https:\/\/www.mundoprimaria.com\/tienda\/producto\/velocidad-lectora-2#breadcrumb\",\"itemListElement\":[{\"@type\":\"ListItem\",\"position\":1,\"name\":\"Portada\",\"item\":\"https:\/\/www.mundoprimaria.com\/tienda\/\"},{\"@type\":\"ListItem\",\"position\":2,\"name\":\"Productos\",\"item\":\"https:\/\/www.mundoprimaria.com\/tienda\/shop\"},{\"@type\":\"ListItem\",\"position\":3,\"name\":\"Mejorar la lectura &#8211; Velocidad y ejecuci\u00f3n lectora Nivel 2\"}]},{\"@type\":\"WebSite\",\"@id\":\"https:\/\/www.mundoprimaria.com\/tienda\/#website\",\"url\":\"https:\/\/www.mundoprimaria.com\/tienda\/\",\"name\":\"Tienda Mundo Primaria\",\"description\":\"El portal para aprender jugando.\",\"potentialAction\":[{\"@type\":\"SearchAction\",\"target\":{\"@type\":\"EntryPoint\",\"urlTemplate\":\"https:\/\/www.mundoprimaria.com\/tienda\/?s={search_term_string}\"},\"query-input\":{\"@type\":\"PropertyValueSpecification\",\"valueRequired\":true,\"valueName\":\"search_term_string\"}}],\"inLanguage\":\"es\"}]}<\/script>\n<!-- \/ Yoast SEO plugin. -->","yoast_head_json":{"title":"Mejorar la lectura - Velocidad y ejecuci\u00f3n lectora Nivel 2 - Tienda Mundo Primaria","robots":{"index":"noindex","follow":"follow"},"og_locale":"es_ES","og_type":"article","og_title":"Mejorar la lectura - Velocidad y ejecuci\u00f3n lectora Nivel 2 - Tienda Mundo Primaria","og_description":"La importancia de leer correctamente y a una velocidad adecuada no necesita justificaci\u00f3n. En ocasiones, se requiere un material que sirva para desarrollar sistem\u00e1ticamente estos aspectos y prevenir dificultades futuras.","og_url":"https:\/\/www.mundoprimaria.com\/tienda\/producto\/velocidad-lectora-2","og_site_name":"Tienda Mundo Primaria","article_modified_time":"2024-03-01T08:45:52+00:00","og_image":[{"width":460,"height":460,"url":"https:\/\/www.mundoprimaria.com\/tienda\/wp-content\/uploads\/2017\/07\/Velocidad-lectora-nv2.jpg","type":"image\/jpeg"}],"twitter_misc":{"Tiempo de lectura":"2 minutos"},"schema":{"@context":"https:\/\/schema.org","@graph":[{"@type":"WebPage","@id":"https:\/\/www.mundoprimaria.com\/tienda\/producto\/velocidad-lectora-2","url":"https:\/\/www.mundoprimaria.com\/tienda\/producto\/velocidad-lectora-2","name":"Mejorar la lectura - Velocidad y ejecuci\u00f3n lectora Nivel 2 - Tienda Mundo Primaria","isPartOf":{"@id":"https:\/\/www.mundoprimaria.com\/tienda\/#website"},"primaryImageOfPage":{"@id":"https:\/\/www.mundoprimaria.com\/tienda\/producto\/velocidad-lectora-2#primaryimage"},"image":{"@id":"https:\/\/www.mundoprimaria.com\/tienda\/producto\/velocidad-lectora-2#primaryimage"},"thumbnailUrl":"https:\/\/www.mundoprimaria.com\/tienda\/wp-content\/uploads\/2017\/07\/Velocidad-lectora-nv2.jpg","datePublished":"2017-07-26T19:21:00+00:00","dateModified":"2024-03-01T08:45:52+00:00","breadcrumb":{"@id":"https:\/\/www.mundoprimaria.com\/tienda\/producto\/velocidad-lectora-2#breadcrumb"},"inLanguage":"es","potentialAction":[{"@type":"ReadAction","target":["https:\/\/www.mundoprimaria.com\/tienda\/producto\/velocidad-lectora-2"]}]},{"@type":"ImageObject","inLanguage":"es","@id":"https:\/\/www.mundoprimaria.com\/tienda\/producto\/velocidad-lectora-2#primaryimage","url":"https:\/\/www.mundoprimaria.com\/tienda\/wp-content\/uploads\/2017\/07\/Velocidad-lectora-nv2.jpg","contentUrl":"https:\/\/www.mundoprimaria.com\/tienda\/wp-content\/uploads\/2017\/07\/Velocidad-lectora-nv2.jpg","width":460,"height":460},{"@type":"BreadcrumbList","@id":"https:\/\/www.mundoprimaria.com\/tienda\/producto\/velocidad-lectora-2#breadcrumb","itemListElement":[{"@type":"ListItem","position":1,"name":"Portada","item":"https:\/\/www.mundoprimaria.com\/tienda\/"},{"@type":"ListItem","position":2,"name":"Productos","item":"https:\/\/www.mundoprimaria.com\/tienda\/shop"},{"@type":"ListItem","position":3,"name":"Mejorar la lectura &#8211; Velocidad y ejecuci\u00f3n lectora Nivel 2"}]},{"@type":"WebSite","@id":"https:\/\/www.mundoprimaria.com\/tienda\/#website","url":"https:\/\/www.mundoprimaria.com\/tienda\/","name":"Tienda Mundo Primaria","description":"El portal para aprender jugando.","potentialAction":[{"@type":"SearchAction","target":{"@type":"EntryPoint","urlTemplate":"https:\/\/www.mundoprimaria.com\/tienda\/?s={search_term_string}"},"query-input":{"@type":"PropertyValueSpecification","valueRequired":true,"valueName":"search_term_string"}}],"inLanguage":"es"}]}},"_links":{"self":[{"href":"https:\/\/www.mundoprimaria.com\/tienda\/wp-json\/wp\/v2\/product\/64257","targetHints":{"allow":["GET"]}}],"collection":[{"href":"https:\/\/www.mundoprimaria.com\/tienda\/wp-json\/wp\/v2\/product"}],"about":[{"href":"https:\/\/www.mundoprimaria.com\/tienda\/wp-json\/wp\/v2\/types\/product"}],"replies":[{"embeddable":true,"href":"https:\/\/www.mundoprimaria.com\/tienda\/wp-json\/wp\/v2\/comments?post=64257"}],"wp:featuredmedia":[{"embeddable":true,"href":"https:\/\/www.mundoprimaria.com\/tienda\/wp-json\/wp\/v2\/media\/64403"}],"wp:attachment":[{"href":"https:\/\/www.mundoprimaria.com\/tienda\/wp-json\/wp\/v2\/media?parent=64257"}],"wp:term":[{"taxonomy":"product_cat","embeddable":true,"href":"https:\/\/www.mundoprimaria.com\/tienda\/wp-json\/wp\/v2\/product_cat?post=64257"},{"taxonomy":"product_tag","embeddable":true,"href":"https:\/\/www.mundoprimaria.com\/tienda\/wp-json\/wp\/v2\/product_tag?post=64257"}],"curies":[{"name":"wp","href":"https:\/\/api.w.org\/{rel}","templated":true}]}}