

{"id":64251,"date":"2017-07-26T16:55:11","date_gmt":"2017-07-26T14:55:11","guid":{"rendered":"http:\/\/www.mundoprimaria.com\/tienda\/?post_type=product&#038;p=64251"},"modified":"2024-03-01T09:46:50","modified_gmt":"2024-03-01T08:46:50","slug":"discriminacion-letras-1","status":"publish","type":"product","link":"https:\/\/www.mundoprimaria.com\/tienda\/producto\/discriminacion-letras-1","title":{"rendered":"Mejorar la lectura &#8211; Discriminaci\u00f3n de letras, s\u00edlabas y palabras Nivel 1"},"content":{"rendered":"<p align=\"justify\"><strong>\u201cAlejandro confunde las letras b, d y p, al leer y esos errores aparecen tambi\u00e9n cuando escribe\u201d. La confusi\u00f3n de letras similares es un problema que presentan con frecuencia algunos ni\u00f1os. Su tratamiento temprano suele ser eficaz y evita trastornos m\u00e1s graves en el futuro.<\/strong><\/p>\n<p align=\"justify\">Este libro ayuda a corregir esta dificultad de una manera sistem\u00e1tica a trav\u00e9s de diferentes actividades con letras, s\u00edlabas y palabras. Padres, maestros, logopedas y otros profesionales, lo pueden utilizar como material complementario a nivel individual o en grupo.<\/p>\n<p align=\"justify\">El libro se completa con una gu\u00eda did\u00e1ctica y un registro para seguir los progresos del ni\u00f1o.<\/p>\n<p align=\"justify\"><strong>Qu\u00e9 se aprende<\/strong><\/p>\n<p align=\"justify\">A discriminar visualmente letras similares y su posici\u00f3n en grupos de le<br \/>\n&#8211; p \u2013 b \u2013 d \u2013 q \u2013 g;<br \/>\n&#8211; f \u2013 t \u2013 r \u2013 l \u2013 i ; j \u2013 i \u2013 y \u2013 g \u2013 l;<br \/>\n&#8211; u \u2013 n \u2013 \u00f1 \u2013 h \u2013 m \u2013 v \u2013 y<br \/>\n&#8211; o \u2013 s \u2013 e \u2013 a &#8211; c<br \/>\n&#8211; Discriminar las letras aisladas.<\/p>\n<p align=\"justify\">Otros aspectos: la orientaci\u00f3n espacial, la\u00a0 percepci\u00f3n de diferencias, estrategias de planificaci\u00f3n y organizaci\u00f3n de la tarea,\u00a0 la atenci\u00f3n, la memoria de trabajo, la flexibilidad mental y la velocidad de procesamiento.<\/p>\n<p align=\"justify\"><strong>Destinatarios<\/strong><\/p>\n<p align=\"justify\">&#8211; Ni\u00f1os de 8 a 10 a\u00f1os, que presentan alg\u00fan tipo de dificultad en la discriminaci\u00f3n visual de letras.<\/p>\n<p align=\"justify\"><strong>Qui\u00e9n puede utilizarlo<\/strong><\/p>\n<p align=\"justify\">&#8211; Maestros\/as de Educaci\u00f3n Primaria, Pedagog\u00eda Terap\u00e9utica y Audici\u00f3n y Lenguaje.<br \/>\n&#8211; Logopedas, pedagogos, psic\u00f3logos y psicopedagogos.<br \/>\n&#8211; Familias.<\/p>\n<p align=\"justify\"><strong>Fichas y tareas<\/strong><\/p>\n<p align=\"justify\">&#8211; 50 fichas.<br \/>\n&#8211; Orientaci\u00f3n espacial de algunas letras: derecha \u2013 izquierda; arriba \u2013 abajo.<br \/>\n&#8211; Discriminar letras iguales a un modelo dado, dentro de un conjunto.<br \/>\n&#8211; Identificar la\u00a0 letra igual que la una primera dada.<br \/>\n&#8211; Unir letras iguales.<br \/>\n&#8211; Identificar parejas de letras iguales.<br \/>\n&#8211; Se trabaja en dos tama\u00f1os: tama\u00f1o grande y tama\u00f1o mediano.<\/p>\n","protected":false},"excerpt":{"rendered":"<p>\u201cAlejandro confunde las letras b, d y p, al leer y esos errores aparecen tambi\u00e9n cuando escribe\u201d. La confusi\u00f3n de letras similares es un problema que presentan con frecuencia algunos ni\u00f1os. Su tratamiento temprano suele ser eficaz y evita trastornos m\u00e1s graves en el futuro. Este libro ayuda a corregir esta dificultad de una manera &hellip;<\/p>\n","protected":false},"featured_media":64398,"comment_status":"closed","ping_status":"closed","template":"","meta":{"_acf_changed":false,"_monsterinsights_skip_tracking":false,"_monsterinsights_sitenote_active":false,"_monsterinsights_sitenote_note":"","_monsterinsights_sitenote_category":0},"product_cat":[347],"product_tag":[],"class_list":{"0":"post-64251","1":"product","2":"type-product","3":"status-publish","4":"has-post-thumbnail","6":"product_cat-mejorar-la-lectura","7":"product_shipping_class-mensajeria","9":"first","10":"instock","11":"taxable","12":"shipping-taxable","13":"purchasable","14":"product-type-simple"},"acf":[],"yoast_head":"<!-- This site is optimized with the Yoast SEO plugin v24.2 - https:\/\/yoast.com\/wordpress\/plugins\/seo\/ -->\n<title>Mejorar la lectura - Discriminaci\u00f3n de letras, s\u00edlabas y palabras Nivel 1 - Tienda Mundo Primaria<\/title>\n<meta name=\"robots\" content=\"noindex, follow\" \/>\n<meta property=\"og:locale\" content=\"es_ES\" \/>\n<meta property=\"og:type\" content=\"article\" \/>\n<meta property=\"og:title\" content=\"Mejorar la lectura - Discriminaci\u00f3n de letras, s\u00edlabas y palabras Nivel 1 - Tienda Mundo Primaria\" \/>\n<meta property=\"og:description\" content=\"\u201cAlejandro confunde las letras b, d y p, al leer y esos errores aparecen tambi\u00e9n cuando escribe\u201d. La confusi\u00f3n de letras similares es un problema que presentan con frecuencia algunos ni\u00f1os. Su tratamiento temprano suele ser eficaz y evita trastornos m\u00e1s graves en el futuro. Este libro ayuda a corregir esta dificultad de una manera &hellip;\" \/>\n<meta property=\"og:url\" content=\"https:\/\/www.mundoprimaria.com\/tienda\/producto\/discriminacion-letras-1\" \/>\n<meta property=\"og:site_name\" content=\"Tienda Mundo Primaria\" \/>\n<meta property=\"article:modified_time\" content=\"2024-03-01T08:46:50+00:00\" \/>\n<meta property=\"og:image\" content=\"https:\/\/www.mundoprimaria.com\/tienda\/wp-content\/uploads\/2017\/07\/Discriminar-letras-nv1.jpg\" \/>\n\t<meta property=\"og:image:width\" content=\"460\" \/>\n\t<meta property=\"og:image:height\" content=\"460\" \/>\n\t<meta property=\"og:image:type\" content=\"image\/jpeg\" \/>\n<meta name=\"twitter:label1\" content=\"Tiempo de lectura\" \/>\n\t<meta name=\"twitter:data1\" content=\"2 minutos\" \/>\n<script type=\"application\/ld+json\" class=\"yoast-schema-graph\">{\"@context\":\"https:\/\/schema.org\",\"@graph\":[{\"@type\":\"WebPage\",\"@id\":\"https:\/\/www.mundoprimaria.com\/tienda\/producto\/discriminacion-letras-1\",\"url\":\"https:\/\/www.mundoprimaria.com\/tienda\/producto\/discriminacion-letras-1\",\"name\":\"Mejorar la lectura - Discriminaci\u00f3n de letras, s\u00edlabas y palabras Nivel 1 - Tienda Mundo Primaria\",\"isPartOf\":{\"@id\":\"https:\/\/www.mundoprimaria.com\/tienda\/#website\"},\"primaryImageOfPage\":{\"@id\":\"https:\/\/www.mundoprimaria.com\/tienda\/producto\/discriminacion-letras-1#primaryimage\"},\"image\":{\"@id\":\"https:\/\/www.mundoprimaria.com\/tienda\/producto\/discriminacion-letras-1#primaryimage\"},\"thumbnailUrl\":\"https:\/\/www.mundoprimaria.com\/tienda\/wp-content\/uploads\/2017\/07\/Discriminar-letras-nv1.jpg\",\"datePublished\":\"2017-07-26T14:55:11+00:00\",\"dateModified\":\"2024-03-01T08:46:50+00:00\",\"breadcrumb\":{\"@id\":\"https:\/\/www.mundoprimaria.com\/tienda\/producto\/discriminacion-letras-1#breadcrumb\"},\"inLanguage\":\"es\",\"potentialAction\":[{\"@type\":\"ReadAction\",\"target\":[\"https:\/\/www.mundoprimaria.com\/tienda\/producto\/discriminacion-letras-1\"]}]},{\"@type\":\"ImageObject\",\"inLanguage\":\"es\",\"@id\":\"https:\/\/www.mundoprimaria.com\/tienda\/producto\/discriminacion-letras-1#primaryimage\",\"url\":\"https:\/\/www.mundoprimaria.com\/tienda\/wp-content\/uploads\/2017\/07\/Discriminar-letras-nv1.jpg\",\"contentUrl\":\"https:\/\/www.mundoprimaria.com\/tienda\/wp-content\/uploads\/2017\/07\/Discriminar-letras-nv1.jpg\",\"width\":460,\"height\":460},{\"@type\":\"BreadcrumbList\",\"@id\":\"https:\/\/www.mundoprimaria.com\/tienda\/producto\/discriminacion-letras-1#breadcrumb\",\"itemListElement\":[{\"@type\":\"ListItem\",\"position\":1,\"name\":\"Portada\",\"item\":\"https:\/\/www.mundoprimaria.com\/tienda\/\"},{\"@type\":\"ListItem\",\"position\":2,\"name\":\"Productos\",\"item\":\"https:\/\/www.mundoprimaria.com\/tienda\/shop\"},{\"@type\":\"ListItem\",\"position\":3,\"name\":\"Mejorar la lectura &#8211; Discriminaci\u00f3n de letras, s\u00edlabas y palabras Nivel 1\"}]},{\"@type\":\"WebSite\",\"@id\":\"https:\/\/www.mundoprimaria.com\/tienda\/#website\",\"url\":\"https:\/\/www.mundoprimaria.com\/tienda\/\",\"name\":\"Tienda Mundo Primaria\",\"description\":\"El portal para aprender jugando.\",\"potentialAction\":[{\"@type\":\"SearchAction\",\"target\":{\"@type\":\"EntryPoint\",\"urlTemplate\":\"https:\/\/www.mundoprimaria.com\/tienda\/?s={search_term_string}\"},\"query-input\":{\"@type\":\"PropertyValueSpecification\",\"valueRequired\":true,\"valueName\":\"search_term_string\"}}],\"inLanguage\":\"es\"}]}<\/script>\n<!-- \/ Yoast SEO plugin. -->","yoast_head_json":{"title":"Mejorar la lectura - Discriminaci\u00f3n de letras, s\u00edlabas y palabras Nivel 1 - Tienda Mundo Primaria","robots":{"index":"noindex","follow":"follow"},"og_locale":"es_ES","og_type":"article","og_title":"Mejorar la lectura - Discriminaci\u00f3n de letras, s\u00edlabas y palabras Nivel 1 - Tienda Mundo Primaria","og_description":"\u201cAlejandro confunde las letras b, d y p, al leer y esos errores aparecen tambi\u00e9n cuando escribe\u201d. La confusi\u00f3n de letras similares es un problema que presentan con frecuencia algunos ni\u00f1os. Su tratamiento temprano suele ser eficaz y evita trastornos m\u00e1s graves en el futuro. Este libro ayuda a corregir esta dificultad de una manera &hellip;","og_url":"https:\/\/www.mundoprimaria.com\/tienda\/producto\/discriminacion-letras-1","og_site_name":"Tienda Mundo Primaria","article_modified_time":"2024-03-01T08:46:50+00:00","og_image":[{"width":460,"height":460,"url":"https:\/\/www.mundoprimaria.com\/tienda\/wp-content\/uploads\/2017\/07\/Discriminar-letras-nv1.jpg","type":"image\/jpeg"}],"twitter_misc":{"Tiempo de lectura":"2 minutos"},"schema":{"@context":"https:\/\/schema.org","@graph":[{"@type":"WebPage","@id":"https:\/\/www.mundoprimaria.com\/tienda\/producto\/discriminacion-letras-1","url":"https:\/\/www.mundoprimaria.com\/tienda\/producto\/discriminacion-letras-1","name":"Mejorar la lectura - Discriminaci\u00f3n de letras, s\u00edlabas y palabras Nivel 1 - Tienda Mundo Primaria","isPartOf":{"@id":"https:\/\/www.mundoprimaria.com\/tienda\/#website"},"primaryImageOfPage":{"@id":"https:\/\/www.mundoprimaria.com\/tienda\/producto\/discriminacion-letras-1#primaryimage"},"image":{"@id":"https:\/\/www.mundoprimaria.com\/tienda\/producto\/discriminacion-letras-1#primaryimage"},"thumbnailUrl":"https:\/\/www.mundoprimaria.com\/tienda\/wp-content\/uploads\/2017\/07\/Discriminar-letras-nv1.jpg","datePublished":"2017-07-26T14:55:11+00:00","dateModified":"2024-03-01T08:46:50+00:00","breadcrumb":{"@id":"https:\/\/www.mundoprimaria.com\/tienda\/producto\/discriminacion-letras-1#breadcrumb"},"inLanguage":"es","potentialAction":[{"@type":"ReadAction","target":["https:\/\/www.mundoprimaria.com\/tienda\/producto\/discriminacion-letras-1"]}]},{"@type":"ImageObject","inLanguage":"es","@id":"https:\/\/www.mundoprimaria.com\/tienda\/producto\/discriminacion-letras-1#primaryimage","url":"https:\/\/www.mundoprimaria.com\/tienda\/wp-content\/uploads\/2017\/07\/Discriminar-letras-nv1.jpg","contentUrl":"https:\/\/www.mundoprimaria.com\/tienda\/wp-content\/uploads\/2017\/07\/Discriminar-letras-nv1.jpg","width":460,"height":460},{"@type":"BreadcrumbList","@id":"https:\/\/www.mundoprimaria.com\/tienda\/producto\/discriminacion-letras-1#breadcrumb","itemListElement":[{"@type":"ListItem","position":1,"name":"Portada","item":"https:\/\/www.mundoprimaria.com\/tienda\/"},{"@type":"ListItem","position":2,"name":"Productos","item":"https:\/\/www.mundoprimaria.com\/tienda\/shop"},{"@type":"ListItem","position":3,"name":"Mejorar la lectura &#8211; Discriminaci\u00f3n de letras, s\u00edlabas y palabras Nivel 1"}]},{"@type":"WebSite","@id":"https:\/\/www.mundoprimaria.com\/tienda\/#website","url":"https:\/\/www.mundoprimaria.com\/tienda\/","name":"Tienda Mundo Primaria","description":"El portal para aprender jugando.","potentialAction":[{"@type":"SearchAction","target":{"@type":"EntryPoint","urlTemplate":"https:\/\/www.mundoprimaria.com\/tienda\/?s={search_term_string}"},"query-input":{"@type":"PropertyValueSpecification","valueRequired":true,"valueName":"search_term_string"}}],"inLanguage":"es"}]}},"_links":{"self":[{"href":"https:\/\/www.mundoprimaria.com\/tienda\/wp-json\/wp\/v2\/product\/64251","targetHints":{"allow":["GET"]}}],"collection":[{"href":"https:\/\/www.mundoprimaria.com\/tienda\/wp-json\/wp\/v2\/product"}],"about":[{"href":"https:\/\/www.mundoprimaria.com\/tienda\/wp-json\/wp\/v2\/types\/product"}],"replies":[{"embeddable":true,"href":"https:\/\/www.mundoprimaria.com\/tienda\/wp-json\/wp\/v2\/comments?post=64251"}],"wp:featuredmedia":[{"embeddable":true,"href":"https:\/\/www.mundoprimaria.com\/tienda\/wp-json\/wp\/v2\/media\/64398"}],"wp:attachment":[{"href":"https:\/\/www.mundoprimaria.com\/tienda\/wp-json\/wp\/v2\/media?parent=64251"}],"wp:term":[{"taxonomy":"product_cat","embeddable":true,"href":"https:\/\/www.mundoprimaria.com\/tienda\/wp-json\/wp\/v2\/product_cat?post=64251"},{"taxonomy":"product_tag","embeddable":true,"href":"https:\/\/www.mundoprimaria.com\/tienda\/wp-json\/wp\/v2\/product_tag?post=64251"}],"curies":[{"name":"wp","href":"https:\/\/api.w.org\/{rel}","templated":true}]}}