

{"id":64249,"date":"2017-07-26T16:30:10","date_gmt":"2017-07-26T14:30:10","guid":{"rendered":"http:\/\/www.mundoprimaria.com\/tienda\/?post_type=product&#038;p=64249"},"modified":"2024-03-01T09:47:04","modified_gmt":"2024-03-01T08:47:04","slug":"aprender-numeracion-12","status":"publish","type":"product","link":"https:\/\/www.mundoprimaria.com\/tienda\/producto\/aprender-numeracion-12","title":{"rendered":"Aprender la numeraci\u00f3n &#8211; Nivel 12"},"content":{"rendered":"<p><strong>Yolanda est\u00e1 en 1\u00ba de ESO y tiene especiales dificultades para manejar los n\u00fameros decimales y n\u00fameros negativos. Necesita reforzar la numeraci\u00f3n o piensa que no podr\u00e1 afrontar contenidos matem\u00e1ticos m\u00e1s complejos.<br \/>\n<\/strong><br \/>\nEste libro sirve de ayuda para que los chicos de Secundaria aprendan y refuercen los aspectos b\u00e1sicos de la numeraci\u00f3n de los n\u00fameros naturales hasta nueve cifras, los n\u00fameros negativos, los decimales y la combinaci\u00f3n de todos ellos. Todo mediante tareas como discriminar n\u00fameros, dictados, ordenar de mayor a menor entre otras.<\/p>\n<p>Es un material atractivo de refuerzo para profesores, especialistas y\u00a0 padres. El libro contiene tambi\u00e9n una gu\u00eda did\u00e1ctica y un registro para seguir los progresos del alumno.<\/p>\n<p>&nbsp;<\/p>\n<p><strong>\u00bfQu\u00e9 se aprende?<\/strong>\u00a0Las habilidades b\u00e1sicas de numeraci\u00f3n con n\u00fameros naturales de hasta nueve cifras, n\u00fameros decimales y n\u00fameros negativos:<\/p>\n<p>&#8211; Discriminar y nombrar estos n\u00fameros.<br \/>\n&#8211; Escribirlos al dictado.<br \/>\n&#8211; Localizar n\u00fameros comprendidos entre dos l\u00edmites.<br \/>\n&#8211; Ordenar de mayor a menor y viceversa.<br \/>\n&#8211; Realizar series ascendentes y descendentes.<br \/>\n&#8211; Identificar el inmediatamente anterior y posterior<\/p>\n<p>&nbsp;<\/p>\n<p><strong>Destinatarios:<\/strong><\/p>\n<p>&#8211; Adolescentes de Educaci\u00f3n Secundaria con dificultades de numeraci\u00f3n de 12 a 16 a\u00f1os<br \/>\n&#8211; Alumnos de Educaci\u00f3n Primaria de 4\u00ba a 6\u00ba o con edades entre los 10 \u2013 12 a\u00f1os, que est\u00e1n aprendiendo n\u00fameros decimales y negativos<\/p>\n<p>&nbsp;<\/p>\n<p><strong>Qui\u00e9n puede utilizarlo:<\/strong><\/p>\n<p>&#8211; Profesores de ESO y Educaci\u00f3n Primaria.<br \/>\n&#8211; Maestros especialistas de Pedagog\u00eda Terap\u00e9utica, pedagogos, psic\u00f3logos, psicopedagogos y terapeutas ocupacionales.<br \/>\n&#8211; Familias.<\/p>\n<p>&nbsp;<\/p>\n<p><strong>Fichas y tareas:<\/strong><\/p>\n<p>&#8211; 60 fichas.<br \/>\n&#8211; Discriminar y nombrar<br \/>\n&#8211; Escribir y rodear n\u00fameros comprendidos entre dos<br \/>\n&#8211; Ordenar de mayor a menor y viceversa<br \/>\n&#8211; Completar series ascendentes y descendentes<br \/>\n&#8211; Escribir el anterior y posterior a un n\u00famero<\/p>\n","protected":false},"excerpt":{"rendered":"<p>Este libro sirve de ayuda para que los chicos de Secundaria aprendan y refuercen los aspectos b\u00e1sicos de la numeraci\u00f3n de los n\u00fameros naturales hasta nueve cifras, los n\u00fameros negativos, los decimales y la combinaci\u00f3n de todos ellos. Todo mediante tareas como discriminar n\u00fameros, dictados, ordenar de mayor a menor entre otras.<\/p>\n","protected":false},"featured_media":64397,"comment_status":"closed","ping_status":"closed","template":"","meta":{"_acf_changed":false,"_monsterinsights_skip_tracking":false,"_monsterinsights_sitenote_active":false,"_monsterinsights_sitenote_note":"","_monsterinsights_sitenote_category":0},"product_cat":[348],"product_tag":[],"class_list":{"0":"post-64249","1":"product","2":"type-product","3":"status-publish","4":"has-post-thumbnail","6":"product_cat-aprender-la-numeracion","7":"product_shipping_class-mensajeria","9":"first","10":"instock","11":"taxable","12":"shipping-taxable","13":"purchasable","14":"product-type-simple"},"acf":[],"yoast_head":"<!-- This site is optimized with the Yoast SEO plugin v24.2 - https:\/\/yoast.com\/wordpress\/plugins\/seo\/ -->\n<title>Aprender la numeraci\u00f3n - Nivel 12 - Tienda Mundo Primaria<\/title>\n<meta name=\"robots\" content=\"noindex, follow\" \/>\n<meta property=\"og:locale\" content=\"es_ES\" \/>\n<meta property=\"og:type\" content=\"article\" \/>\n<meta property=\"og:title\" content=\"Aprender la numeraci\u00f3n - Nivel 12 - Tienda Mundo Primaria\" \/>\n<meta property=\"og:description\" content=\"Este libro sirve de ayuda para que los chicos de Secundaria aprendan y refuercen los aspectos b\u00e1sicos de la numeraci\u00f3n de los n\u00fameros naturales hasta nueve cifras, los n\u00fameros negativos, los decimales y la combinaci\u00f3n de todos ellos. Todo mediante tareas como discriminar n\u00fameros, dictados, ordenar de mayor a menor entre otras.\" \/>\n<meta property=\"og:url\" content=\"https:\/\/www.mundoprimaria.com\/tienda\/producto\/aprender-numeracion-12\" \/>\n<meta property=\"og:site_name\" content=\"Tienda Mundo Primaria\" \/>\n<meta property=\"article:modified_time\" content=\"2024-03-01T08:47:04+00:00\" \/>\n<meta property=\"og:image\" content=\"https:\/\/www.mundoprimaria.com\/tienda\/wp-content\/uploads\/2017\/07\/Numeracion-nv12.jpg\" \/>\n\t<meta property=\"og:image:width\" content=\"460\" \/>\n\t<meta property=\"og:image:height\" content=\"460\" \/>\n\t<meta property=\"og:image:type\" content=\"image\/jpeg\" \/>\n<meta name=\"twitter:label1\" content=\"Tiempo de lectura\" \/>\n\t<meta name=\"twitter:data1\" content=\"2 minutos\" \/>\n<script type=\"application\/ld+json\" class=\"yoast-schema-graph\">{\"@context\":\"https:\/\/schema.org\",\"@graph\":[{\"@type\":\"WebPage\",\"@id\":\"https:\/\/www.mundoprimaria.com\/tienda\/producto\/aprender-numeracion-12\",\"url\":\"https:\/\/www.mundoprimaria.com\/tienda\/producto\/aprender-numeracion-12\",\"name\":\"Aprender la numeraci\u00f3n - Nivel 12 - Tienda Mundo Primaria\",\"isPartOf\":{\"@id\":\"https:\/\/www.mundoprimaria.com\/tienda\/#website\"},\"primaryImageOfPage\":{\"@id\":\"https:\/\/www.mundoprimaria.com\/tienda\/producto\/aprender-numeracion-12#primaryimage\"},\"image\":{\"@id\":\"https:\/\/www.mundoprimaria.com\/tienda\/producto\/aprender-numeracion-12#primaryimage\"},\"thumbnailUrl\":\"https:\/\/www.mundoprimaria.com\/tienda\/wp-content\/uploads\/2017\/07\/Numeracion-nv12.jpg\",\"datePublished\":\"2017-07-26T14:30:10+00:00\",\"dateModified\":\"2024-03-01T08:47:04+00:00\",\"breadcrumb\":{\"@id\":\"https:\/\/www.mundoprimaria.com\/tienda\/producto\/aprender-numeracion-12#breadcrumb\"},\"inLanguage\":\"es\",\"potentialAction\":[{\"@type\":\"ReadAction\",\"target\":[\"https:\/\/www.mundoprimaria.com\/tienda\/producto\/aprender-numeracion-12\"]}]},{\"@type\":\"ImageObject\",\"inLanguage\":\"es\",\"@id\":\"https:\/\/www.mundoprimaria.com\/tienda\/producto\/aprender-numeracion-12#primaryimage\",\"url\":\"https:\/\/www.mundoprimaria.com\/tienda\/wp-content\/uploads\/2017\/07\/Numeracion-nv12.jpg\",\"contentUrl\":\"https:\/\/www.mundoprimaria.com\/tienda\/wp-content\/uploads\/2017\/07\/Numeracion-nv12.jpg\",\"width\":460,\"height\":460},{\"@type\":\"BreadcrumbList\",\"@id\":\"https:\/\/www.mundoprimaria.com\/tienda\/producto\/aprender-numeracion-12#breadcrumb\",\"itemListElement\":[{\"@type\":\"ListItem\",\"position\":1,\"name\":\"Portada\",\"item\":\"https:\/\/www.mundoprimaria.com\/tienda\/\"},{\"@type\":\"ListItem\",\"position\":2,\"name\":\"Productos\",\"item\":\"https:\/\/www.mundoprimaria.com\/tienda\/shop\"},{\"@type\":\"ListItem\",\"position\":3,\"name\":\"Aprender la numeraci\u00f3n &#8211; Nivel 12\"}]},{\"@type\":\"WebSite\",\"@id\":\"https:\/\/www.mundoprimaria.com\/tienda\/#website\",\"url\":\"https:\/\/www.mundoprimaria.com\/tienda\/\",\"name\":\"Tienda Mundo Primaria\",\"description\":\"El portal para aprender jugando.\",\"potentialAction\":[{\"@type\":\"SearchAction\",\"target\":{\"@type\":\"EntryPoint\",\"urlTemplate\":\"https:\/\/www.mundoprimaria.com\/tienda\/?s={search_term_string}\"},\"query-input\":{\"@type\":\"PropertyValueSpecification\",\"valueRequired\":true,\"valueName\":\"search_term_string\"}}],\"inLanguage\":\"es\"}]}<\/script>\n<!-- \/ Yoast SEO plugin. -->","yoast_head_json":{"title":"Aprender la numeraci\u00f3n - Nivel 12 - Tienda Mundo Primaria","robots":{"index":"noindex","follow":"follow"},"og_locale":"es_ES","og_type":"article","og_title":"Aprender la numeraci\u00f3n - Nivel 12 - Tienda Mundo Primaria","og_description":"Este libro sirve de ayuda para que los chicos de Secundaria aprendan y refuercen los aspectos b\u00e1sicos de la numeraci\u00f3n de los n\u00fameros naturales hasta nueve cifras, los n\u00fameros negativos, los decimales y la combinaci\u00f3n de todos ellos. Todo mediante tareas como discriminar n\u00fameros, dictados, ordenar de mayor a menor entre otras.","og_url":"https:\/\/www.mundoprimaria.com\/tienda\/producto\/aprender-numeracion-12","og_site_name":"Tienda Mundo Primaria","article_modified_time":"2024-03-01T08:47:04+00:00","og_image":[{"width":460,"height":460,"url":"https:\/\/www.mundoprimaria.com\/tienda\/wp-content\/uploads\/2017\/07\/Numeracion-nv12.jpg","type":"image\/jpeg"}],"twitter_misc":{"Tiempo de lectura":"2 minutos"},"schema":{"@context":"https:\/\/schema.org","@graph":[{"@type":"WebPage","@id":"https:\/\/www.mundoprimaria.com\/tienda\/producto\/aprender-numeracion-12","url":"https:\/\/www.mundoprimaria.com\/tienda\/producto\/aprender-numeracion-12","name":"Aprender la numeraci\u00f3n - Nivel 12 - Tienda Mundo Primaria","isPartOf":{"@id":"https:\/\/www.mundoprimaria.com\/tienda\/#website"},"primaryImageOfPage":{"@id":"https:\/\/www.mundoprimaria.com\/tienda\/producto\/aprender-numeracion-12#primaryimage"},"image":{"@id":"https:\/\/www.mundoprimaria.com\/tienda\/producto\/aprender-numeracion-12#primaryimage"},"thumbnailUrl":"https:\/\/www.mundoprimaria.com\/tienda\/wp-content\/uploads\/2017\/07\/Numeracion-nv12.jpg","datePublished":"2017-07-26T14:30:10+00:00","dateModified":"2024-03-01T08:47:04+00:00","breadcrumb":{"@id":"https:\/\/www.mundoprimaria.com\/tienda\/producto\/aprender-numeracion-12#breadcrumb"},"inLanguage":"es","potentialAction":[{"@type":"ReadAction","target":["https:\/\/www.mundoprimaria.com\/tienda\/producto\/aprender-numeracion-12"]}]},{"@type":"ImageObject","inLanguage":"es","@id":"https:\/\/www.mundoprimaria.com\/tienda\/producto\/aprender-numeracion-12#primaryimage","url":"https:\/\/www.mundoprimaria.com\/tienda\/wp-content\/uploads\/2017\/07\/Numeracion-nv12.jpg","contentUrl":"https:\/\/www.mundoprimaria.com\/tienda\/wp-content\/uploads\/2017\/07\/Numeracion-nv12.jpg","width":460,"height":460},{"@type":"BreadcrumbList","@id":"https:\/\/www.mundoprimaria.com\/tienda\/producto\/aprender-numeracion-12#breadcrumb","itemListElement":[{"@type":"ListItem","position":1,"name":"Portada","item":"https:\/\/www.mundoprimaria.com\/tienda\/"},{"@type":"ListItem","position":2,"name":"Productos","item":"https:\/\/www.mundoprimaria.com\/tienda\/shop"},{"@type":"ListItem","position":3,"name":"Aprender la numeraci\u00f3n &#8211; Nivel 12"}]},{"@type":"WebSite","@id":"https:\/\/www.mundoprimaria.com\/tienda\/#website","url":"https:\/\/www.mundoprimaria.com\/tienda\/","name":"Tienda Mundo Primaria","description":"El portal para aprender jugando.","potentialAction":[{"@type":"SearchAction","target":{"@type":"EntryPoint","urlTemplate":"https:\/\/www.mundoprimaria.com\/tienda\/?s={search_term_string}"},"query-input":{"@type":"PropertyValueSpecification","valueRequired":true,"valueName":"search_term_string"}}],"inLanguage":"es"}]}},"_links":{"self":[{"href":"https:\/\/www.mundoprimaria.com\/tienda\/wp-json\/wp\/v2\/product\/64249","targetHints":{"allow":["GET"]}}],"collection":[{"href":"https:\/\/www.mundoprimaria.com\/tienda\/wp-json\/wp\/v2\/product"}],"about":[{"href":"https:\/\/www.mundoprimaria.com\/tienda\/wp-json\/wp\/v2\/types\/product"}],"replies":[{"embeddable":true,"href":"https:\/\/www.mundoprimaria.com\/tienda\/wp-json\/wp\/v2\/comments?post=64249"}],"wp:featuredmedia":[{"embeddable":true,"href":"https:\/\/www.mundoprimaria.com\/tienda\/wp-json\/wp\/v2\/media\/64397"}],"wp:attachment":[{"href":"https:\/\/www.mundoprimaria.com\/tienda\/wp-json\/wp\/v2\/media?parent=64249"}],"wp:term":[{"taxonomy":"product_cat","embeddable":true,"href":"https:\/\/www.mundoprimaria.com\/tienda\/wp-json\/wp\/v2\/product_cat?post=64249"},{"taxonomy":"product_tag","embeddable":true,"href":"https:\/\/www.mundoprimaria.com\/tienda\/wp-json\/wp\/v2\/product_tag?post=64249"}],"curies":[{"name":"wp","href":"https:\/\/api.w.org\/{rel}","templated":true}]}}