

{"id":64243,"date":"2017-07-26T15:53:32","date_gmt":"2017-07-26T13:53:32","guid":{"rendered":"http:\/\/www.mundoprimaria.com\/tienda\/?post_type=product&#038;p=64243"},"modified":"2024-03-01T10:16:23","modified_gmt":"2024-03-01T09:16:23","slug":"aprender-numeracion-6","status":"publish","type":"product","link":"https:\/\/www.mundoprimaria.com\/tienda\/producto\/aprender-numeracion-6","title":{"rendered":"Aprender la numeraci\u00f3n &#8211; Nivel  6"},"content":{"rendered":"<p align=\"justify\"><strong>El comprender el n\u00famero de dos cifras en el inicio de la etapa escolar, es decisivo para que el ni\u00f1o domine en el futuro toda la numeraci\u00f3n y desarrolle adecuadamente las competencias matem\u00e1ticas y de c\u00e1lculo.<\/strong><\/p>\n<p align=\"justify\">Este Sexto Nivel sirve de ayuda para que los ni\u00f1os aprendan mediante actividades muy atractivas. Padres y educadores pueden emplearlo como material complementario a nivel individual o con todos los alumnos.<\/p>\n<p align=\"justify\">Adem\u00e1s, el libro dispone de una gu\u00eda did\u00e1ctica y un registro que resulta muy \u00fatil para seguir los progresos del ni\u00f1o.<\/p>\n<p align=\"justify\"><strong>Qu\u00e9 se aprende<\/strong><\/p>\n<p align=\"justify\">Las habilidades b\u00e1sicas de la numeraci\u00f3n del 1 al 99:<br \/>\n&#8211; Discriminar y nombrar estos n\u00fameros.<br \/>\n&#8211; Escribirlos al dictado.<br \/>\n&#8211; Ordenar la serie num\u00e9rica e identificar el anterior y posterior.<br \/>\n&#8211; Ordenar de menor a mayor y viceversa.<br \/>\n&#8211; Realizar series ascendentes y descendentes.<\/p>\n<p align=\"justify\">Destinatarios<\/p>\n<p align=\"justify\">&#8211; Ni\u00f1os de 6 a\u00f1os.<br \/>\n&#8211; Ni\u00f1os de 7 a\u00f1os o m\u00e1s con dificultades en la numeraci\u00f3n.<\/p>\n<p align=\"justify\"><strong>Qui\u00e9n puede utilizarlo<\/strong><\/p>\n<p align=\"justify\">&#8211; Maestros\/as de Educaci\u00f3n Primaria y Pedagog\u00eda Terap\u00e9utica.<br \/>\n&#8211; Pedagogos, psic\u00f3logos y psicopedagogos.<br \/>\n&#8211; Familias.<\/p>\n<p align=\"justify\"><strong>Fichas y tareas<\/strong><\/p>\n<p align=\"justify\">&#8211; 60 fichas.<br \/>\n&#8211; Discriminar n\u00fameros de dos cifras.<br \/>\n&#8211; Completar series num\u00e9ricas.<br \/>\n&#8211; Nombrar los n\u00fameros de dos cifras.<br \/>\n&#8211; Escribir n\u00fameros.<br \/>\n&#8211; Ordenar de menor a mayor y de mayor a menor.<br \/>\n&#8211; Realizar series ascendentes y descendentes en funci\u00f3n de diferentes razones.<br \/>\n&#8211; Identificar el anterior y posterior a un n\u00famero.<\/p>\n","protected":false},"excerpt":{"rendered":"<p>El comprender el n\u00famero de dos cifras en el inicio de la etapa escolar, es decisivo para que el ni\u00f1o domine en el futuro toda la numeraci\u00f3n y desarrolle adecuadamente las competencias matem\u00e1ticas y de c\u00e1lculo.<\/p>\n","protected":false},"featured_media":64391,"comment_status":"closed","ping_status":"closed","template":"","meta":{"_acf_changed":false,"_monsterinsights_skip_tracking":false,"_monsterinsights_sitenote_active":false,"_monsterinsights_sitenote_note":"","_monsterinsights_sitenote_category":0},"product_cat":[348],"product_tag":[],"class_list":{"0":"post-64243","1":"product","2":"type-product","3":"status-publish","4":"has-post-thumbnail","6":"product_cat-aprender-la-numeracion","7":"product_shipping_class-mensajeria","9":"first","10":"instock","11":"taxable","12":"shipping-taxable","13":"purchasable","14":"product-type-simple"},"acf":[],"yoast_head":"<!-- This site is optimized with the Yoast SEO plugin v24.2 - https:\/\/yoast.com\/wordpress\/plugins\/seo\/ -->\n<title>Aprender la numeraci\u00f3n - Nivel 6 - Tienda Mundo Primaria<\/title>\n<meta name=\"robots\" content=\"noindex, follow\" \/>\n<meta property=\"og:locale\" content=\"es_ES\" \/>\n<meta property=\"og:type\" content=\"article\" \/>\n<meta property=\"og:title\" content=\"Aprender la numeraci\u00f3n - Nivel 6 - Tienda Mundo Primaria\" \/>\n<meta property=\"og:description\" content=\"El comprender el n\u00famero de dos cifras en el inicio de la etapa escolar, es decisivo para que el ni\u00f1o domine en el futuro toda la numeraci\u00f3n y desarrolle adecuadamente las competencias matem\u00e1ticas y de c\u00e1lculo.\" \/>\n<meta property=\"og:url\" content=\"https:\/\/www.mundoprimaria.com\/tienda\/producto\/aprender-numeracion-6\" \/>\n<meta property=\"og:site_name\" content=\"Tienda Mundo Primaria\" \/>\n<meta property=\"article:modified_time\" content=\"2024-03-01T09:16:23+00:00\" \/>\n<meta property=\"og:image\" content=\"https:\/\/www.mundoprimaria.com\/tienda\/wp-content\/uploads\/2017\/07\/Numeracion-nv6.jpg\" \/>\n\t<meta property=\"og:image:width\" content=\"460\" \/>\n\t<meta property=\"og:image:height\" content=\"460\" \/>\n\t<meta property=\"og:image:type\" content=\"image\/jpeg\" \/>\n<meta name=\"twitter:label1\" content=\"Tiempo de lectura\" \/>\n\t<meta name=\"twitter:data1\" content=\"1 minuto\" \/>\n<script type=\"application\/ld+json\" class=\"yoast-schema-graph\">{\"@context\":\"https:\/\/schema.org\",\"@graph\":[{\"@type\":\"WebPage\",\"@id\":\"https:\/\/www.mundoprimaria.com\/tienda\/producto\/aprender-numeracion-6\",\"url\":\"https:\/\/www.mundoprimaria.com\/tienda\/producto\/aprender-numeracion-6\",\"name\":\"Aprender la numeraci\u00f3n - Nivel 6 - Tienda Mundo Primaria\",\"isPartOf\":{\"@id\":\"https:\/\/www.mundoprimaria.com\/tienda\/#website\"},\"primaryImageOfPage\":{\"@id\":\"https:\/\/www.mundoprimaria.com\/tienda\/producto\/aprender-numeracion-6#primaryimage\"},\"image\":{\"@id\":\"https:\/\/www.mundoprimaria.com\/tienda\/producto\/aprender-numeracion-6#primaryimage\"},\"thumbnailUrl\":\"https:\/\/www.mundoprimaria.com\/tienda\/wp-content\/uploads\/2017\/07\/Numeracion-nv6.jpg\",\"datePublished\":\"2017-07-26T13:53:32+00:00\",\"dateModified\":\"2024-03-01T09:16:23+00:00\",\"breadcrumb\":{\"@id\":\"https:\/\/www.mundoprimaria.com\/tienda\/producto\/aprender-numeracion-6#breadcrumb\"},\"inLanguage\":\"es\",\"potentialAction\":[{\"@type\":\"ReadAction\",\"target\":[\"https:\/\/www.mundoprimaria.com\/tienda\/producto\/aprender-numeracion-6\"]}]},{\"@type\":\"ImageObject\",\"inLanguage\":\"es\",\"@id\":\"https:\/\/www.mundoprimaria.com\/tienda\/producto\/aprender-numeracion-6#primaryimage\",\"url\":\"https:\/\/www.mundoprimaria.com\/tienda\/wp-content\/uploads\/2017\/07\/Numeracion-nv6.jpg\",\"contentUrl\":\"https:\/\/www.mundoprimaria.com\/tienda\/wp-content\/uploads\/2017\/07\/Numeracion-nv6.jpg\",\"width\":460,\"height\":460},{\"@type\":\"BreadcrumbList\",\"@id\":\"https:\/\/www.mundoprimaria.com\/tienda\/producto\/aprender-numeracion-6#breadcrumb\",\"itemListElement\":[{\"@type\":\"ListItem\",\"position\":1,\"name\":\"Portada\",\"item\":\"https:\/\/www.mundoprimaria.com\/tienda\/\"},{\"@type\":\"ListItem\",\"position\":2,\"name\":\"Productos\",\"item\":\"https:\/\/www.mundoprimaria.com\/tienda\/shop\"},{\"@type\":\"ListItem\",\"position\":3,\"name\":\"Aprender la numeraci\u00f3n &#8211; Nivel 6\"}]},{\"@type\":\"WebSite\",\"@id\":\"https:\/\/www.mundoprimaria.com\/tienda\/#website\",\"url\":\"https:\/\/www.mundoprimaria.com\/tienda\/\",\"name\":\"Tienda Mundo Primaria\",\"description\":\"El portal para aprender jugando.\",\"potentialAction\":[{\"@type\":\"SearchAction\",\"target\":{\"@type\":\"EntryPoint\",\"urlTemplate\":\"https:\/\/www.mundoprimaria.com\/tienda\/?s={search_term_string}\"},\"query-input\":{\"@type\":\"PropertyValueSpecification\",\"valueRequired\":true,\"valueName\":\"search_term_string\"}}],\"inLanguage\":\"es\"}]}<\/script>\n<!-- \/ Yoast SEO plugin. -->","yoast_head_json":{"title":"Aprender la numeraci\u00f3n - Nivel 6 - Tienda Mundo Primaria","robots":{"index":"noindex","follow":"follow"},"og_locale":"es_ES","og_type":"article","og_title":"Aprender la numeraci\u00f3n - Nivel 6 - Tienda Mundo Primaria","og_description":"El comprender el n\u00famero de dos cifras en el inicio de la etapa escolar, es decisivo para que el ni\u00f1o domine en el futuro toda la numeraci\u00f3n y desarrolle adecuadamente las competencias matem\u00e1ticas y de c\u00e1lculo.","og_url":"https:\/\/www.mundoprimaria.com\/tienda\/producto\/aprender-numeracion-6","og_site_name":"Tienda Mundo Primaria","article_modified_time":"2024-03-01T09:16:23+00:00","og_image":[{"width":460,"height":460,"url":"https:\/\/www.mundoprimaria.com\/tienda\/wp-content\/uploads\/2017\/07\/Numeracion-nv6.jpg","type":"image\/jpeg"}],"twitter_misc":{"Tiempo de lectura":"1 minuto"},"schema":{"@context":"https:\/\/schema.org","@graph":[{"@type":"WebPage","@id":"https:\/\/www.mundoprimaria.com\/tienda\/producto\/aprender-numeracion-6","url":"https:\/\/www.mundoprimaria.com\/tienda\/producto\/aprender-numeracion-6","name":"Aprender la numeraci\u00f3n - Nivel 6 - Tienda Mundo Primaria","isPartOf":{"@id":"https:\/\/www.mundoprimaria.com\/tienda\/#website"},"primaryImageOfPage":{"@id":"https:\/\/www.mundoprimaria.com\/tienda\/producto\/aprender-numeracion-6#primaryimage"},"image":{"@id":"https:\/\/www.mundoprimaria.com\/tienda\/producto\/aprender-numeracion-6#primaryimage"},"thumbnailUrl":"https:\/\/www.mundoprimaria.com\/tienda\/wp-content\/uploads\/2017\/07\/Numeracion-nv6.jpg","datePublished":"2017-07-26T13:53:32+00:00","dateModified":"2024-03-01T09:16:23+00:00","breadcrumb":{"@id":"https:\/\/www.mundoprimaria.com\/tienda\/producto\/aprender-numeracion-6#breadcrumb"},"inLanguage":"es","potentialAction":[{"@type":"ReadAction","target":["https:\/\/www.mundoprimaria.com\/tienda\/producto\/aprender-numeracion-6"]}]},{"@type":"ImageObject","inLanguage":"es","@id":"https:\/\/www.mundoprimaria.com\/tienda\/producto\/aprender-numeracion-6#primaryimage","url":"https:\/\/www.mundoprimaria.com\/tienda\/wp-content\/uploads\/2017\/07\/Numeracion-nv6.jpg","contentUrl":"https:\/\/www.mundoprimaria.com\/tienda\/wp-content\/uploads\/2017\/07\/Numeracion-nv6.jpg","width":460,"height":460},{"@type":"BreadcrumbList","@id":"https:\/\/www.mundoprimaria.com\/tienda\/producto\/aprender-numeracion-6#breadcrumb","itemListElement":[{"@type":"ListItem","position":1,"name":"Portada","item":"https:\/\/www.mundoprimaria.com\/tienda\/"},{"@type":"ListItem","position":2,"name":"Productos","item":"https:\/\/www.mundoprimaria.com\/tienda\/shop"},{"@type":"ListItem","position":3,"name":"Aprender la numeraci\u00f3n &#8211; Nivel 6"}]},{"@type":"WebSite","@id":"https:\/\/www.mundoprimaria.com\/tienda\/#website","url":"https:\/\/www.mundoprimaria.com\/tienda\/","name":"Tienda Mundo Primaria","description":"El portal para aprender jugando.","potentialAction":[{"@type":"SearchAction","target":{"@type":"EntryPoint","urlTemplate":"https:\/\/www.mundoprimaria.com\/tienda\/?s={search_term_string}"},"query-input":{"@type":"PropertyValueSpecification","valueRequired":true,"valueName":"search_term_string"}}],"inLanguage":"es"}]}},"_links":{"self":[{"href":"https:\/\/www.mundoprimaria.com\/tienda\/wp-json\/wp\/v2\/product\/64243","targetHints":{"allow":["GET"]}}],"collection":[{"href":"https:\/\/www.mundoprimaria.com\/tienda\/wp-json\/wp\/v2\/product"}],"about":[{"href":"https:\/\/www.mundoprimaria.com\/tienda\/wp-json\/wp\/v2\/types\/product"}],"replies":[{"embeddable":true,"href":"https:\/\/www.mundoprimaria.com\/tienda\/wp-json\/wp\/v2\/comments?post=64243"}],"wp:featuredmedia":[{"embeddable":true,"href":"https:\/\/www.mundoprimaria.com\/tienda\/wp-json\/wp\/v2\/media\/64391"}],"wp:attachment":[{"href":"https:\/\/www.mundoprimaria.com\/tienda\/wp-json\/wp\/v2\/media?parent=64243"}],"wp:term":[{"taxonomy":"product_cat","embeddable":true,"href":"https:\/\/www.mundoprimaria.com\/tienda\/wp-json\/wp\/v2\/product_cat?post=64243"},{"taxonomy":"product_tag","embeddable":true,"href":"https:\/\/www.mundoprimaria.com\/tienda\/wp-json\/wp\/v2\/product_tag?post=64243"}],"curies":[{"name":"wp","href":"https:\/\/api.w.org\/{rel}","templated":true}]}}