

{"id":64232,"date":"2017-07-26T05:12:12","date_gmt":"2017-07-26T03:12:12","guid":{"rendered":"http:\/\/www.mundoprimaria.com\/tienda\/?post_type=product&#038;p=64232"},"modified":"2024-03-01T10:18:00","modified_gmt":"2024-03-01T09:18:00","slug":"conceptos-basicos-6","status":"publish","type":"product","link":"https:\/\/www.mundoprimaria.com\/tienda\/producto\/conceptos-basicos-6","title":{"rendered":"Aprender los conceptos b\u00e1sicos &#8211; Nivel 6"},"content":{"rendered":"<p align=\"justify\"><strong>Cuando un ni\u00f1o aprende los conceptos b\u00e1sicos durante la Educaci\u00f3n Infantil, est\u00e1 preparado para afrontar con \u00e9xito la Educaci\u00f3n Primaria y desarrolla su inteligencia.<\/strong><\/p>\n<p align=\"justify\">Este Sexto Nivel sirve de ayuda para que los ni\u00f1os aprendan los conceptos Derecha, entre, los mismos, segundo, tercero y diferente. Todos ellos a trav\u00e9s de actividades atractivas para los ni\u00f1os.<\/p>\n<p align=\"justify\">Padres, educadores y otros profesionales, pueden utilizarlo como material complementario para trabajar individualmente o con todos los alumnos.<\/p>\n<p align=\"justify\">El libro contiene, adem\u00e1s una gu\u00eda did\u00e1ctica y un registro para seguir los progresos del ni\u00f1o.<\/p>\n<p align=\"justify\"><strong>Qu\u00e9 se aprende<\/strong><\/p>\n<p align=\"justify\">Los ni\u00f1os aprender\u00e1n los siguientes conceptos:<\/p>\n<p align=\"justify\">&#8211; CONCEPTOS ESPACIALES:<br \/>\n&#8211; Derecha<br \/>\n&#8211; Entre<br \/>\n&#8211; Segundo &#8211; tercero<\/p>\n<p align=\"justify\">&#8211; CONCEPTOS CUANTITATIVOS:<br \/>\n&#8211; Los mismos<br \/>\n&#8211; Diferente<\/p>\n<p align=\"justify\">Adem\u00e1s la realizaci\u00f3n de las fichas estimulan la atenci\u00f3n, la discriminaci\u00f3n visual, la orientaci\u00f3n espacial, las estrategias de planificaci\u00f3n y organizaci\u00f3n de las tareas.<\/p>\n<p align=\"justify\"><strong>Destinatarios<\/strong><\/p>\n<p align=\"justify\">&#8211; Ni\u00f1os de 5 a\u00f1os.<br \/>\n&#8211; Ni\u00f1os mayores de 5 a\u00f1os que no dominan alguno de los conceptos que se trabajan.<\/p>\n<p align=\"justify\"><strong>Qui\u00e9n puede utilizarlo<\/strong><\/p>\n<p align=\"justify\">&#8211; Maestros\/as de Educaci\u00f3n Infantil, Pedagog\u00eda Terap\u00e9utica y Audici\u00f3n y Lenguaje.<br \/>\n&#8211; Logopedas, pedagogos, psic\u00f3logos y psicopedagogos.<br \/>\n&#8211; Familias.<\/p>\n<p align=\"justify\"><strong>Fichas y tareas<\/strong><\/p>\n<p align=\"justify\">&#8211; 46 fichas<br \/>\n&#8211; Se\u00f1alar, discriminar y dibujar en funci\u00f3n de los diferentes conceptos.<\/p>\n<p align=\"justify\">\n","protected":false},"excerpt":{"rendered":"<p>Cuando un ni\u00f1o aprende los conceptos b\u00e1sicos durante la Educaci\u00f3n Infantil, est\u00e1 preparado para afrontar con \u00e9xito la Educaci\u00f3n Primaria y desarrolla su inteligencia.<\/p>\n","protected":false},"featured_media":64384,"comment_status":"closed","ping_status":"closed","template":"","meta":{"_acf_changed":false,"_monsterinsights_skip_tracking":false,"_monsterinsights_sitenote_active":false,"_monsterinsights_sitenote_note":"","_monsterinsights_sitenote_category":0},"product_cat":[349],"product_tag":[],"class_list":{"0":"post-64232","1":"product","2":"type-product","3":"status-publish","4":"has-post-thumbnail","6":"product_cat-aprender-conceptos-basicos","7":"product_shipping_class-mensajeria","9":"first","10":"instock","11":"taxable","12":"shipping-taxable","13":"purchasable","14":"product-type-simple"},"acf":[],"yoast_head":"<!-- This site is optimized with the Yoast SEO plugin v24.2 - https:\/\/yoast.com\/wordpress\/plugins\/seo\/ -->\n<title>Aprender los conceptos b\u00e1sicos - Nivel 6 - Tienda Mundo Primaria<\/title>\n<meta name=\"robots\" content=\"noindex, follow\" \/>\n<meta property=\"og:locale\" content=\"es_ES\" \/>\n<meta property=\"og:type\" content=\"article\" \/>\n<meta property=\"og:title\" content=\"Aprender los conceptos b\u00e1sicos - Nivel 6 - Tienda Mundo Primaria\" \/>\n<meta property=\"og:description\" content=\"Cuando un ni\u00f1o aprende los conceptos b\u00e1sicos durante la Educaci\u00f3n Infantil, est\u00e1 preparado para afrontar con \u00e9xito la Educaci\u00f3n Primaria y desarrolla su inteligencia.\" \/>\n<meta property=\"og:url\" content=\"https:\/\/www.mundoprimaria.com\/tienda\/producto\/conceptos-basicos-6\" \/>\n<meta property=\"og:site_name\" content=\"Tienda Mundo Primaria\" \/>\n<meta property=\"article:modified_time\" content=\"2024-03-01T09:18:00+00:00\" \/>\n<meta property=\"og:image\" content=\"https:\/\/www.mundoprimaria.com\/tienda\/wp-content\/uploads\/2017\/07\/Conceptos-nv6.jpg\" \/>\n\t<meta property=\"og:image:width\" content=\"460\" \/>\n\t<meta property=\"og:image:height\" content=\"460\" \/>\n\t<meta property=\"og:image:type\" content=\"image\/jpeg\" \/>\n<meta name=\"twitter:label1\" content=\"Tiempo de lectura\" \/>\n\t<meta name=\"twitter:data1\" content=\"1 minuto\" \/>\n<script type=\"application\/ld+json\" class=\"yoast-schema-graph\">{\"@context\":\"https:\/\/schema.org\",\"@graph\":[{\"@type\":\"WebPage\",\"@id\":\"https:\/\/www.mundoprimaria.com\/tienda\/producto\/conceptos-basicos-6\",\"url\":\"https:\/\/www.mundoprimaria.com\/tienda\/producto\/conceptos-basicos-6\",\"name\":\"Aprender los conceptos b\u00e1sicos - Nivel 6 - Tienda Mundo Primaria\",\"isPartOf\":{\"@id\":\"https:\/\/www.mundoprimaria.com\/tienda\/#website\"},\"primaryImageOfPage\":{\"@id\":\"https:\/\/www.mundoprimaria.com\/tienda\/producto\/conceptos-basicos-6#primaryimage\"},\"image\":{\"@id\":\"https:\/\/www.mundoprimaria.com\/tienda\/producto\/conceptos-basicos-6#primaryimage\"},\"thumbnailUrl\":\"https:\/\/www.mundoprimaria.com\/tienda\/wp-content\/uploads\/2017\/07\/Conceptos-nv6.jpg\",\"datePublished\":\"2017-07-26T03:12:12+00:00\",\"dateModified\":\"2024-03-01T09:18:00+00:00\",\"breadcrumb\":{\"@id\":\"https:\/\/www.mundoprimaria.com\/tienda\/producto\/conceptos-basicos-6#breadcrumb\"},\"inLanguage\":\"es\",\"potentialAction\":[{\"@type\":\"ReadAction\",\"target\":[\"https:\/\/www.mundoprimaria.com\/tienda\/producto\/conceptos-basicos-6\"]}]},{\"@type\":\"ImageObject\",\"inLanguage\":\"es\",\"@id\":\"https:\/\/www.mundoprimaria.com\/tienda\/producto\/conceptos-basicos-6#primaryimage\",\"url\":\"https:\/\/www.mundoprimaria.com\/tienda\/wp-content\/uploads\/2017\/07\/Conceptos-nv6.jpg\",\"contentUrl\":\"https:\/\/www.mundoprimaria.com\/tienda\/wp-content\/uploads\/2017\/07\/Conceptos-nv6.jpg\",\"width\":460,\"height\":460},{\"@type\":\"BreadcrumbList\",\"@id\":\"https:\/\/www.mundoprimaria.com\/tienda\/producto\/conceptos-basicos-6#breadcrumb\",\"itemListElement\":[{\"@type\":\"ListItem\",\"position\":1,\"name\":\"Portada\",\"item\":\"https:\/\/www.mundoprimaria.com\/tienda\/\"},{\"@type\":\"ListItem\",\"position\":2,\"name\":\"Productos\",\"item\":\"https:\/\/www.mundoprimaria.com\/tienda\/shop\"},{\"@type\":\"ListItem\",\"position\":3,\"name\":\"Aprender los conceptos b\u00e1sicos &#8211; Nivel 6\"}]},{\"@type\":\"WebSite\",\"@id\":\"https:\/\/www.mundoprimaria.com\/tienda\/#website\",\"url\":\"https:\/\/www.mundoprimaria.com\/tienda\/\",\"name\":\"Tienda Mundo Primaria\",\"description\":\"El portal para aprender jugando.\",\"potentialAction\":[{\"@type\":\"SearchAction\",\"target\":{\"@type\":\"EntryPoint\",\"urlTemplate\":\"https:\/\/www.mundoprimaria.com\/tienda\/?s={search_term_string}\"},\"query-input\":{\"@type\":\"PropertyValueSpecification\",\"valueRequired\":true,\"valueName\":\"search_term_string\"}}],\"inLanguage\":\"es\"}]}<\/script>\n<!-- \/ Yoast SEO plugin. -->","yoast_head_json":{"title":"Aprender los conceptos b\u00e1sicos - Nivel 6 - Tienda Mundo Primaria","robots":{"index":"noindex","follow":"follow"},"og_locale":"es_ES","og_type":"article","og_title":"Aprender los conceptos b\u00e1sicos - Nivel 6 - Tienda Mundo Primaria","og_description":"Cuando un ni\u00f1o aprende los conceptos b\u00e1sicos durante la Educaci\u00f3n Infantil, est\u00e1 preparado para afrontar con \u00e9xito la Educaci\u00f3n Primaria y desarrolla su inteligencia.","og_url":"https:\/\/www.mundoprimaria.com\/tienda\/producto\/conceptos-basicos-6","og_site_name":"Tienda Mundo Primaria","article_modified_time":"2024-03-01T09:18:00+00:00","og_image":[{"width":460,"height":460,"url":"https:\/\/www.mundoprimaria.com\/tienda\/wp-content\/uploads\/2017\/07\/Conceptos-nv6.jpg","type":"image\/jpeg"}],"twitter_misc":{"Tiempo de lectura":"1 minuto"},"schema":{"@context":"https:\/\/schema.org","@graph":[{"@type":"WebPage","@id":"https:\/\/www.mundoprimaria.com\/tienda\/producto\/conceptos-basicos-6","url":"https:\/\/www.mundoprimaria.com\/tienda\/producto\/conceptos-basicos-6","name":"Aprender los conceptos b\u00e1sicos - Nivel 6 - Tienda Mundo Primaria","isPartOf":{"@id":"https:\/\/www.mundoprimaria.com\/tienda\/#website"},"primaryImageOfPage":{"@id":"https:\/\/www.mundoprimaria.com\/tienda\/producto\/conceptos-basicos-6#primaryimage"},"image":{"@id":"https:\/\/www.mundoprimaria.com\/tienda\/producto\/conceptos-basicos-6#primaryimage"},"thumbnailUrl":"https:\/\/www.mundoprimaria.com\/tienda\/wp-content\/uploads\/2017\/07\/Conceptos-nv6.jpg","datePublished":"2017-07-26T03:12:12+00:00","dateModified":"2024-03-01T09:18:00+00:00","breadcrumb":{"@id":"https:\/\/www.mundoprimaria.com\/tienda\/producto\/conceptos-basicos-6#breadcrumb"},"inLanguage":"es","potentialAction":[{"@type":"ReadAction","target":["https:\/\/www.mundoprimaria.com\/tienda\/producto\/conceptos-basicos-6"]}]},{"@type":"ImageObject","inLanguage":"es","@id":"https:\/\/www.mundoprimaria.com\/tienda\/producto\/conceptos-basicos-6#primaryimage","url":"https:\/\/www.mundoprimaria.com\/tienda\/wp-content\/uploads\/2017\/07\/Conceptos-nv6.jpg","contentUrl":"https:\/\/www.mundoprimaria.com\/tienda\/wp-content\/uploads\/2017\/07\/Conceptos-nv6.jpg","width":460,"height":460},{"@type":"BreadcrumbList","@id":"https:\/\/www.mundoprimaria.com\/tienda\/producto\/conceptos-basicos-6#breadcrumb","itemListElement":[{"@type":"ListItem","position":1,"name":"Portada","item":"https:\/\/www.mundoprimaria.com\/tienda\/"},{"@type":"ListItem","position":2,"name":"Productos","item":"https:\/\/www.mundoprimaria.com\/tienda\/shop"},{"@type":"ListItem","position":3,"name":"Aprender los conceptos b\u00e1sicos &#8211; Nivel 6"}]},{"@type":"WebSite","@id":"https:\/\/www.mundoprimaria.com\/tienda\/#website","url":"https:\/\/www.mundoprimaria.com\/tienda\/","name":"Tienda Mundo Primaria","description":"El portal para aprender jugando.","potentialAction":[{"@type":"SearchAction","target":{"@type":"EntryPoint","urlTemplate":"https:\/\/www.mundoprimaria.com\/tienda\/?s={search_term_string}"},"query-input":{"@type":"PropertyValueSpecification","valueRequired":true,"valueName":"search_term_string"}}],"inLanguage":"es"}]}},"_links":{"self":[{"href":"https:\/\/www.mundoprimaria.com\/tienda\/wp-json\/wp\/v2\/product\/64232","targetHints":{"allow":["GET"]}}],"collection":[{"href":"https:\/\/www.mundoprimaria.com\/tienda\/wp-json\/wp\/v2\/product"}],"about":[{"href":"https:\/\/www.mundoprimaria.com\/tienda\/wp-json\/wp\/v2\/types\/product"}],"replies":[{"embeddable":true,"href":"https:\/\/www.mundoprimaria.com\/tienda\/wp-json\/wp\/v2\/comments?post=64232"}],"wp:featuredmedia":[{"embeddable":true,"href":"https:\/\/www.mundoprimaria.com\/tienda\/wp-json\/wp\/v2\/media\/64384"}],"wp:attachment":[{"href":"https:\/\/www.mundoprimaria.com\/tienda\/wp-json\/wp\/v2\/media?parent=64232"}],"wp:term":[{"taxonomy":"product_cat","embeddable":true,"href":"https:\/\/www.mundoprimaria.com\/tienda\/wp-json\/wp\/v2\/product_cat?post=64232"},{"taxonomy":"product_tag","embeddable":true,"href":"https:\/\/www.mundoprimaria.com\/tienda\/wp-json\/wp\/v2\/product_tag?post=64232"}],"curies":[{"name":"wp","href":"https:\/\/api.w.org\/{rel}","templated":true}]}}