

{"id":64220,"date":"2017-07-25T18:22:11","date_gmt":"2017-07-25T16:22:11","guid":{"rendered":"http:\/\/www.mundoprimaria.com\/tienda\/?post_type=product&#038;p=64220"},"modified":"2024-03-01T10:20:06","modified_gmt":"2024-03-01T09:20:06","slug":"estimular-atencion-7","status":"publish","type":"product","link":"https:\/\/www.mundoprimaria.com\/tienda\/producto\/estimular-atencion-7","title":{"rendered":"Estimular la atenci\u00f3n &#8211; Nivel 7"},"content":{"rendered":"<p align=\"justify\"><strong>Realizar tareas de atenci\u00f3n potencia la capacidad intelectual de los chicos y su rendimiento en los estudios.\u00a0<\/strong><\/p>\n<p>Adem\u00e1s, es habitual encontrar en las aulas alumnos con dificultades para controlar su atenci\u00f3n que se distraen f\u00e1cilmente, comenten errores por falta de concentraci\u00f3n o les cuesta atender a varios est\u00edmulos a la vez. La atenci\u00f3n es un requisito necesario para el proceso de aprendizaje: un ni\u00f1o que no controla su atenci\u00f3n, no aprender\u00e1 adecuadamente.<\/p>\n<p align=\"justify\">Este S\u00e9ptimo Nivel desarrolla la capacidad de atenci\u00f3n a trav\u00e9s de actividades muy atractivas. Es un material que padres, educadores y otros profesionales pueden utilizar en grupo o individualmente.<\/p>\n<p align=\"justify\">El libro se completa con una gu\u00eda did\u00e1ctica y un registro para seguir los progresos del chico.<\/p>\n<p align=\"justify\"><strong>Qu\u00e9 se estimula y desarrolla<\/strong><\/p>\n<p align=\"justify\">&#8211; La atenci\u00f3n:\u00a0 selectiva o focal,\u00a0 serial y sostenida.<br \/>\n&#8211; Otros aspectos: discriminaci\u00f3n visual, percepci\u00f3n de diferencias, coordinaci\u00f3n visiomotora, estrategias de planificaci\u00f3n y organizaci\u00f3n de la tarea,\u00a0 comprensi\u00f3n y seguimiento de instrucciones, memoria de trabajo, flexibilidad mental, inhibici\u00f3n y velocidad de procesamiento.<\/p>\n<p align=\"justify\"><strong>Destinatarios<\/strong><\/p>\n<p align=\"justify\">&#8211; Ni\u00f1os de 7 a\u00f1os.<br \/>\n&#8211; Ni\u00f1os de 7 a\u00f1os o m\u00e1s con dificultades de atenci\u00f3n.<br \/>\n&#8211; Puede utilizarse con ni\u00f1os que no conocen el espa\u00f1ol, con problemas graves de comunicaci\u00f3n o deficiencia auditiva.<\/p>\n<p align=\"justify\"><strong>Qui\u00e9n puede utilizarlo<\/strong><\/p>\n<p align=\"justify\">&#8211; Maestros\/as de Educaci\u00f3n Infantil, Pedagog\u00eda Terap\u00e9utica y Audici\u00f3n y Lenguaje.<br \/>\n&#8211; Logopedas, pedagogos, psic\u00f3logos, psicopedagogos, neuropsic\u00f3logos y terapeutas<br \/>\nocupacionales.<br \/>\n&#8211; Familias.<\/p>\n<p align=\"justify\"><strong>Fichas y tareas<\/strong><\/p>\n<p align=\"justify\">&#8211; 47 fichas.<br \/>\n&#8211; Seguir trayectorias de figuras, n\u00fameros o letras.<br \/>\n&#8211; Se\u00f1alar los dibujos, repetidos en un conjunto.<br \/>\n&#8211; Discriminar letras, n\u00fameros y s\u00edmbolos\u00a0 en un conjunto.<br \/>\n&#8211; Se\u00f1alar los dibujos que est\u00e1n repetidos en dos conjuntos.<br \/>\n&#8211; Completar c\u00f3digos<br \/>\n&#8211; Discriminar dibujos<br \/>\n&#8211; Completar tablas<\/p>\n","protected":false},"excerpt":{"rendered":"<p>La estimulaci\u00f3n precoz de la atenci\u00f3n, contribuir\u00e1 positivamente al desarrollo intelectual del ni\u00f1o y a su futura capacidad de aprendizaje.<\/p>\n","protected":false},"featured_media":64375,"comment_status":"closed","ping_status":"closed","template":"","meta":{"_acf_changed":false,"_monsterinsights_skip_tracking":false,"_monsterinsights_sitenote_active":false,"_monsterinsights_sitenote_note":"","_monsterinsights_sitenote_category":0},"product_cat":[350],"product_tag":[],"class_list":{"0":"post-64220","1":"product","2":"type-product","3":"status-publish","4":"has-post-thumbnail","6":"product_cat-estimular-la-atencion","7":"product_shipping_class-mensajeria","9":"first","10":"instock","11":"taxable","12":"shipping-taxable","13":"purchasable","14":"product-type-simple"},"acf":[],"yoast_head":"<!-- This site is optimized with the Yoast SEO plugin v24.2 - https:\/\/yoast.com\/wordpress\/plugins\/seo\/ -->\n<title>Estimular la atenci\u00f3n - Nivel 7 - Tienda Mundo Primaria<\/title>\n<meta name=\"robots\" content=\"noindex, follow\" \/>\n<meta property=\"og:locale\" content=\"es_ES\" \/>\n<meta property=\"og:type\" content=\"article\" \/>\n<meta property=\"og:title\" content=\"Estimular la atenci\u00f3n - Nivel 7 - Tienda Mundo Primaria\" \/>\n<meta property=\"og:description\" content=\"La estimulaci\u00f3n precoz de la atenci\u00f3n, contribuir\u00e1 positivamente al desarrollo intelectual del ni\u00f1o y a su futura capacidad de aprendizaje.\" \/>\n<meta property=\"og:url\" content=\"https:\/\/www.mundoprimaria.com\/tienda\/producto\/estimular-atencion-7\" \/>\n<meta property=\"og:site_name\" content=\"Tienda Mundo Primaria\" \/>\n<meta property=\"article:modified_time\" content=\"2024-03-01T09:20:06+00:00\" \/>\n<meta property=\"og:image\" content=\"https:\/\/www.mundoprimaria.com\/tienda\/wp-content\/uploads\/2017\/07\/Atencion-nv7.jpg\" \/>\n\t<meta property=\"og:image:width\" content=\"460\" \/>\n\t<meta property=\"og:image:height\" content=\"460\" \/>\n\t<meta property=\"og:image:type\" content=\"image\/jpeg\" \/>\n<meta name=\"twitter:label1\" content=\"Tiempo de lectura\" \/>\n\t<meta name=\"twitter:data1\" content=\"2 minutos\" \/>\n<script type=\"application\/ld+json\" class=\"yoast-schema-graph\">{\"@context\":\"https:\/\/schema.org\",\"@graph\":[{\"@type\":\"WebPage\",\"@id\":\"https:\/\/www.mundoprimaria.com\/tienda\/producto\/estimular-atencion-7\",\"url\":\"https:\/\/www.mundoprimaria.com\/tienda\/producto\/estimular-atencion-7\",\"name\":\"Estimular la atenci\u00f3n - Nivel 7 - Tienda Mundo Primaria\",\"isPartOf\":{\"@id\":\"https:\/\/www.mundoprimaria.com\/tienda\/#website\"},\"primaryImageOfPage\":{\"@id\":\"https:\/\/www.mundoprimaria.com\/tienda\/producto\/estimular-atencion-7#primaryimage\"},\"image\":{\"@id\":\"https:\/\/www.mundoprimaria.com\/tienda\/producto\/estimular-atencion-7#primaryimage\"},\"thumbnailUrl\":\"https:\/\/www.mundoprimaria.com\/tienda\/wp-content\/uploads\/2017\/07\/Atencion-nv7.jpg\",\"datePublished\":\"2017-07-25T16:22:11+00:00\",\"dateModified\":\"2024-03-01T09:20:06+00:00\",\"breadcrumb\":{\"@id\":\"https:\/\/www.mundoprimaria.com\/tienda\/producto\/estimular-atencion-7#breadcrumb\"},\"inLanguage\":\"es\",\"potentialAction\":[{\"@type\":\"ReadAction\",\"target\":[\"https:\/\/www.mundoprimaria.com\/tienda\/producto\/estimular-atencion-7\"]}]},{\"@type\":\"ImageObject\",\"inLanguage\":\"es\",\"@id\":\"https:\/\/www.mundoprimaria.com\/tienda\/producto\/estimular-atencion-7#primaryimage\",\"url\":\"https:\/\/www.mundoprimaria.com\/tienda\/wp-content\/uploads\/2017\/07\/Atencion-nv7.jpg\",\"contentUrl\":\"https:\/\/www.mundoprimaria.com\/tienda\/wp-content\/uploads\/2017\/07\/Atencion-nv7.jpg\",\"width\":460,\"height\":460},{\"@type\":\"BreadcrumbList\",\"@id\":\"https:\/\/www.mundoprimaria.com\/tienda\/producto\/estimular-atencion-7#breadcrumb\",\"itemListElement\":[{\"@type\":\"ListItem\",\"position\":1,\"name\":\"Portada\",\"item\":\"https:\/\/www.mundoprimaria.com\/tienda\/\"},{\"@type\":\"ListItem\",\"position\":2,\"name\":\"Productos\",\"item\":\"https:\/\/www.mundoprimaria.com\/tienda\/shop\"},{\"@type\":\"ListItem\",\"position\":3,\"name\":\"Estimular la atenci\u00f3n &#8211; Nivel 7\"}]},{\"@type\":\"WebSite\",\"@id\":\"https:\/\/www.mundoprimaria.com\/tienda\/#website\",\"url\":\"https:\/\/www.mundoprimaria.com\/tienda\/\",\"name\":\"Tienda Mundo Primaria\",\"description\":\"El portal para aprender jugando.\",\"potentialAction\":[{\"@type\":\"SearchAction\",\"target\":{\"@type\":\"EntryPoint\",\"urlTemplate\":\"https:\/\/www.mundoprimaria.com\/tienda\/?s={search_term_string}\"},\"query-input\":{\"@type\":\"PropertyValueSpecification\",\"valueRequired\":true,\"valueName\":\"search_term_string\"}}],\"inLanguage\":\"es\"}]}<\/script>\n<!-- \/ Yoast SEO plugin. -->","yoast_head_json":{"title":"Estimular la atenci\u00f3n - Nivel 7 - Tienda Mundo Primaria","robots":{"index":"noindex","follow":"follow"},"og_locale":"es_ES","og_type":"article","og_title":"Estimular la atenci\u00f3n - Nivel 7 - Tienda Mundo Primaria","og_description":"La estimulaci\u00f3n precoz de la atenci\u00f3n, contribuir\u00e1 positivamente al desarrollo intelectual del ni\u00f1o y a su futura capacidad de aprendizaje.","og_url":"https:\/\/www.mundoprimaria.com\/tienda\/producto\/estimular-atencion-7","og_site_name":"Tienda Mundo Primaria","article_modified_time":"2024-03-01T09:20:06+00:00","og_image":[{"width":460,"height":460,"url":"https:\/\/www.mundoprimaria.com\/tienda\/wp-content\/uploads\/2017\/07\/Atencion-nv7.jpg","type":"image\/jpeg"}],"twitter_misc":{"Tiempo de lectura":"2 minutos"},"schema":{"@context":"https:\/\/schema.org","@graph":[{"@type":"WebPage","@id":"https:\/\/www.mundoprimaria.com\/tienda\/producto\/estimular-atencion-7","url":"https:\/\/www.mundoprimaria.com\/tienda\/producto\/estimular-atencion-7","name":"Estimular la atenci\u00f3n - Nivel 7 - Tienda Mundo Primaria","isPartOf":{"@id":"https:\/\/www.mundoprimaria.com\/tienda\/#website"},"primaryImageOfPage":{"@id":"https:\/\/www.mundoprimaria.com\/tienda\/producto\/estimular-atencion-7#primaryimage"},"image":{"@id":"https:\/\/www.mundoprimaria.com\/tienda\/producto\/estimular-atencion-7#primaryimage"},"thumbnailUrl":"https:\/\/www.mundoprimaria.com\/tienda\/wp-content\/uploads\/2017\/07\/Atencion-nv7.jpg","datePublished":"2017-07-25T16:22:11+00:00","dateModified":"2024-03-01T09:20:06+00:00","breadcrumb":{"@id":"https:\/\/www.mundoprimaria.com\/tienda\/producto\/estimular-atencion-7#breadcrumb"},"inLanguage":"es","potentialAction":[{"@type":"ReadAction","target":["https:\/\/www.mundoprimaria.com\/tienda\/producto\/estimular-atencion-7"]}]},{"@type":"ImageObject","inLanguage":"es","@id":"https:\/\/www.mundoprimaria.com\/tienda\/producto\/estimular-atencion-7#primaryimage","url":"https:\/\/www.mundoprimaria.com\/tienda\/wp-content\/uploads\/2017\/07\/Atencion-nv7.jpg","contentUrl":"https:\/\/www.mundoprimaria.com\/tienda\/wp-content\/uploads\/2017\/07\/Atencion-nv7.jpg","width":460,"height":460},{"@type":"BreadcrumbList","@id":"https:\/\/www.mundoprimaria.com\/tienda\/producto\/estimular-atencion-7#breadcrumb","itemListElement":[{"@type":"ListItem","position":1,"name":"Portada","item":"https:\/\/www.mundoprimaria.com\/tienda\/"},{"@type":"ListItem","position":2,"name":"Productos","item":"https:\/\/www.mundoprimaria.com\/tienda\/shop"},{"@type":"ListItem","position":3,"name":"Estimular la atenci\u00f3n &#8211; Nivel 7"}]},{"@type":"WebSite","@id":"https:\/\/www.mundoprimaria.com\/tienda\/#website","url":"https:\/\/www.mundoprimaria.com\/tienda\/","name":"Tienda Mundo Primaria","description":"El portal para aprender jugando.","potentialAction":[{"@type":"SearchAction","target":{"@type":"EntryPoint","urlTemplate":"https:\/\/www.mundoprimaria.com\/tienda\/?s={search_term_string}"},"query-input":{"@type":"PropertyValueSpecification","valueRequired":true,"valueName":"search_term_string"}}],"inLanguage":"es"}]}},"_links":{"self":[{"href":"https:\/\/www.mundoprimaria.com\/tienda\/wp-json\/wp\/v2\/product\/64220","targetHints":{"allow":["GET"]}}],"collection":[{"href":"https:\/\/www.mundoprimaria.com\/tienda\/wp-json\/wp\/v2\/product"}],"about":[{"href":"https:\/\/www.mundoprimaria.com\/tienda\/wp-json\/wp\/v2\/types\/product"}],"replies":[{"embeddable":true,"href":"https:\/\/www.mundoprimaria.com\/tienda\/wp-json\/wp\/v2\/comments?post=64220"}],"wp:featuredmedia":[{"embeddable":true,"href":"https:\/\/www.mundoprimaria.com\/tienda\/wp-json\/wp\/v2\/media\/64375"}],"wp:attachment":[{"href":"https:\/\/www.mundoprimaria.com\/tienda\/wp-json\/wp\/v2\/media?parent=64220"}],"wp:term":[{"taxonomy":"product_cat","embeddable":true,"href":"https:\/\/www.mundoprimaria.com\/tienda\/wp-json\/wp\/v2\/product_cat?post=64220"},{"taxonomy":"product_tag","embeddable":true,"href":"https:\/\/www.mundoprimaria.com\/tienda\/wp-json\/wp\/v2\/product_tag?post=64220"}],"curies":[{"name":"wp","href":"https:\/\/api.w.org\/{rel}","templated":true}]}}