

{"id":64213,"date":"2017-07-24T17:20:45","date_gmt":"2017-07-24T15:20:45","guid":{"rendered":"http:\/\/www.mundoprimaria.com\/tienda\/?post_type=product&#038;p=64213"},"modified":"2024-03-01T10:22:09","modified_gmt":"2024-03-01T09:22:09","slug":"estimular-la-atencion-nivel-1","status":"publish","type":"product","link":"https:\/\/www.mundoprimaria.com\/tienda\/producto\/estimular-la-atencion-nivel-1","title":{"rendered":"Estimular la atenci\u00f3n &#8211; Nivel 1"},"content":{"rendered":"<p>&nbsp;<\/p>\n<p><strong>La estimulaci\u00f3n precoz de la atenci\u00f3n, contribuir\u00e1 positivamente al desarrollo intelectual del ni\u00f1o y a su futura capacidad de aprendizaje.<\/strong><\/p>\n<p>Este Primer Nivel estimula la atenci\u00f3n a trav\u00e9s de actividades atractivas para los ni\u00f1os. Est\u00e1 dirigido a padres, educadores y otros profesionales, a los que les resultar\u00e1 \u00fatil como material para trabajar con todos los alumnos o para estimular individualmente a los que presentan dificultades.<\/p>\n<p>El libro contiene una gu\u00eda did\u00e1ctica y un registro que resultar\u00e1 muy pr\u00e1ctico para seguir los progresos del ni\u00f1o.<\/p>\n<p><strong>Qu\u00e9 se estimula y desarrolla<\/strong><\/p>\n<p>&#8211; La atenci\u00f3n: selectiva y serial.<br \/>\n&#8211; Otros aspectos que se estimulan: discriminaci\u00f3n visual, percepci\u00f3n de diferencias, la psicomotricidad fina, estrategias de planificaci\u00f3n y organizaci\u00f3n de la tarea,\u00a0 comprensi\u00f3n y seguimiento de instrucciones, memoria de trabajo y flexibilidad mental.<\/p>\n<p><strong>Destinatarios<\/strong><\/p>\n<p>&#8211; Ni\u00f1os de 2 a 3 a\u00f1os.<br \/>\n&#8211; Ni\u00f1os de 3\u00a0 a\u00f1os o m\u00e1s con dificultades de atenci\u00f3n.<br \/>\n&#8211; Puede utilizarse con ni\u00f1os que no conocen el espa\u00f1ol, con problemas graves de comunicaci\u00f3n o deficiencia auditiva.<\/p>\n<p><strong>Qui\u00e9n puede utilizarlo<\/strong><\/p>\n<p>&#8211; Maestros\/as de Educaci\u00f3n Infantil, Pedagog\u00eda Terap\u00e9utica y Audici\u00f3n y Lenguaje.<br \/>\n&#8211; Logopedas, pedagogos, psic\u00f3logos, psicopedagogos, neuropsic\u00f3logos, terapeutas ocupacionales y estimuladores de atenci\u00f3n temprana.<br \/>\n&#8211; Familias.<\/p>\n<p><strong>Fichas y tareas<\/strong><\/p>\n<p>&#8211; 50 fichas.<br \/>\n&#8211; Unir dibujos iguales<br \/>\n&#8211; Se\u00f1alar el dibujo igual que el primero.<br \/>\n&#8211; Identificar parejas de dibujos iguales.<br \/>\n&#8211; Discriminar los dibujos iguales a un modelo.<br \/>\n&#8211; Identificar el dibujo diferente.<\/p>\n<p>&nbsp;<\/p>\n<p>&nbsp;<\/p>\n","protected":false},"excerpt":{"rendered":"<p>La estimulaci\u00f3n precoz de la atenci\u00f3n, contribuir\u00e1 positivamente al desarrollo intelectual del ni\u00f1o y a su futura capacidad de aprendizaje.<\/p>\n","protected":false},"featured_media":64368,"comment_status":"closed","ping_status":"closed","template":"","meta":{"_acf_changed":false,"_monsterinsights_skip_tracking":false,"_monsterinsights_sitenote_active":false,"_monsterinsights_sitenote_note":"","_monsterinsights_sitenote_category":0},"product_cat":[350],"product_tag":[],"class_list":{"0":"post-64213","1":"product","2":"type-product","3":"status-publish","4":"has-post-thumbnail","6":"product_cat-estimular-la-atencion","7":"product_shipping_class-mensajeria","9":"first","10":"instock","11":"taxable","12":"shipping-taxable","13":"purchasable","14":"product-type-simple"},"acf":[],"yoast_head":"<!-- This site is optimized with the Yoast SEO plugin v24.2 - https:\/\/yoast.com\/wordpress\/plugins\/seo\/ -->\n<title>Estimular la atenci\u00f3n - Nivel 1 - Tienda Mundo Primaria<\/title>\n<meta name=\"robots\" content=\"noindex, follow\" \/>\n<meta property=\"og:locale\" content=\"es_ES\" \/>\n<meta property=\"og:type\" content=\"article\" \/>\n<meta property=\"og:title\" content=\"Estimular la atenci\u00f3n - Nivel 1 - Tienda Mundo Primaria\" \/>\n<meta property=\"og:description\" content=\"La estimulaci\u00f3n precoz de la atenci\u00f3n, contribuir\u00e1 positivamente al desarrollo intelectual del ni\u00f1o y a su futura capacidad de aprendizaje.\" \/>\n<meta property=\"og:url\" content=\"https:\/\/www.mundoprimaria.com\/tienda\/producto\/estimular-la-atencion-nivel-1\" \/>\n<meta property=\"og:site_name\" content=\"Tienda Mundo Primaria\" \/>\n<meta property=\"article:modified_time\" content=\"2024-03-01T09:22:09+00:00\" \/>\n<meta property=\"og:image\" content=\"https:\/\/www.mundoprimaria.com\/tienda\/wp-content\/uploads\/2017\/07\/Atencion-nv1.jpg\" \/>\n\t<meta property=\"og:image:width\" content=\"460\" \/>\n\t<meta property=\"og:image:height\" content=\"460\" \/>\n\t<meta property=\"og:image:type\" content=\"image\/jpeg\" \/>\n<meta name=\"twitter:label1\" content=\"Tiempo de lectura\" \/>\n\t<meta name=\"twitter:data1\" content=\"1 minuto\" \/>\n<script type=\"application\/ld+json\" class=\"yoast-schema-graph\">{\"@context\":\"https:\/\/schema.org\",\"@graph\":[{\"@type\":\"WebPage\",\"@id\":\"https:\/\/www.mundoprimaria.com\/tienda\/producto\/estimular-la-atencion-nivel-1\",\"url\":\"https:\/\/www.mundoprimaria.com\/tienda\/producto\/estimular-la-atencion-nivel-1\",\"name\":\"Estimular la atenci\u00f3n - Nivel 1 - Tienda Mundo Primaria\",\"isPartOf\":{\"@id\":\"https:\/\/www.mundoprimaria.com\/tienda\/#website\"},\"primaryImageOfPage\":{\"@id\":\"https:\/\/www.mundoprimaria.com\/tienda\/producto\/estimular-la-atencion-nivel-1#primaryimage\"},\"image\":{\"@id\":\"https:\/\/www.mundoprimaria.com\/tienda\/producto\/estimular-la-atencion-nivel-1#primaryimage\"},\"thumbnailUrl\":\"https:\/\/www.mundoprimaria.com\/tienda\/wp-content\/uploads\/2017\/07\/Atencion-nv1.jpg\",\"datePublished\":\"2017-07-24T15:20:45+00:00\",\"dateModified\":\"2024-03-01T09:22:09+00:00\",\"breadcrumb\":{\"@id\":\"https:\/\/www.mundoprimaria.com\/tienda\/producto\/estimular-la-atencion-nivel-1#breadcrumb\"},\"inLanguage\":\"es\",\"potentialAction\":[{\"@type\":\"ReadAction\",\"target\":[\"https:\/\/www.mundoprimaria.com\/tienda\/producto\/estimular-la-atencion-nivel-1\"]}]},{\"@type\":\"ImageObject\",\"inLanguage\":\"es\",\"@id\":\"https:\/\/www.mundoprimaria.com\/tienda\/producto\/estimular-la-atencion-nivel-1#primaryimage\",\"url\":\"https:\/\/www.mundoprimaria.com\/tienda\/wp-content\/uploads\/2017\/07\/Atencion-nv1.jpg\",\"contentUrl\":\"https:\/\/www.mundoprimaria.com\/tienda\/wp-content\/uploads\/2017\/07\/Atencion-nv1.jpg\",\"width\":460,\"height\":460},{\"@type\":\"BreadcrumbList\",\"@id\":\"https:\/\/www.mundoprimaria.com\/tienda\/producto\/estimular-la-atencion-nivel-1#breadcrumb\",\"itemListElement\":[{\"@type\":\"ListItem\",\"position\":1,\"name\":\"Portada\",\"item\":\"https:\/\/www.mundoprimaria.com\/tienda\/\"},{\"@type\":\"ListItem\",\"position\":2,\"name\":\"Productos\",\"item\":\"https:\/\/www.mundoprimaria.com\/tienda\/shop\"},{\"@type\":\"ListItem\",\"position\":3,\"name\":\"Estimular la atenci\u00f3n &#8211; Nivel 1\"}]},{\"@type\":\"WebSite\",\"@id\":\"https:\/\/www.mundoprimaria.com\/tienda\/#website\",\"url\":\"https:\/\/www.mundoprimaria.com\/tienda\/\",\"name\":\"Tienda Mundo Primaria\",\"description\":\"El portal para aprender jugando.\",\"potentialAction\":[{\"@type\":\"SearchAction\",\"target\":{\"@type\":\"EntryPoint\",\"urlTemplate\":\"https:\/\/www.mundoprimaria.com\/tienda\/?s={search_term_string}\"},\"query-input\":{\"@type\":\"PropertyValueSpecification\",\"valueRequired\":true,\"valueName\":\"search_term_string\"}}],\"inLanguage\":\"es\"}]}<\/script>\n<!-- \/ Yoast SEO plugin. -->","yoast_head_json":{"title":"Estimular la atenci\u00f3n - Nivel 1 - Tienda Mundo Primaria","robots":{"index":"noindex","follow":"follow"},"og_locale":"es_ES","og_type":"article","og_title":"Estimular la atenci\u00f3n - Nivel 1 - Tienda Mundo Primaria","og_description":"La estimulaci\u00f3n precoz de la atenci\u00f3n, contribuir\u00e1 positivamente al desarrollo intelectual del ni\u00f1o y a su futura capacidad de aprendizaje.","og_url":"https:\/\/www.mundoprimaria.com\/tienda\/producto\/estimular-la-atencion-nivel-1","og_site_name":"Tienda Mundo Primaria","article_modified_time":"2024-03-01T09:22:09+00:00","og_image":[{"width":460,"height":460,"url":"https:\/\/www.mundoprimaria.com\/tienda\/wp-content\/uploads\/2017\/07\/Atencion-nv1.jpg","type":"image\/jpeg"}],"twitter_misc":{"Tiempo de lectura":"1 minuto"},"schema":{"@context":"https:\/\/schema.org","@graph":[{"@type":"WebPage","@id":"https:\/\/www.mundoprimaria.com\/tienda\/producto\/estimular-la-atencion-nivel-1","url":"https:\/\/www.mundoprimaria.com\/tienda\/producto\/estimular-la-atencion-nivel-1","name":"Estimular la atenci\u00f3n - Nivel 1 - Tienda Mundo Primaria","isPartOf":{"@id":"https:\/\/www.mundoprimaria.com\/tienda\/#website"},"primaryImageOfPage":{"@id":"https:\/\/www.mundoprimaria.com\/tienda\/producto\/estimular-la-atencion-nivel-1#primaryimage"},"image":{"@id":"https:\/\/www.mundoprimaria.com\/tienda\/producto\/estimular-la-atencion-nivel-1#primaryimage"},"thumbnailUrl":"https:\/\/www.mundoprimaria.com\/tienda\/wp-content\/uploads\/2017\/07\/Atencion-nv1.jpg","datePublished":"2017-07-24T15:20:45+00:00","dateModified":"2024-03-01T09:22:09+00:00","breadcrumb":{"@id":"https:\/\/www.mundoprimaria.com\/tienda\/producto\/estimular-la-atencion-nivel-1#breadcrumb"},"inLanguage":"es","potentialAction":[{"@type":"ReadAction","target":["https:\/\/www.mundoprimaria.com\/tienda\/producto\/estimular-la-atencion-nivel-1"]}]},{"@type":"ImageObject","inLanguage":"es","@id":"https:\/\/www.mundoprimaria.com\/tienda\/producto\/estimular-la-atencion-nivel-1#primaryimage","url":"https:\/\/www.mundoprimaria.com\/tienda\/wp-content\/uploads\/2017\/07\/Atencion-nv1.jpg","contentUrl":"https:\/\/www.mundoprimaria.com\/tienda\/wp-content\/uploads\/2017\/07\/Atencion-nv1.jpg","width":460,"height":460},{"@type":"BreadcrumbList","@id":"https:\/\/www.mundoprimaria.com\/tienda\/producto\/estimular-la-atencion-nivel-1#breadcrumb","itemListElement":[{"@type":"ListItem","position":1,"name":"Portada","item":"https:\/\/www.mundoprimaria.com\/tienda\/"},{"@type":"ListItem","position":2,"name":"Productos","item":"https:\/\/www.mundoprimaria.com\/tienda\/shop"},{"@type":"ListItem","position":3,"name":"Estimular la atenci\u00f3n &#8211; Nivel 1"}]},{"@type":"WebSite","@id":"https:\/\/www.mundoprimaria.com\/tienda\/#website","url":"https:\/\/www.mundoprimaria.com\/tienda\/","name":"Tienda Mundo Primaria","description":"El portal para aprender jugando.","potentialAction":[{"@type":"SearchAction","target":{"@type":"EntryPoint","urlTemplate":"https:\/\/www.mundoprimaria.com\/tienda\/?s={search_term_string}"},"query-input":{"@type":"PropertyValueSpecification","valueRequired":true,"valueName":"search_term_string"}}],"inLanguage":"es"}]}},"_links":{"self":[{"href":"https:\/\/www.mundoprimaria.com\/tienda\/wp-json\/wp\/v2\/product\/64213","targetHints":{"allow":["GET"]}}],"collection":[{"href":"https:\/\/www.mundoprimaria.com\/tienda\/wp-json\/wp\/v2\/product"}],"about":[{"href":"https:\/\/www.mundoprimaria.com\/tienda\/wp-json\/wp\/v2\/types\/product"}],"replies":[{"embeddable":true,"href":"https:\/\/www.mundoprimaria.com\/tienda\/wp-json\/wp\/v2\/comments?post=64213"}],"wp:featuredmedia":[{"embeddable":true,"href":"https:\/\/www.mundoprimaria.com\/tienda\/wp-json\/wp\/v2\/media\/64368"}],"wp:attachment":[{"href":"https:\/\/www.mundoprimaria.com\/tienda\/wp-json\/wp\/v2\/media?parent=64213"}],"wp:term":[{"taxonomy":"product_cat","embeddable":true,"href":"https:\/\/www.mundoprimaria.com\/tienda\/wp-json\/wp\/v2\/product_cat?post=64213"},{"taxonomy":"product_tag","embeddable":true,"href":"https:\/\/www.mundoprimaria.com\/tienda\/wp-json\/wp\/v2\/product_tag?post=64213"}],"curies":[{"name":"wp","href":"https:\/\/api.w.org\/{rel}","templated":true}]}}