

{"id":64486,"date":"2017-08-15T19:01:57","date_gmt":"2017-08-15T17:01:57","guid":{"rendered":"http:\/\/www.mundoprimaria.com\/tienda\/?page_id=64486"},"modified":"2019-02-25T14:14:31","modified_gmt":"2019-02-25T13:14:31","slug":"contacto","status":"publish","type":"page","link":"https:\/\/www.mundoprimaria.com\/tienda\/contacto","title":{"rendered":"Contacto"},"content":{"rendered":"<table class=\"alignleft\" border=\"2\" width=\"615\">\n<tbody>\n<tr>\n<td colspan=\"2\" width=\"615\">\n<h2 style=\"text-align: center;\"><strong>I<\/strong><strong>NFORMACI\u00d3N B\u00c1SICA SOBRE PROTECCI\u00d3N DE DATOS<\/strong><\/h2>\n<\/td>\n<\/tr>\n<tr>\n<td width=\"218\">\n<h3><strong>\u00a0Responsable<\/strong><\/h3>\n<\/td>\n<td width=\"397\">\n<p style=\"padding-left: 30px;\">GRUPO GESFOMEDIA, S.L.<\/p>\n<\/td>\n<\/tr>\n<tr>\n<td width=\"218\">\n<h3><strong>\u00a0Finalidad<\/strong><\/h3>\n<\/td>\n<td width=\"397\">\n<p style=\"padding-left: 30px;\">Gesti\u00f3n de pedidos, env\u00edo de informaci\u00f3n y promociones, atenci\u00f3n al cliente.<\/p>\n<\/td>\n<\/tr>\n<tr>\n<td width=\"218\">\n<h3><strong>\u00a0Legitimaci\u00f3n<\/strong><\/h3>\n<\/td>\n<td width=\"397\">\n<p style=\"padding-left: 30px;\">Consentimiento del interesado<\/p>\n<\/td>\n<\/tr>\n<tr>\n<td width=\"218\">\n<h3><strong>\u00a0Destinatarios<\/strong><\/h3>\n<\/td>\n<td width=\"397\">\n<p style=\"padding-left: 30px;\">No se ceder\u00e1n datos a terceros, salvo los requeridos legalmente. As\u00ed como a los bancos que tramitan los pagos de pedidos y las empresas de transporte encargadas de su env\u00edo.<\/p>\n<\/td>\n<\/tr>\n<tr>\n<td width=\"218\">\n<h3><strong>\u00a0Derechos<\/strong><\/h3>\n<\/td>\n<td width=\"397\">\n<p style=\"padding-left: 30px;\">Acceder, rectificar y suprimir los datos, as\u00ed como otros\u00a0 derechos, explicados en la informaci\u00f3n adicional.<\/p>\n<\/td>\n<\/tr>\n<tr>\n<td width=\"218\">\n<h3><strong>\u00a0Informaci\u00f3n\u00a0 \u00a0adicional<\/strong><\/h3>\n<\/td>\n<td width=\"397\">\n<p style=\"padding-left: 30px;\">Puede consultar la informaci\u00f3n m\u00e1s detallada en:<\/p>\n<p style=\"padding-left: 30px;\"><a href=\"https:\/\/www.mundoprimaria.com\/politica-privacidad-condiciones-uso\">https:\/\/www.mundoprimaria.com\/politica-privacidad-condiciones-uso<\/a><\/p>\n<p style=\"padding-left: 30px;\"><a href=\"https:\/\/www.mundoprimaria.com\/tienda\/privacidad-uso\">https:\/\/www.mundoprimaria.com\/tienda\/privacidad-uso<\/a><\/p>\n<\/td>\n<\/tr>\n<\/tbody>\n<\/table>\n","protected":false},"excerpt":{"rendered":"<p>INFORMACI\u00d3N B\u00c1SICA SOBRE PROTECCI\u00d3N DE DATOS \u00a0Responsable GRUPO GESFOMEDIA, S.L. \u00a0Finalidad Gesti\u00f3n de pedidos, env\u00edo de informaci\u00f3n y promociones, atenci\u00f3n al cliente. \u00a0Legitimaci\u00f3n Consentimiento del interesado \u00a0Destinatarios No se ceder\u00e1n datos a terceros, salvo los requeridos legalmente. As\u00ed como a los bancos que tramitan los pagos de pedidos y las empresas de transporte encargadas de &hellip;<\/p>\n","protected":false},"author":5,"featured_media":0,"parent":0,"menu_order":0,"comment_status":"closed","ping_status":"closed","template":"template-contacto.php","meta":{"_acf_changed":false,"_monsterinsights_skip_tracking":false,"_monsterinsights_sitenote_active":false,"_monsterinsights_sitenote_note":"","_monsterinsights_sitenote_category":0,"footnotes":""},"class_list":["post-64486","page","type-page","status-publish","hentry"],"acf":[],"yoast_head":"<!-- This site is optimized with the Yoast SEO plugin v24.2 - https:\/\/yoast.com\/wordpress\/plugins\/seo\/ -->\n<title>Contacto - Tienda Mundo Primaria<\/title>\n<meta name=\"robots\" content=\"noindex, follow\" \/>\n<meta property=\"og:locale\" content=\"es_ES\" \/>\n<meta property=\"og:type\" content=\"article\" \/>\n<meta property=\"og:title\" content=\"Contacto - Tienda Mundo Primaria\" \/>\n<meta property=\"og:description\" content=\"INFORMACI\u00d3N B\u00c1SICA SOBRE PROTECCI\u00d3N DE DATOS \u00a0Responsable GRUPO GESFOMEDIA, S.L. \u00a0Finalidad Gesti\u00f3n de pedidos, env\u00edo de informaci\u00f3n y promociones, atenci\u00f3n al cliente. \u00a0Legitimaci\u00f3n Consentimiento del interesado \u00a0Destinatarios No se ceder\u00e1n datos a terceros, salvo los requeridos legalmente. As\u00ed como a los bancos que tramitan los pagos de pedidos y las empresas de transporte encargadas de &hellip;\" \/>\n<meta property=\"og:url\" content=\"https:\/\/www.mundoprimaria.com\/tienda\/contacto\" \/>\n<meta property=\"og:site_name\" content=\"Tienda Mundo Primaria\" \/>\n<meta property=\"article:modified_time\" content=\"2019-02-25T13:14:31+00:00\" \/>\n<meta name=\"twitter:label1\" content=\"Tiempo de lectura\" \/>\n\t<meta name=\"twitter:data1\" content=\"1 minuto\" \/>\n<script type=\"application\/ld+json\" class=\"yoast-schema-graph\">{\"@context\":\"https:\/\/schema.org\",\"@graph\":[{\"@type\":\"WebPage\",\"@id\":\"https:\/\/www.mundoprimaria.com\/tienda\/contacto\",\"url\":\"https:\/\/www.mundoprimaria.com\/tienda\/contacto\",\"name\":\"Contacto - Tienda Mundo Primaria\",\"isPartOf\":{\"@id\":\"https:\/\/www.mundoprimaria.com\/tienda\/#website\"},\"datePublished\":\"2017-08-15T17:01:57+00:00\",\"dateModified\":\"2019-02-25T13:14:31+00:00\",\"breadcrumb\":{\"@id\":\"https:\/\/www.mundoprimaria.com\/tienda\/contacto#breadcrumb\"},\"inLanguage\":\"es\",\"potentialAction\":[{\"@type\":\"ReadAction\",\"target\":[\"https:\/\/www.mundoprimaria.com\/tienda\/contacto\"]}]},{\"@type\":\"BreadcrumbList\",\"@id\":\"https:\/\/www.mundoprimaria.com\/tienda\/contacto#breadcrumb\",\"itemListElement\":[{\"@type\":\"ListItem\",\"position\":1,\"name\":\"Portada\",\"item\":\"https:\/\/www.mundoprimaria.com\/tienda\/\"},{\"@type\":\"ListItem\",\"position\":2,\"name\":\"Contacto\"}]},{\"@type\":\"WebSite\",\"@id\":\"https:\/\/www.mundoprimaria.com\/tienda\/#website\",\"url\":\"https:\/\/www.mundoprimaria.com\/tienda\/\",\"name\":\"Tienda Mundo Primaria\",\"description\":\"El portal para aprender jugando.\",\"potentialAction\":[{\"@type\":\"SearchAction\",\"target\":{\"@type\":\"EntryPoint\",\"urlTemplate\":\"https:\/\/www.mundoprimaria.com\/tienda\/?s={search_term_string}\"},\"query-input\":{\"@type\":\"PropertyValueSpecification\",\"valueRequired\":true,\"valueName\":\"search_term_string\"}}],\"inLanguage\":\"es\"}]}<\/script>\n<!-- \/ Yoast SEO plugin. -->","yoast_head_json":{"title":"Contacto - Tienda Mundo Primaria","robots":{"index":"noindex","follow":"follow"},"og_locale":"es_ES","og_type":"article","og_title":"Contacto - Tienda Mundo Primaria","og_description":"INFORMACI\u00d3N B\u00c1SICA SOBRE PROTECCI\u00d3N DE DATOS \u00a0Responsable GRUPO GESFOMEDIA, S.L. \u00a0Finalidad Gesti\u00f3n de pedidos, env\u00edo de informaci\u00f3n y promociones, atenci\u00f3n al cliente. \u00a0Legitimaci\u00f3n Consentimiento del interesado \u00a0Destinatarios No se ceder\u00e1n datos a terceros, salvo los requeridos legalmente. As\u00ed como a los bancos que tramitan los pagos de pedidos y las empresas de transporte encargadas de &hellip;","og_url":"https:\/\/www.mundoprimaria.com\/tienda\/contacto","og_site_name":"Tienda Mundo Primaria","article_modified_time":"2019-02-25T13:14:31+00:00","twitter_misc":{"Tiempo de lectura":"1 minuto"},"schema":{"@context":"https:\/\/schema.org","@graph":[{"@type":"WebPage","@id":"https:\/\/www.mundoprimaria.com\/tienda\/contacto","url":"https:\/\/www.mundoprimaria.com\/tienda\/contacto","name":"Contacto - Tienda Mundo Primaria","isPartOf":{"@id":"https:\/\/www.mundoprimaria.com\/tienda\/#website"},"datePublished":"2017-08-15T17:01:57+00:00","dateModified":"2019-02-25T13:14:31+00:00","breadcrumb":{"@id":"https:\/\/www.mundoprimaria.com\/tienda\/contacto#breadcrumb"},"inLanguage":"es","potentialAction":[{"@type":"ReadAction","target":["https:\/\/www.mundoprimaria.com\/tienda\/contacto"]}]},{"@type":"BreadcrumbList","@id":"https:\/\/www.mundoprimaria.com\/tienda\/contacto#breadcrumb","itemListElement":[{"@type":"ListItem","position":1,"name":"Portada","item":"https:\/\/www.mundoprimaria.com\/tienda\/"},{"@type":"ListItem","position":2,"name":"Contacto"}]},{"@type":"WebSite","@id":"https:\/\/www.mundoprimaria.com\/tienda\/#website","url":"https:\/\/www.mundoprimaria.com\/tienda\/","name":"Tienda Mundo Primaria","description":"El portal para aprender jugando.","potentialAction":[{"@type":"SearchAction","target":{"@type":"EntryPoint","urlTemplate":"https:\/\/www.mundoprimaria.com\/tienda\/?s={search_term_string}"},"query-input":{"@type":"PropertyValueSpecification","valueRequired":true,"valueName":"search_term_string"}}],"inLanguage":"es"}]}},"_links":{"self":[{"href":"https:\/\/www.mundoprimaria.com\/tienda\/wp-json\/wp\/v2\/pages\/64486","targetHints":{"allow":["GET"]}}],"collection":[{"href":"https:\/\/www.mundoprimaria.com\/tienda\/wp-json\/wp\/v2\/pages"}],"about":[{"href":"https:\/\/www.mundoprimaria.com\/tienda\/wp-json\/wp\/v2\/types\/page"}],"author":[{"embeddable":true,"href":"https:\/\/www.mundoprimaria.com\/tienda\/wp-json\/wp\/v2\/users\/5"}],"replies":[{"embeddable":true,"href":"https:\/\/www.mundoprimaria.com\/tienda\/wp-json\/wp\/v2\/comments?post=64486"}],"version-history":[{"count":3,"href":"https:\/\/www.mundoprimaria.com\/tienda\/wp-json\/wp\/v2\/pages\/64486\/revisions"}],"predecessor-version":[{"id":66554,"href":"https:\/\/www.mundoprimaria.com\/tienda\/wp-json\/wp\/v2\/pages\/64486\/revisions\/66554"}],"wp:attachment":[{"href":"https:\/\/www.mundoprimaria.com\/tienda\/wp-json\/wp\/v2\/media?parent=64486"}],"curies":[{"name":"wp","href":"https:\/\/api.w.org\/{rel}","templated":true}]}}