

{"id":64432,"date":"2017-08-03T21:26:59","date_gmt":"2017-08-03T19:26:59","guid":{"rendered":"http:\/\/www.mundoprimaria.com\/tienda\/?page_id=64432"},"modified":"2018-03-23T12:52:22","modified_gmt":"2018-03-23T11:52:22","slug":"preguntas-frecuentes","status":"publish","type":"page","link":"https:\/\/www.mundoprimaria.com\/tienda\/preguntas-frecuentes","title":{"rendered":"Preguntas frecuentes"},"content":{"rendered":"<p><strong>\u00bfEs necesario que me registre para comprar?<\/strong><\/p>\n<p>No es necesario registrarse, s\u00f3lo le pediremos los datos necesarios para poder enviarle el pedido y poder realizar una factura oficial que le ser\u00e1 remitida por email.<\/p>\n<p><strong>\u00bfPuedo pedir o reservar productos que no tengan?<\/strong><\/p>\n<p>Todos los productos est\u00e1n disponibles para su compra.<\/p>\n<p><strong>\u00bfHay un m\u00ednimo en el importe del pedido?<\/strong><\/p>\n<p>El pedido m\u00ednimo es el de un art\u00edculo.<\/p>\n<p><strong>\u00bfCu\u00e1nto son los gastos de env\u00edo?<\/strong><\/p>\n<p>Los gastos de env\u00edo son variables de pendiendo del punto de env\u00edo y el peso del pedido.<\/p>\n<p><strong>\u00bfCu\u00e1l es la disponibilidad de los productos?<\/strong><\/p>\n<p>En principio, todos los productos en nuestra tienda est\u00e1n disponibles.<\/p>\n<p><strong>\u00bfPuedo enviar mi compra a otra persona o direcci\u00f3n?<\/strong><\/p>\n<p>En el momento del pedido puede especificar otro destinatario o si lo prefiere otra direcci\u00f3n de entrega.<\/p>\n<p><strong>\u00bfPuedo indicar una hora de entrega?<\/strong><\/p>\n<p>Nos puede sugerir una hora de entrega que transmitiremos a la agencia de mensajer\u00eda, pero tenga en cuenta que las empresas de transporte tienen rutas predeterminadas, es preferible indicar solo si prefiere que se entregue por la ma\u00f1ana o por la tarde. En caso de no encontrarse el cliente en su domicilio, el transportista le avisar\u00e1 en su n\u00ba de tel\u00e9fono y\/o le dejaran un aviso. Lo habitual ser\u00e1 que le llamen para concertar otra hora de entrega.<\/p>\n<p><strong>\u00bfExiste alg\u00fan modo de comprar que he realizado mi pedido correctamente?<\/strong><\/p>\n<p>Si, una vez hemos recibido tu pedido te enviamos un mail informativo, donde adem\u00e1s aparecen los productos que has seleccionado y su importe.<\/p>\n<p><strong>\u00bfEnv\u00edan fuera de la Pen\u00ednsula?<\/strong><\/p>\n<p>Si enviamos nuestros productos fuera de la Peninsula.Grupo Gesfomedia sirve a todo el territorio espa\u00f1ol, definiendo como territoria Espa\u00f1ol, la Peninsula, Ceuta y Melilla, Canarias y Baleares.<\/p>\n<p><strong>\u00bfEnv\u00edan fuera de Espa\u00f1a?<\/strong><\/p>\n<p>Si enviamos fuera de Espa\u00f1a; nuestros productos llegan a EE:UU, Canada y todo Latinoam\u00e9rica.<\/p>\n<p>Si desea comprar desde otro pa\u00eds que no hemos especificado anteriormente; Por Favor p\u00f3ngase en contacto con nosotros a trav\u00e9s del +34 91 530 53 85 o bien a trav\u00e9s de la siguiete direci\u00f3n de E-mail: \u00a0tienda@gesfomedia.com<\/p>\n<p><strong>\u00bfCu\u00e1nto tardar\u00e9 en recibir mi pedido?<\/strong><\/p>\n<p>Para Espa\u00f1a:\u00a0Dependiendo del modo de env\u00edo elegido los plazos ser\u00e1n de 8 d\u00edas laborables c\u00f3mo m\u00e1ximo. En ocasiones puede haber un retraso de un d\u00eda m\u00e1s, debido a sobrecarga de trabajo en el transporte. S\u00e1bados, domingos, y festivos no cuentan en dichos plazos.<\/p>\n<p>Para Fuera de Espa\u00f1a: El tiempo de recepci\u00f3n de la mercanc\u00eda es de 10 d\u00edas Laborables.<\/p>\n<p><strong>\u00bfPuedo devolver el pedido?<\/strong><\/p>\n<p>Si el pedido ha llegado en malas condiciones o est\u00e1 equivocado, contacte con nosotros antes de 24 horas y le realizaremos el cambio con la mayor brevedad posible. Si ha tenido problemas debidos al mal transporte es necesario que nos los indique en el albar\u00e1n de entrega. Para consultar toda la informaci\u00f3n relativa a la pol\u00edtica de devoluci\u00f3n por favor pinche aqui: <a href=\"http:\/\/www.mundoprimaria.com\/tienda\/politica-de-devoluciones\/\">Pol\u00edtica de\u00a0devoluciones<\/a><\/p>\n<p><strong>\u00bfQu\u00e9 formas de pago aceptan?<\/strong><\/p>\n<p>Las formas de pago que aceptamos son con Tarjeta de Cr\u00e9dito, PAYPAL y por Transferencia. \u00a0<a href=\"http:\/\/www.mundoprimaria.com\/tienda\/formas-pago\/\">Consultar formas de pago.<\/a><\/p>\n<p><strong>\u00bfEs seguro el pago con tarjeta?<\/strong><\/p>\n<p>Nuestro sistema utiliza una pasarela de pago homologada por la Caixa, lider nacional en la venta Online. En ning\u00fan caso conoceremos los datos de su tarjeta, todo lo que circula en dicha pasarela est\u00e1 cifrado con todas las garant\u00edas de confidencialidad. Est\u00e9\u00a0 tranquilo con la seguridad de sus datos bancarios.<\/p>\n<p><strong>\u00bfPuedo pagar con cualquier tarjeta Visa o Mastercard?<\/strong><\/p>\n<p>Si, nuestro TPV virtual acepta cualquier tipo de tarjetas.<\/p>\n<p><strong>\u00bfPuedo pagar con Paypal u otros?<\/strong><\/p>\n<p>Aceptamos compras por Paypal. Para alguna otra no contemplada, consultar.<\/p>\n<p><strong>He hecho un pedido y quiero pagar por transferencia, pero no he recibido ning\u00fan email con vuestros datos bancarios. \u00bfQu\u00e9 hago?<\/strong><\/p>\n<p>A veces los emails no se reciben porque van a parar a la carpeta de spam del destinatario o bien porque hay un error en la direcci\u00f3n de email facilitada.<\/p>\n<p>En ese caso por favor p\u00f3ngase en contacto con nosotros.<\/p>\n<p><strong>\u00bfC\u00f3mo puedo contactar con ustedes?<\/strong><\/p>\n<p>Si quieres contactar con nosotros puede hacerlo a trav\u00e9s de nuestro formulario, le responderemos lo m\u00e1s pronto nos sea posible.\u00a0 Tambi\u00e9n puede contactar con nosotros en el tel\u00e9fono\u00a0\u00a0<strong>91 530 53 85<\/strong>\u00a0o en el email\u00a0<a href=\"mailto:tienda@gesfomedia.com\">tienda@gesfomedia.com<\/a><\/p>\n<p><strong>\u00bf Como puedo obtener una factura?<\/strong><\/p>\n<div>Cuando a Grupo Gesfomedia, nos llegue la notificaci\u00f3n por parte del transportista que usted ha recibido el pedido, autom\u00e1ticamente le enviaremos al Email la factura de compra.<\/div>\n<div><\/div>\n<div><\/div>\n<div><strong>Para cualquier otra pregunta, no dude en contactar con nostros en el\u00a0+34 91 530 53 85 o bien v\u00eda Email en tienda@gesfomedia.com<\/strong><\/div>\n","protected":false},"excerpt":{"rendered":"<p>\u00bfEs necesario que me registre para comprar? No es necesario registrarse, s\u00f3lo le pediremos los datos necesarios para poder enviarle el pedido y poder realizar una factura oficial que le ser\u00e1 remitida por email. \u00bfPuedo pedir o reservar productos que no tengan? Todos los productos est\u00e1n disponibles para su compra. \u00bfHay un m\u00ednimo en el &hellip;<\/p>\n","protected":false},"author":1,"featured_media":0,"parent":0,"menu_order":0,"comment_status":"closed","ping_status":"closed","template":"","meta":{"_acf_changed":false,"_monsterinsights_skip_tracking":false,"_monsterinsights_sitenote_active":false,"_monsterinsights_sitenote_note":"","_monsterinsights_sitenote_category":0,"footnotes":""},"class_list":["post-64432","page","type-page","status-publish","hentry"],"acf":[],"yoast_head":"<!-- This site is optimized with the Yoast SEO plugin v24.2 - https:\/\/yoast.com\/wordpress\/plugins\/seo\/ -->\n<title>Preguntas frecuentes - Tienda Mundo Primaria<\/title>\n<meta name=\"robots\" content=\"noindex, nofollow\" \/>\n<meta property=\"og:locale\" content=\"es_ES\" \/>\n<meta property=\"og:type\" content=\"article\" \/>\n<meta property=\"og:title\" content=\"Preguntas frecuentes - Tienda Mundo Primaria\" \/>\n<meta property=\"og:description\" content=\"\u00bfEs necesario que me registre para comprar? No es necesario registrarse, s\u00f3lo le pediremos los datos necesarios para poder enviarle el pedido y poder realizar una factura oficial que le ser\u00e1 remitida por email. \u00bfPuedo pedir o reservar productos que no tengan? Todos los productos est\u00e1n disponibles para su compra. \u00bfHay un m\u00ednimo en el &hellip;\" \/>\n<meta property=\"og:url\" content=\"https:\/\/www.mundoprimaria.com\/tienda\/preguntas-frecuentes\" \/>\n<meta property=\"og:site_name\" content=\"Tienda Mundo Primaria\" \/>\n<meta property=\"article:modified_time\" content=\"2018-03-23T11:52:22+00:00\" \/>\n<meta name=\"twitter:label1\" content=\"Tiempo de lectura\" \/>\n\t<meta name=\"twitter:data1\" content=\"4 minutos\" \/>\n<script type=\"application\/ld+json\" class=\"yoast-schema-graph\">{\"@context\":\"https:\/\/schema.org\",\"@graph\":[{\"@type\":\"WebPage\",\"@id\":\"https:\/\/www.mundoprimaria.com\/tienda\/preguntas-frecuentes\",\"url\":\"https:\/\/www.mundoprimaria.com\/tienda\/preguntas-frecuentes\",\"name\":\"Preguntas frecuentes - Tienda Mundo Primaria\",\"isPartOf\":{\"@id\":\"https:\/\/www.mundoprimaria.com\/tienda\/#website\"},\"datePublished\":\"2017-08-03T19:26:59+00:00\",\"dateModified\":\"2018-03-23T11:52:22+00:00\",\"breadcrumb\":{\"@id\":\"https:\/\/www.mundoprimaria.com\/tienda\/preguntas-frecuentes#breadcrumb\"},\"inLanguage\":\"es\",\"potentialAction\":[{\"@type\":\"ReadAction\",\"target\":[\"https:\/\/www.mundoprimaria.com\/tienda\/preguntas-frecuentes\"]}]},{\"@type\":\"BreadcrumbList\",\"@id\":\"https:\/\/www.mundoprimaria.com\/tienda\/preguntas-frecuentes#breadcrumb\",\"itemListElement\":[{\"@type\":\"ListItem\",\"position\":1,\"name\":\"Portada\",\"item\":\"https:\/\/www.mundoprimaria.com\/tienda\/\"},{\"@type\":\"ListItem\",\"position\":2,\"name\":\"Preguntas frecuentes\"}]},{\"@type\":\"WebSite\",\"@id\":\"https:\/\/www.mundoprimaria.com\/tienda\/#website\",\"url\":\"https:\/\/www.mundoprimaria.com\/tienda\/\",\"name\":\"Tienda Mundo Primaria\",\"description\":\"El portal para aprender jugando.\",\"potentialAction\":[{\"@type\":\"SearchAction\",\"target\":{\"@type\":\"EntryPoint\",\"urlTemplate\":\"https:\/\/www.mundoprimaria.com\/tienda\/?s={search_term_string}\"},\"query-input\":{\"@type\":\"PropertyValueSpecification\",\"valueRequired\":true,\"valueName\":\"search_term_string\"}}],\"inLanguage\":\"es\"}]}<\/script>\n<!-- \/ Yoast SEO plugin. -->","yoast_head_json":{"title":"Preguntas frecuentes - Tienda Mundo Primaria","robots":{"index":"noindex","follow":"nofollow"},"og_locale":"es_ES","og_type":"article","og_title":"Preguntas frecuentes - Tienda Mundo Primaria","og_description":"\u00bfEs necesario que me registre para comprar? No es necesario registrarse, s\u00f3lo le pediremos los datos necesarios para poder enviarle el pedido y poder realizar una factura oficial que le ser\u00e1 remitida por email. \u00bfPuedo pedir o reservar productos que no tengan? Todos los productos est\u00e1n disponibles para su compra. \u00bfHay un m\u00ednimo en el &hellip;","og_url":"https:\/\/www.mundoprimaria.com\/tienda\/preguntas-frecuentes","og_site_name":"Tienda Mundo Primaria","article_modified_time":"2018-03-23T11:52:22+00:00","twitter_misc":{"Tiempo de lectura":"4 minutos"},"schema":{"@context":"https:\/\/schema.org","@graph":[{"@type":"WebPage","@id":"https:\/\/www.mundoprimaria.com\/tienda\/preguntas-frecuentes","url":"https:\/\/www.mundoprimaria.com\/tienda\/preguntas-frecuentes","name":"Preguntas frecuentes - Tienda Mundo Primaria","isPartOf":{"@id":"https:\/\/www.mundoprimaria.com\/tienda\/#website"},"datePublished":"2017-08-03T19:26:59+00:00","dateModified":"2018-03-23T11:52:22+00:00","breadcrumb":{"@id":"https:\/\/www.mundoprimaria.com\/tienda\/preguntas-frecuentes#breadcrumb"},"inLanguage":"es","potentialAction":[{"@type":"ReadAction","target":["https:\/\/www.mundoprimaria.com\/tienda\/preguntas-frecuentes"]}]},{"@type":"BreadcrumbList","@id":"https:\/\/www.mundoprimaria.com\/tienda\/preguntas-frecuentes#breadcrumb","itemListElement":[{"@type":"ListItem","position":1,"name":"Portada","item":"https:\/\/www.mundoprimaria.com\/tienda\/"},{"@type":"ListItem","position":2,"name":"Preguntas frecuentes"}]},{"@type":"WebSite","@id":"https:\/\/www.mundoprimaria.com\/tienda\/#website","url":"https:\/\/www.mundoprimaria.com\/tienda\/","name":"Tienda Mundo Primaria","description":"El portal para aprender jugando.","potentialAction":[{"@type":"SearchAction","target":{"@type":"EntryPoint","urlTemplate":"https:\/\/www.mundoprimaria.com\/tienda\/?s={search_term_string}"},"query-input":{"@type":"PropertyValueSpecification","valueRequired":true,"valueName":"search_term_string"}}],"inLanguage":"es"}]}},"_links":{"self":[{"href":"https:\/\/www.mundoprimaria.com\/tienda\/wp-json\/wp\/v2\/pages\/64432","targetHints":{"allow":["GET"]}}],"collection":[{"href":"https:\/\/www.mundoprimaria.com\/tienda\/wp-json\/wp\/v2\/pages"}],"about":[{"href":"https:\/\/www.mundoprimaria.com\/tienda\/wp-json\/wp\/v2\/types\/page"}],"author":[{"embeddable":true,"href":"https:\/\/www.mundoprimaria.com\/tienda\/wp-json\/wp\/v2\/users\/1"}],"replies":[{"embeddable":true,"href":"https:\/\/www.mundoprimaria.com\/tienda\/wp-json\/wp\/v2\/comments?post=64432"}],"version-history":[{"count":4,"href":"https:\/\/www.mundoprimaria.com\/tienda\/wp-json\/wp\/v2\/pages\/64432\/revisions"}],"predecessor-version":[{"id":65503,"href":"https:\/\/www.mundoprimaria.com\/tienda\/wp-json\/wp\/v2\/pages\/64432\/revisions\/65503"}],"wp:attachment":[{"href":"https:\/\/www.mundoprimaria.com\/tienda\/wp-json\/wp\/v2\/media?parent=64432"}],"curies":[{"name":"wp","href":"https:\/\/api.w.org\/{rel}","templated":true}]}}