

{"id":64427,"date":"2017-08-03T21:04:15","date_gmt":"2017-08-03T19:04:15","guid":{"rendered":"http:\/\/www.mundoprimaria.com\/tienda\/?page_id=64427"},"modified":"2017-11-13T09:29:21","modified_gmt":"2017-11-13T08:29:21","slug":"quienes-somos","status":"publish","type":"page","link":"https:\/\/www.mundoprimaria.com\/tienda\/quienes-somos","title":{"rendered":"Qui\u00e9nes somos"},"content":{"rendered":"<div class=\"rte\">\n<p><strong>Grupo Gesfomedia S.L.<\/strong> es la empresa creadora del portal <strong>www.mundoprimaria.com<\/strong> y dentro de este portal ejerce tambi\u00e9n su actividad como editorial vendiendo material educativo y did\u00e1ctico mediante su tienda OnLine: \u00a0<strong>www.mundoprimaria.com\/tienda<\/strong><\/p>\n<p><strong><em>El Grupo Gesfomedia<\/em>\u00a0<\/strong>es una\u00a0<strong>empresa joven y din\u00e1mica<\/strong>\u00a0integrada por profesionales especializados en el mundo de la\u00a0<strong>educaci\u00f3n y las nuevas tecnolog\u00edas<\/strong>. Nuestro planteamiento estrategico se asienta en dos pilares:<\/p>\n<ul>\n<li><strong><em>MISI\u00d3N<\/em><\/strong>:\u00a0Trabajamos para ofrecer un producto de m\u00e1xima calidad que a la vez cumpla con la autoexigencia de aportar\u00a0<strong>valores educativos.<\/strong><\/li>\n<li><strong><em>VISI\u00d3N:<\/em><\/strong>\u00a0Queremos ser la mejor opci\u00f3n\u00a0<strong>para satisfacer las necesidades educativas<\/strong>\u00a0y de formaci\u00f3n en\u00a0<strong>Espa\u00f1a y Latinoam\u00e9rica.<\/strong><\/li>\n<\/ul>\n<p>La actividad del Grupo comienza en 2003 y se centra en dos \u00e1reas diferenciadas:<\/p>\n<p><em><strong>1.\u00a0\u00c1REA FORMACI\u00d3N<\/strong><\/em><\/p>\n<p><strong>Gesfomedia Formaci\u00f3n<\/strong>\u00a0es la soluci\u00f3n en\u00a0<strong>formaci\u00f3n e-learning<\/strong>\u00a0para trabajadores, empresas, academias y centros de formaci\u00f3n, con una amplia oferta de<strong>cursos de diferentes \u00e1reas.<\/strong><\/p>\n<p><strong><em>2. \u00c1REA EDITORIAL<\/em><\/strong><\/p>\n<p>Dentro de la l\u00ednea editorial, Gesfomedia desarrolla\u00a0<strong>material educativo para ni\u00f1os y material especializado en estimulaci\u00f3n cognitiva de adultos<\/strong><\/p>\n<ul>\n<li>\n<h2>Gesfomedia Educaci\u00f3n<\/h2>\n<p><strong>Gesfomedia Educaci\u00f3n<\/strong>\u00a0es la l\u00ednea editorial dedicada a la educaci\u00f3n de ni\u00f1os y adolescentes. Nace en 2007 para atender a las necesidades de\u00a0<strong>padres, educadores y dem\u00e1s profesionales<\/strong>, aportando material como complemento para la\u00a0<strong>mejora de la educaci\u00f3n y el aprendizaje<\/strong>.<\/li>\n<li>\n<h2>Talleres Cognitiva<\/h2>\n<p>Es la l\u00ednea editorial dedicada a la\u00a0<strong>estimulaci\u00f3n cognitiva para adultos<\/strong>. Este material nace para atender las necesidades de personas que presentan alg\u00fan tipo de\u00a0<strong>deterioro cognitivo<\/strong>\u00a0y es una \u00fatil herramienta\u00a0<strong>para terapeutas profesionales, cuidadores y familiares.<\/strong><\/li>\n<\/ul>\n<div>\u00a0<strong><em>Si desea saber m\u00e1s acerca del Grupo Gesfomedia, le envitamos a que acceda a nuestra web cooportativa y conozca nuestras diferentes \u00e1reas de negocio:\u00a0\u00a0<a title=\"Web coorporativa del Grupo Gesfomedia\" href=\"http:\/\/gesfomedia.com\/\" target=\"_blank\" rel=\"noopener\">www.gesfomedia.com<\/a><\/em><\/strong><\/div>\n<p><strong>O bien puede contactar con nosotros v\u00eda telef\u00f3nica en el\u00a0+34 \u00a091 530 53 85 \u00a0o trav\u00e9s de nuestro formulario de contacto.<\/strong><\/p>\n<\/div>\n","protected":false},"excerpt":{"rendered":"<p>Grupo Gesfomedia S.L. es la empresa creadora del portal www.mundoprimaria.com y dentro de este portal ejerce tambi\u00e9n su actividad como editorial vendiendo material educativo y did\u00e1ctico mediante su tienda OnLine: \u00a0www.mundoprimaria.com\/tienda El Grupo Gesfomedia\u00a0es una\u00a0empresa joven y din\u00e1mica\u00a0integrada por profesionales especializados en el mundo de la\u00a0educaci\u00f3n y las nuevas tecnolog\u00edas. Nuestro planteamiento estrategico se asienta &hellip;<\/p>\n","protected":false},"author":1,"featured_media":0,"parent":0,"menu_order":0,"comment_status":"closed","ping_status":"closed","template":"","meta":{"_acf_changed":false,"_monsterinsights_skip_tracking":false,"_monsterinsights_sitenote_active":false,"_monsterinsights_sitenote_note":"","_monsterinsights_sitenote_category":0,"footnotes":""},"class_list":["post-64427","page","type-page","status-publish","hentry"],"acf":[],"yoast_head":"<!-- This site is optimized with the Yoast SEO plugin v24.2 - https:\/\/yoast.com\/wordpress\/plugins\/seo\/ -->\n<title>Qui\u00e9nes somos - Tienda Mundo Primaria<\/title>\n<meta name=\"robots\" content=\"noindex, follow\" \/>\n<meta property=\"og:locale\" content=\"es_ES\" \/>\n<meta property=\"og:type\" content=\"article\" \/>\n<meta property=\"og:title\" content=\"Qui\u00e9nes somos - Tienda Mundo Primaria\" \/>\n<meta property=\"og:description\" content=\"Grupo Gesfomedia S.L. es la empresa creadora del portal www.mundoprimaria.com y dentro de este portal ejerce tambi\u00e9n su actividad como editorial vendiendo material educativo y did\u00e1ctico mediante su tienda OnLine: \u00a0www.mundoprimaria.com\/tienda El Grupo Gesfomedia\u00a0es una\u00a0empresa joven y din\u00e1mica\u00a0integrada por profesionales especializados en el mundo de la\u00a0educaci\u00f3n y las nuevas tecnolog\u00edas. Nuestro planteamiento estrategico se asienta &hellip;\" \/>\n<meta property=\"og:url\" content=\"https:\/\/www.mundoprimaria.com\/tienda\/quienes-somos\" \/>\n<meta property=\"og:site_name\" content=\"Tienda Mundo Primaria\" \/>\n<meta property=\"article:modified_time\" content=\"2017-11-13T08:29:21+00:00\" \/>\n<meta name=\"twitter:label1\" content=\"Tiempo de lectura\" \/>\n\t<meta name=\"twitter:data1\" content=\"2 minutos\" \/>\n<script type=\"application\/ld+json\" class=\"yoast-schema-graph\">{\"@context\":\"https:\/\/schema.org\",\"@graph\":[{\"@type\":\"WebPage\",\"@id\":\"https:\/\/www.mundoprimaria.com\/tienda\/quienes-somos\",\"url\":\"https:\/\/www.mundoprimaria.com\/tienda\/quienes-somos\",\"name\":\"Qui\u00e9nes somos - Tienda Mundo Primaria\",\"isPartOf\":{\"@id\":\"https:\/\/www.mundoprimaria.com\/tienda\/#website\"},\"datePublished\":\"2017-08-03T19:04:15+00:00\",\"dateModified\":\"2017-11-13T08:29:21+00:00\",\"breadcrumb\":{\"@id\":\"https:\/\/www.mundoprimaria.com\/tienda\/quienes-somos#breadcrumb\"},\"inLanguage\":\"es\",\"potentialAction\":[{\"@type\":\"ReadAction\",\"target\":[\"https:\/\/www.mundoprimaria.com\/tienda\/quienes-somos\"]}]},{\"@type\":\"BreadcrumbList\",\"@id\":\"https:\/\/www.mundoprimaria.com\/tienda\/quienes-somos#breadcrumb\",\"itemListElement\":[{\"@type\":\"ListItem\",\"position\":1,\"name\":\"Portada\",\"item\":\"https:\/\/www.mundoprimaria.com\/tienda\/\"},{\"@type\":\"ListItem\",\"position\":2,\"name\":\"Qui\u00e9nes somos\"}]},{\"@type\":\"WebSite\",\"@id\":\"https:\/\/www.mundoprimaria.com\/tienda\/#website\",\"url\":\"https:\/\/www.mundoprimaria.com\/tienda\/\",\"name\":\"Tienda Mundo Primaria\",\"description\":\"El portal para aprender jugando.\",\"potentialAction\":[{\"@type\":\"SearchAction\",\"target\":{\"@type\":\"EntryPoint\",\"urlTemplate\":\"https:\/\/www.mundoprimaria.com\/tienda\/?s={search_term_string}\"},\"query-input\":{\"@type\":\"PropertyValueSpecification\",\"valueRequired\":true,\"valueName\":\"search_term_string\"}}],\"inLanguage\":\"es\"}]}<\/script>\n<!-- \/ Yoast SEO plugin. -->","yoast_head_json":{"title":"Qui\u00e9nes somos - Tienda Mundo Primaria","robots":{"index":"noindex","follow":"follow"},"og_locale":"es_ES","og_type":"article","og_title":"Qui\u00e9nes somos - Tienda Mundo Primaria","og_description":"Grupo Gesfomedia S.L. es la empresa creadora del portal www.mundoprimaria.com y dentro de este portal ejerce tambi\u00e9n su actividad como editorial vendiendo material educativo y did\u00e1ctico mediante su tienda OnLine: \u00a0www.mundoprimaria.com\/tienda El Grupo Gesfomedia\u00a0es una\u00a0empresa joven y din\u00e1mica\u00a0integrada por profesionales especializados en el mundo de la\u00a0educaci\u00f3n y las nuevas tecnolog\u00edas. Nuestro planteamiento estrategico se asienta &hellip;","og_url":"https:\/\/www.mundoprimaria.com\/tienda\/quienes-somos","og_site_name":"Tienda Mundo Primaria","article_modified_time":"2017-11-13T08:29:21+00:00","twitter_misc":{"Tiempo de lectura":"2 minutos"},"schema":{"@context":"https:\/\/schema.org","@graph":[{"@type":"WebPage","@id":"https:\/\/www.mundoprimaria.com\/tienda\/quienes-somos","url":"https:\/\/www.mundoprimaria.com\/tienda\/quienes-somos","name":"Qui\u00e9nes somos - Tienda Mundo Primaria","isPartOf":{"@id":"https:\/\/www.mundoprimaria.com\/tienda\/#website"},"datePublished":"2017-08-03T19:04:15+00:00","dateModified":"2017-11-13T08:29:21+00:00","breadcrumb":{"@id":"https:\/\/www.mundoprimaria.com\/tienda\/quienes-somos#breadcrumb"},"inLanguage":"es","potentialAction":[{"@type":"ReadAction","target":["https:\/\/www.mundoprimaria.com\/tienda\/quienes-somos"]}]},{"@type":"BreadcrumbList","@id":"https:\/\/www.mundoprimaria.com\/tienda\/quienes-somos#breadcrumb","itemListElement":[{"@type":"ListItem","position":1,"name":"Portada","item":"https:\/\/www.mundoprimaria.com\/tienda\/"},{"@type":"ListItem","position":2,"name":"Qui\u00e9nes somos"}]},{"@type":"WebSite","@id":"https:\/\/www.mundoprimaria.com\/tienda\/#website","url":"https:\/\/www.mundoprimaria.com\/tienda\/","name":"Tienda Mundo Primaria","description":"El portal para aprender jugando.","potentialAction":[{"@type":"SearchAction","target":{"@type":"EntryPoint","urlTemplate":"https:\/\/www.mundoprimaria.com\/tienda\/?s={search_term_string}"},"query-input":{"@type":"PropertyValueSpecification","valueRequired":true,"valueName":"search_term_string"}}],"inLanguage":"es"}]}},"_links":{"self":[{"href":"https:\/\/www.mundoprimaria.com\/tienda\/wp-json\/wp\/v2\/pages\/64427","targetHints":{"allow":["GET"]}}],"collection":[{"href":"https:\/\/www.mundoprimaria.com\/tienda\/wp-json\/wp\/v2\/pages"}],"about":[{"href":"https:\/\/www.mundoprimaria.com\/tienda\/wp-json\/wp\/v2\/types\/page"}],"author":[{"embeddable":true,"href":"https:\/\/www.mundoprimaria.com\/tienda\/wp-json\/wp\/v2\/users\/1"}],"replies":[{"embeddable":true,"href":"https:\/\/www.mundoprimaria.com\/tienda\/wp-json\/wp\/v2\/comments?post=64427"}],"version-history":[{"count":1,"href":"https:\/\/www.mundoprimaria.com\/tienda\/wp-json\/wp\/v2\/pages\/64427\/revisions"}],"predecessor-version":[{"id":64428,"href":"https:\/\/www.mundoprimaria.com\/tienda\/wp-json\/wp\/v2\/pages\/64427\/revisions\/64428"}],"wp:attachment":[{"href":"https:\/\/www.mundoprimaria.com\/tienda\/wp-json\/wp\/v2\/media?parent=64427"}],"curies":[{"name":"wp","href":"https:\/\/api.w.org\/{rel}","templated":true}]}}