

{"id":64239,"date":"2017-07-26T12:05:19","date_gmt":"2017-07-26T10:05:19","guid":{"rendered":"http:\/\/www.mundoprimaria.com\/tienda\/?page_id=64239"},"modified":"2021-02-18T11:52:29","modified_gmt":"2021-02-18T10:52:29","slug":"entregas","status":"publish","type":"page","link":"https:\/\/www.mundoprimaria.com\/tienda\/entregas","title":{"rendered":"Pol\u00edtica de entregas"},"content":{"rendered":"<div class=\"rte\">\n<p><strong>POL\u00cdTICA DE ENTREGA Y TRANSPORTE DE GRUPO GESFOMEDIA<\/strong><\/p>\n<p><strong>1.- La entrega del material se realizar\u00e1 a trav\u00e9s de mensajer\u00eda:<\/strong><\/p>\n<p>El pedido ser\u00e1 entregado en su domicilio.<\/p>\n<p><strong>2.- Es muy importante indicar el n\u00famero de tel\u00e9fono del destinatario para facilitar la entrega al transportista.<\/strong><\/p>\n<p><strong>3.- No enviamos mercanc\u00eda a apartado de correos.<\/strong><\/p>\n<p><strong>4.-Plazos de entrega:<\/strong><\/p>\n<p>El plazo de entrega depende de la situaci\u00f3n Geogr\u00e1fica. En nuestra tienda, ponemos a su disposici\u00f3n las siguientes opciones, seg\u00fan su situaci\u00f3n Geogr\u00e1fica:<\/p>\n<p><strong>\u00a0ESPA\u00d1A<\/strong><\/p>\n<p>El pedido normalmente se servir\u00e1 en un plazo m\u00e1ximo de 8 d\u00edas h\u00e1biles, excluyendo s\u00e1bados, domingos y festivos, en horario de 8 a 19 horas, en el domicilio que se ha especificado en el pedido para la entrega. Para las islas Canarias el plazo ser\u00e1 de un m\u00e1ximo de 10 d\u00edas h\u00e1biles, excluyendo s\u00e1bados, domingos y festivos.<\/p>\n<p>El gasto de env\u00edo ser\u00e1 el especificado a la hora de realizar el pedido y queda ya incluido en el precio del pedido.<\/p>\n<p><strong>OTROS PA\u00cdSES<\/strong><\/p>\n<p>El plazo de entrega es de como m\u00e1ximo 10 d\u00edas h\u00e1biles excluyendo s\u00e1bados, domingos y festivos.<\/p>\n<\/div>\n","protected":false},"excerpt":{"rendered":"<p>POL\u00cdTICA DE ENTREGA Y TRANSPORTE DE GRUPO GESFOMEDIA 1.- La entrega del material se realizar\u00e1 a trav\u00e9s de mensajer\u00eda: El pedido ser\u00e1 entregado en su domicilio. 2.- Es muy importante indicar el n\u00famero de tel\u00e9fono del destinatario para facilitar la entrega al transportista. 3.- No enviamos mercanc\u00eda a apartado de correos. 4.-Plazos de entrega: El &hellip;<\/p>\n","protected":false},"author":1,"featured_media":0,"parent":0,"menu_order":0,"comment_status":"closed","ping_status":"closed","template":"","meta":{"_acf_changed":false,"_monsterinsights_skip_tracking":false,"_monsterinsights_sitenote_active":false,"_monsterinsights_sitenote_note":"","_monsterinsights_sitenote_category":0,"footnotes":""},"class_list":["post-64239","page","type-page","status-publish","hentry"],"acf":[],"yoast_head":"<!-- This site is optimized with the Yoast SEO plugin v24.2 - https:\/\/yoast.com\/wordpress\/plugins\/seo\/ -->\n<title>Pol\u00edtica de entregas - Tienda Mundo Primaria<\/title>\n<meta name=\"robots\" content=\"noindex, nofollow\" \/>\n<meta property=\"og:locale\" content=\"es_ES\" \/>\n<meta property=\"og:type\" content=\"article\" \/>\n<meta property=\"og:title\" content=\"Pol\u00edtica de entregas - Tienda Mundo Primaria\" \/>\n<meta property=\"og:description\" content=\"POL\u00cdTICA DE ENTREGA Y TRANSPORTE DE GRUPO GESFOMEDIA 1.- La entrega del material se realizar\u00e1 a trav\u00e9s de mensajer\u00eda: El pedido ser\u00e1 entregado en su domicilio. 2.- Es muy importante indicar el n\u00famero de tel\u00e9fono del destinatario para facilitar la entrega al transportista. 3.- No enviamos mercanc\u00eda a apartado de correos. 4.-Plazos de entrega: El &hellip;\" \/>\n<meta property=\"og:url\" content=\"https:\/\/www.mundoprimaria.com\/tienda\/entregas\" \/>\n<meta property=\"og:site_name\" content=\"Tienda Mundo Primaria\" \/>\n<meta property=\"article:modified_time\" content=\"2021-02-18T10:52:29+00:00\" \/>\n<meta name=\"twitter:label1\" content=\"Tiempo de lectura\" \/>\n\t<meta name=\"twitter:data1\" content=\"1 minuto\" \/>\n<script type=\"application\/ld+json\" class=\"yoast-schema-graph\">{\"@context\":\"https:\/\/schema.org\",\"@graph\":[{\"@type\":\"WebPage\",\"@id\":\"https:\/\/www.mundoprimaria.com\/tienda\/entregas\",\"url\":\"https:\/\/www.mundoprimaria.com\/tienda\/entregas\",\"name\":\"Pol\u00edtica de entregas - Tienda Mundo Primaria\",\"isPartOf\":{\"@id\":\"https:\/\/www.mundoprimaria.com\/tienda\/#website\"},\"datePublished\":\"2017-07-26T10:05:19+00:00\",\"dateModified\":\"2021-02-18T10:52:29+00:00\",\"breadcrumb\":{\"@id\":\"https:\/\/www.mundoprimaria.com\/tienda\/entregas#breadcrumb\"},\"inLanguage\":\"es\",\"potentialAction\":[{\"@type\":\"ReadAction\",\"target\":[\"https:\/\/www.mundoprimaria.com\/tienda\/entregas\"]}]},{\"@type\":\"BreadcrumbList\",\"@id\":\"https:\/\/www.mundoprimaria.com\/tienda\/entregas#breadcrumb\",\"itemListElement\":[{\"@type\":\"ListItem\",\"position\":1,\"name\":\"Portada\",\"item\":\"https:\/\/www.mundoprimaria.com\/tienda\/\"},{\"@type\":\"ListItem\",\"position\":2,\"name\":\"Pol\u00edtica de entregas\"}]},{\"@type\":\"WebSite\",\"@id\":\"https:\/\/www.mundoprimaria.com\/tienda\/#website\",\"url\":\"https:\/\/www.mundoprimaria.com\/tienda\/\",\"name\":\"Tienda Mundo Primaria\",\"description\":\"El portal para aprender jugando.\",\"potentialAction\":[{\"@type\":\"SearchAction\",\"target\":{\"@type\":\"EntryPoint\",\"urlTemplate\":\"https:\/\/www.mundoprimaria.com\/tienda\/?s={search_term_string}\"},\"query-input\":{\"@type\":\"PropertyValueSpecification\",\"valueRequired\":true,\"valueName\":\"search_term_string\"}}],\"inLanguage\":\"es\"}]}<\/script>\n<!-- \/ Yoast SEO plugin. -->","yoast_head_json":{"title":"Pol\u00edtica de entregas - Tienda Mundo Primaria","robots":{"index":"noindex","follow":"nofollow"},"og_locale":"es_ES","og_type":"article","og_title":"Pol\u00edtica de entregas - Tienda Mundo Primaria","og_description":"POL\u00cdTICA DE ENTREGA Y TRANSPORTE DE GRUPO GESFOMEDIA 1.- La entrega del material se realizar\u00e1 a trav\u00e9s de mensajer\u00eda: El pedido ser\u00e1 entregado en su domicilio. 2.- Es muy importante indicar el n\u00famero de tel\u00e9fono del destinatario para facilitar la entrega al transportista. 3.- No enviamos mercanc\u00eda a apartado de correos. 4.-Plazos de entrega: El &hellip;","og_url":"https:\/\/www.mundoprimaria.com\/tienda\/entregas","og_site_name":"Tienda Mundo Primaria","article_modified_time":"2021-02-18T10:52:29+00:00","twitter_misc":{"Tiempo de lectura":"1 minuto"},"schema":{"@context":"https:\/\/schema.org","@graph":[{"@type":"WebPage","@id":"https:\/\/www.mundoprimaria.com\/tienda\/entregas","url":"https:\/\/www.mundoprimaria.com\/tienda\/entregas","name":"Pol\u00edtica de entregas - Tienda Mundo Primaria","isPartOf":{"@id":"https:\/\/www.mundoprimaria.com\/tienda\/#website"},"datePublished":"2017-07-26T10:05:19+00:00","dateModified":"2021-02-18T10:52:29+00:00","breadcrumb":{"@id":"https:\/\/www.mundoprimaria.com\/tienda\/entregas#breadcrumb"},"inLanguage":"es","potentialAction":[{"@type":"ReadAction","target":["https:\/\/www.mundoprimaria.com\/tienda\/entregas"]}]},{"@type":"BreadcrumbList","@id":"https:\/\/www.mundoprimaria.com\/tienda\/entregas#breadcrumb","itemListElement":[{"@type":"ListItem","position":1,"name":"Portada","item":"https:\/\/www.mundoprimaria.com\/tienda\/"},{"@type":"ListItem","position":2,"name":"Pol\u00edtica de entregas"}]},{"@type":"WebSite","@id":"https:\/\/www.mundoprimaria.com\/tienda\/#website","url":"https:\/\/www.mundoprimaria.com\/tienda\/","name":"Tienda Mundo Primaria","description":"El portal para aprender jugando.","potentialAction":[{"@type":"SearchAction","target":{"@type":"EntryPoint","urlTemplate":"https:\/\/www.mundoprimaria.com\/tienda\/?s={search_term_string}"},"query-input":{"@type":"PropertyValueSpecification","valueRequired":true,"valueName":"search_term_string"}}],"inLanguage":"es"}]}},"_links":{"self":[{"href":"https:\/\/www.mundoprimaria.com\/tienda\/wp-json\/wp\/v2\/pages\/64239","targetHints":{"allow":["GET"]}}],"collection":[{"href":"https:\/\/www.mundoprimaria.com\/tienda\/wp-json\/wp\/v2\/pages"}],"about":[{"href":"https:\/\/www.mundoprimaria.com\/tienda\/wp-json\/wp\/v2\/types\/page"}],"author":[{"embeddable":true,"href":"https:\/\/www.mundoprimaria.com\/tienda\/wp-json\/wp\/v2\/users\/1"}],"replies":[{"embeddable":true,"href":"https:\/\/www.mundoprimaria.com\/tienda\/wp-json\/wp\/v2\/comments?post=64239"}],"version-history":[{"count":9,"href":"https:\/\/www.mundoprimaria.com\/tienda\/wp-json\/wp\/v2\/pages\/64239\/revisions"}],"predecessor-version":[{"id":68793,"href":"https:\/\/www.mundoprimaria.com\/tienda\/wp-json\/wp\/v2\/pages\/64239\/revisions\/68793"}],"wp:attachment":[{"href":"https:\/\/www.mundoprimaria.com\/tienda\/wp-json\/wp\/v2\/media?parent=64239"}],"curies":[{"name":"wp","href":"https:\/\/api.w.org\/{rel}","templated":true}]}}