

{"id":64226,"date":"2017-07-25T20:53:28","date_gmt":"2017-07-25T18:53:28","guid":{"rendered":"http:\/\/www.mundoprimaria.com\/tienda\/?page_id=64226"},"modified":"2018-03-16T13:18:56","modified_gmt":"2018-03-16T12:18:56","slug":"politica-de-devoluciones","status":"publish","type":"page","link":"https:\/\/www.mundoprimaria.com\/tienda\/politica-de-devoluciones","title":{"rendered":"Pol\u00edtica de devoluciones"},"content":{"rendered":"<p><strong>POL\u00cdTICA DE DEVOLUCIONES DE GRUPO GESFOMEDIA:<\/strong><\/p>\n<p>1.- El cliente debe comprobar que el pedido le ha llegado en perfectas condiciones en el momento en el cual lo reciba, en caso de que no sea correcto, deber\u00e1 reflejarlo por escrito en el albar\u00e1n de entrega del transportista.<\/p>\n<p>Para admitir reclamaciones debe hacerlo as\u00ed: por escrito al E-mail\u00a0\u00a0<a href=\"mailto:tienda@gesfomedia.com\">tienda@gesfomedia.com<\/a>\u00a0 , adjuntando al\u00a0 albar\u00e1n de entrega.<\/p>\n<p>2. Se admite el tr\u00e1mite de devoluci\u00f3n por deterioro del producto si este ha sido deteriorado por motivos de impresi\u00f3n.<\/p>\n<p>3.- El cliente debe comprobar que la mercanc\u00eda que le llegue tras la compra corresponde con la solicitada y si esta no fuese la correcta, puede contactar con nosotros en\u00a0<a href=\"mailto:tienda@gesfomedia.com\">tienda@gesfomedia.com<\/a>. En el menor plazo posible nos pondremos en contacto con usted para gestionar el nuevo env\u00edo.<\/p>\n<p>4.- Si alg\u00fan producto llegara deteriorado a causa del transporte, le enviaremos uno nuevo; sin cargo adicional.<\/p>\n<p>5.- Si alguno de los productos no corresponde con su compra realizada a trav\u00e9s de nuestra web, le enviaremos los productos correctos. Grupo Gesfomedia se har\u00e1 cargo de los costes de transporte extra que puedan generarse.<\/p>\n<p>6.- En caso de producto defectuoso, el vendedor deber\u00e1 proceder, seg\u00fan corresponda, a la reparaci\u00f3n, sustituci\u00f3n, rebaja del precio o resoluci\u00f3n del contrato, gestiones que ser\u00e1n gratuitas para el consumidor y usuario. El vendedor responde de las faltas de conformidad que se manifiesten en un plazo de dos a\u00f1os desde la entrega. El consumidor y usuario deber\u00e1 informar al vendedor de la falta de conformidad en el plazo de dos meses desde que tuvo conocimiento de ella. Existe una garant\u00eda legal de conformidad para los bienes, la existencia y las condiciones de los servicios posventa y las garant\u00edas comerciales.<\/p>\n<p>7.- El derecho de desistimiento se podr\u00e1 ejercer y el Cliente dispondr\u00e1 de un plazo de 14 d\u00edas naturales desde la recepci\u00f3n del producto. Si desea ejercer este derecho puede descargarse el documento en este\u00a0<a href=\"http:\/\/mundoprimaria.com\/tienda\/formulario-desistimiento.pdf\" target=\"_blank\" rel=\"noopener\">enlace<\/a>\u00a0y una vez cumplimentado y firmado, hac\u00e9rnoslo llegar por correo postal o electr\u00f3nico (ver direcciones en dicho documento).<\/p>\n","protected":false},"excerpt":{"rendered":"<p>POL\u00cdTICA DE DEVOLUCIONES DE GRUPO GESFOMEDIA: 1.- El cliente debe comprobar que el pedido le ha llegado en perfectas condiciones en el momento en el cual lo reciba, en caso de que no sea correcto, deber\u00e1 reflejarlo por escrito en el albar\u00e1n de entrega del transportista. Para admitir reclamaciones debe hacerlo as\u00ed: por escrito al &hellip;<\/p>\n","protected":false},"author":1,"featured_media":0,"parent":0,"menu_order":0,"comment_status":"closed","ping_status":"closed","template":"","meta":{"_acf_changed":false,"_monsterinsights_skip_tracking":false,"_monsterinsights_sitenote_active":false,"_monsterinsights_sitenote_note":"","_monsterinsights_sitenote_category":0,"footnotes":""},"class_list":["post-64226","page","type-page","status-publish","hentry"],"acf":[],"yoast_head":"<!-- This site is optimized with the Yoast SEO plugin v24.2 - https:\/\/yoast.com\/wordpress\/plugins\/seo\/ -->\n<title>Pol\u00edtica de devoluciones - Tienda Mundo Primaria<\/title>\n<meta name=\"robots\" content=\"noindex, nofollow\" \/>\n<meta property=\"og:locale\" content=\"es_ES\" \/>\n<meta property=\"og:type\" content=\"article\" \/>\n<meta property=\"og:title\" content=\"Pol\u00edtica de devoluciones - Tienda Mundo Primaria\" \/>\n<meta property=\"og:description\" content=\"POL\u00cdTICA DE DEVOLUCIONES DE GRUPO GESFOMEDIA: 1.- El cliente debe comprobar que el pedido le ha llegado en perfectas condiciones en el momento en el cual lo reciba, en caso de que no sea correcto, deber\u00e1 reflejarlo por escrito en el albar\u00e1n de entrega del transportista. Para admitir reclamaciones debe hacerlo as\u00ed: por escrito al &hellip;\" \/>\n<meta property=\"og:url\" content=\"https:\/\/www.mundoprimaria.com\/tienda\/politica-de-devoluciones\" \/>\n<meta property=\"og:site_name\" content=\"Tienda Mundo Primaria\" \/>\n<meta property=\"article:modified_time\" content=\"2018-03-16T12:18:56+00:00\" \/>\n<meta name=\"twitter:label1\" content=\"Tiempo de lectura\" \/>\n\t<meta name=\"twitter:data1\" content=\"2 minutos\" \/>\n<script type=\"application\/ld+json\" class=\"yoast-schema-graph\">{\"@context\":\"https:\/\/schema.org\",\"@graph\":[{\"@type\":\"WebPage\",\"@id\":\"https:\/\/www.mundoprimaria.com\/tienda\/politica-de-devoluciones\",\"url\":\"https:\/\/www.mundoprimaria.com\/tienda\/politica-de-devoluciones\",\"name\":\"Pol\u00edtica de devoluciones - Tienda Mundo Primaria\",\"isPartOf\":{\"@id\":\"https:\/\/www.mundoprimaria.com\/tienda\/#website\"},\"datePublished\":\"2017-07-25T18:53:28+00:00\",\"dateModified\":\"2018-03-16T12:18:56+00:00\",\"breadcrumb\":{\"@id\":\"https:\/\/www.mundoprimaria.com\/tienda\/politica-de-devoluciones#breadcrumb\"},\"inLanguage\":\"es\",\"potentialAction\":[{\"@type\":\"ReadAction\",\"target\":[\"https:\/\/www.mundoprimaria.com\/tienda\/politica-de-devoluciones\"]}]},{\"@type\":\"BreadcrumbList\",\"@id\":\"https:\/\/www.mundoprimaria.com\/tienda\/politica-de-devoluciones#breadcrumb\",\"itemListElement\":[{\"@type\":\"ListItem\",\"position\":1,\"name\":\"Portada\",\"item\":\"https:\/\/www.mundoprimaria.com\/tienda\/\"},{\"@type\":\"ListItem\",\"position\":2,\"name\":\"Pol\u00edtica de devoluciones\"}]},{\"@type\":\"WebSite\",\"@id\":\"https:\/\/www.mundoprimaria.com\/tienda\/#website\",\"url\":\"https:\/\/www.mundoprimaria.com\/tienda\/\",\"name\":\"Tienda Mundo Primaria\",\"description\":\"El portal para aprender jugando.\",\"potentialAction\":[{\"@type\":\"SearchAction\",\"target\":{\"@type\":\"EntryPoint\",\"urlTemplate\":\"https:\/\/www.mundoprimaria.com\/tienda\/?s={search_term_string}\"},\"query-input\":{\"@type\":\"PropertyValueSpecification\",\"valueRequired\":true,\"valueName\":\"search_term_string\"}}],\"inLanguage\":\"es\"}]}<\/script>\n<!-- \/ Yoast SEO plugin. -->","yoast_head_json":{"title":"Pol\u00edtica de devoluciones - Tienda Mundo Primaria","robots":{"index":"noindex","follow":"nofollow"},"og_locale":"es_ES","og_type":"article","og_title":"Pol\u00edtica de devoluciones - Tienda Mundo Primaria","og_description":"POL\u00cdTICA DE DEVOLUCIONES DE GRUPO GESFOMEDIA: 1.- El cliente debe comprobar que el pedido le ha llegado en perfectas condiciones en el momento en el cual lo reciba, en caso de que no sea correcto, deber\u00e1 reflejarlo por escrito en el albar\u00e1n de entrega del transportista. Para admitir reclamaciones debe hacerlo as\u00ed: por escrito al &hellip;","og_url":"https:\/\/www.mundoprimaria.com\/tienda\/politica-de-devoluciones","og_site_name":"Tienda Mundo Primaria","article_modified_time":"2018-03-16T12:18:56+00:00","twitter_misc":{"Tiempo de lectura":"2 minutos"},"schema":{"@context":"https:\/\/schema.org","@graph":[{"@type":"WebPage","@id":"https:\/\/www.mundoprimaria.com\/tienda\/politica-de-devoluciones","url":"https:\/\/www.mundoprimaria.com\/tienda\/politica-de-devoluciones","name":"Pol\u00edtica de devoluciones - Tienda Mundo Primaria","isPartOf":{"@id":"https:\/\/www.mundoprimaria.com\/tienda\/#website"},"datePublished":"2017-07-25T18:53:28+00:00","dateModified":"2018-03-16T12:18:56+00:00","breadcrumb":{"@id":"https:\/\/www.mundoprimaria.com\/tienda\/politica-de-devoluciones#breadcrumb"},"inLanguage":"es","potentialAction":[{"@type":"ReadAction","target":["https:\/\/www.mundoprimaria.com\/tienda\/politica-de-devoluciones"]}]},{"@type":"BreadcrumbList","@id":"https:\/\/www.mundoprimaria.com\/tienda\/politica-de-devoluciones#breadcrumb","itemListElement":[{"@type":"ListItem","position":1,"name":"Portada","item":"https:\/\/www.mundoprimaria.com\/tienda\/"},{"@type":"ListItem","position":2,"name":"Pol\u00edtica de devoluciones"}]},{"@type":"WebSite","@id":"https:\/\/www.mundoprimaria.com\/tienda\/#website","url":"https:\/\/www.mundoprimaria.com\/tienda\/","name":"Tienda Mundo Primaria","description":"El portal para aprender jugando.","potentialAction":[{"@type":"SearchAction","target":{"@type":"EntryPoint","urlTemplate":"https:\/\/www.mundoprimaria.com\/tienda\/?s={search_term_string}"},"query-input":{"@type":"PropertyValueSpecification","valueRequired":true,"valueName":"search_term_string"}}],"inLanguage":"es"}]}},"_links":{"self":[{"href":"https:\/\/www.mundoprimaria.com\/tienda\/wp-json\/wp\/v2\/pages\/64226","targetHints":{"allow":["GET"]}}],"collection":[{"href":"https:\/\/www.mundoprimaria.com\/tienda\/wp-json\/wp\/v2\/pages"}],"about":[{"href":"https:\/\/www.mundoprimaria.com\/tienda\/wp-json\/wp\/v2\/types\/page"}],"author":[{"embeddable":true,"href":"https:\/\/www.mundoprimaria.com\/tienda\/wp-json\/wp\/v2\/users\/1"}],"replies":[{"embeddable":true,"href":"https:\/\/www.mundoprimaria.com\/tienda\/wp-json\/wp\/v2\/comments?post=64226"}],"version-history":[{"count":5,"href":"https:\/\/www.mundoprimaria.com\/tienda\/wp-json\/wp\/v2\/pages\/64226\/revisions"}],"predecessor-version":[{"id":65452,"href":"https:\/\/www.mundoprimaria.com\/tienda\/wp-json\/wp\/v2\/pages\/64226\/revisions\/65452"}],"wp:attachment":[{"href":"https:\/\/www.mundoprimaria.com\/tienda\/wp-json\/wp\/v2\/media?parent=64226"}],"curies":[{"name":"wp","href":"https:\/\/api.w.org\/{rel}","templated":true}]}}